{"id":908,"date":"2024-12-30T13:00:18","date_gmt":"2024-12-30T13:00:18","guid":{"rendered":"https:\/\/beewebs.com\/?page_id=908"},"modified":"2024-12-30T13:00:19","modified_gmt":"2024-12-30T13:00:19","slug":"dmca","status":"publish","type":"page","link":"https:\/\/beewebs.com\/sv\/dmca\/","title":{"rendered":"DMCA"},"content":{"rendered":"<h3 class=\"wp-block-heading\">Digital Millennium Copyright Act Policy<\/h3>\n\n\n\n<p>V\u00e4lkommen till (\u201dBeeWebs.com\u201d). Vi respekterar andras immateriella r\u00e4ttigheter precis som vi f\u00f6rv\u00e4ntar oss att andra ska respektera v\u00e5ra r\u00e4ttigheter. I enlighet med Digital Millennium Copyright Act, Title 17, United States Code, Section 512(c), kan en upphovsr\u00e4tts\u00e4gare eller dennes agent skicka ett meddelande om borttagning till oss via v\u00e5r DMCA-agent som anges nedan. Som internetleverant\u00f6r har vi r\u00e4tt att g\u00f6ra anspr\u00e5k p\u00e5 immunitet fr\u00e5n n\u00e4mnda intr\u00e5ngsanspr\u00e5k i enlighet med &quot;safe harbor&quot;-best\u00e4mmelserna i DMCA. F\u00f6r att l\u00e4mna in ett anspr\u00e5k p\u00e5 intr\u00e5ng i god tro till oss m\u00e5ste du skicka ett meddelande till oss som anger f\u00f6ljande information:<\/p>\n\n\n\n<p><strong>Anm\u00e4lan om intr\u00e5ng \u2013 Anspr\u00e5k<\/strong><\/p>\n\n\n\n<p>1. En fysisk eller elektronisk signatur fr\u00e5n upphovsr\u00e4ttsinnehavaren (eller n\u00e5gon som \u00e4r beh\u00f6rig att agera p\u00e5 uppdrag av \u00e4garen);<br>2. Identifiering av det upphovsr\u00e4ttsskyddade verk som p\u00e5st\u00e5s ha gjorts intr\u00e5ng;<br>3. Identifiering av det intr\u00e5ngsmaterial som ska tas bort och information som rimligen \u00e4r tillr\u00e4cklig f\u00f6r att tj\u00e4nsteleverant\u00f6ren ska kunna hitta materialet. [Skicka in webbadressen till sidan i fr\u00e5ga f\u00f6r att hj\u00e4lpa oss att identifiera det p\u00e5st\u00e5dda kr\u00e4nkande arbetet];<br>4. Information som rimligen \u00e4r tillr\u00e4cklig f\u00f6r att till\u00e5ta tj\u00e4nsteleverant\u00f6ren att kontakta den klagande parten inklusive ditt namn, fysiska adress, e-postadress, telefonnummer och faxnummer;<br>5. Ett uttalande om att den klagande parten i god tro tror att anv\u00e4ndningen av materialet \u00e4r obeh\u00f6rig av upphovsr\u00e4ttsagenten; och<br>6. Ett uttalande om att informationen i meddelandet \u00e4r korrekt och att den klagande parten har r\u00e4tt att agera p\u00e5 upphovsr\u00e4ttsinnehavarens v\u00e4gnar.<\/p>\n\n\n\n<p>Avdelning 17 USC \u00a7512(f) ger civila skadest\u00e5ndsp\u00e5f\u00f6ljder, inklusive kostnader och advokatarvoden, mot varje person som medvetet och materiellt felaktigt framst\u00e4ller viss information i en anm\u00e4lan om intr\u00e5ng enligt 17 USC \u00a7512(c)(3).<\/p>\n\n\n\n<p>Skicka alla meddelanden om borttagning via v\u00e5r kontaktsida. V\u00e4nligen skicka via e-post f\u00f6r omedelbar uppm\u00e4rksamhet.<\/p>\n\n\n\n<p>Observera att vi kan dela identiteten och informationen i alla anspr\u00e5k p\u00e5 upphovsr\u00e4ttsintr\u00e5ng som vi tar emot med den p\u00e5st\u00e5dda intr\u00e5ngsmannen. N\u00e4r du skickar in ett anspr\u00e5k f\u00f6rst\u00e5r, accepterar och samtycker du till att din identitet och anspr\u00e5k kan kommuniceras till den p\u00e5st\u00e5dda intr\u00e5ngsmannen.<\/p>\n\n\n\n<p><strong>Bestridande av anm\u00e4lan \u2013 \u00c5terst\u00e4llande av material<\/strong><\/p>\n\n\n\n<p>Om du har f\u00e5tt ett meddelande om att material har tagits bort p\u00e5 grund av ett anspr\u00e5k p\u00e5 upphovsr\u00e4ttsintr\u00e5ng, kan du ge oss ett bestridande av anm\u00e4lan i ett f\u00f6rs\u00f6k att f\u00e5 materialet i fr\u00e5ga att \u00e5terst\u00e4lla till webbplatsen. N\u00e4mnda meddelande m\u00e5ste l\u00e4mnas skriftligen till v\u00e5rt DMCA-ombud och m\u00e5ste inneh\u00e5lla v\u00e4sentligen f\u00f6ljande delar i enlighet med 17 USC Section 512(g)(3):<\/p>\n\n\n\n<p>1. Din fysiska eller elektroniska signatur.<br>2. En beskrivning av materialet som har tagits ner och den ursprungliga platsen f\u00f6r materialet innan det togs ner.<br>3. Ett uttalande under straff f\u00f6r mened att du i god tro tror att materialet togs bort eller inaktiverades som ett resultat av misstag eller felaktig identifiering av materialet som ska tas bort eller inaktiveras.<br>4. Ditt namn, adress och telefonnummer och ett uttalande om att du samtycker till jurisdiktionen f\u00f6r den federala distriktsdomstolen f\u00f6r det r\u00e4ttsdistrikt d\u00e4r adressen \u00e4r bel\u00e4gen (eller om du \u00e4r utanf\u00f6r USA, att du samtycker till jurisdiktionen f\u00f6r alla r\u00e4ttsdistrikt d\u00e4r tj\u00e4nsteleverant\u00f6ren kan finnas) och att du accepterar delgivning av processer fr\u00e5n den person eller f\u00f6retaget som inte l\u00e4mnade originalet.<br>5. Skicka ditt bestridande via v\u00e5r kontaktsida. E-post rekommenderas starkt.<\/p>\n\n\n\n<p><strong>Policy f\u00f6r upprepad intr\u00e5ng<\/strong><\/p>\n\n\n\n<p>Vi tar upphovsr\u00e4ttsintr\u00e5ng p\u00e5 st\u00f6rsta allvar. I enlighet med policykraven f\u00f6r upprepade intr\u00e5ng i Digital Millennium Copyright Act, uppr\u00e4tth\u00e5ller vi en lista \u00f6ver DMCA-meddelanden fr\u00e5n upphovsr\u00e4ttsinnehavare och g\u00f6r ett gott f\u00f6rs\u00f6k att identifiera eventuella upprepade intr\u00e5ng. De som bryter mot v\u00e5r interna policy f\u00f6r upprepade intr\u00e5ng kommer att f\u00e5 sina konton avslutade.<\/p>\n\n\n\n<p><strong>\u00c4ndringar<\/strong><\/p>\n\n\n\n<p>Vi f\u00f6rbeh\u00e5ller oss r\u00e4tten att n\u00e4r som helst \u00e4ndra inneh\u00e5llet p\u00e5 denna sida och dess policy f\u00f6r hantering av DMCA-anspr\u00e5k, oavsett anledning. Du uppmanas att komma tillbaka f\u00f6r att granska denna policy ofta f\u00f6r eventuella \u00e4ndringar.<\/p>","protected":false},"excerpt":{"rendered":"<p>Digital Millennium Copyright Act Policy Welcome to (the \u201dBeeWebs.com\u201d).We respect the intellectual property rights of others just as we expect [&hellip;]<\/p>","protected":false},"author":97,"featured_media":0,"parent":0,"menu_order":0,"comment_status":"closed","ping_status":"closed","template":"","meta":{"_uag_custom_page_level_css":"","site-sidebar-layout":"default","site-content-layout":"","ast-site-content-layout":"default","site-content-style":"default","site-sidebar-style":"default","ast-global-header-display":"","ast-banner-title-visibility":"","ast-main-header-display":"","ast-hfb-above-header-display":"","ast-hfb-below-header-display":"","ast-hfb-mobile-header-display":"","site-post-title":"","ast-breadcrumbs-content":"","ast-featured-img":"","footer-sml-layout":"","theme-transparent-header-meta":"","adv-header-id-meta":"","stick-header-meta":"","header-above-stick-meta":"","header-main-stick-meta":"","header-below-stick-meta":"","astra-migrate-meta-layouts":"set","ast-page-background-enabled":"default","ast-page-background-meta":{"desktop":{"background-color":"var(--ast-global-color-4)","background-image":"","background-repeat":"repeat","background-position":"center center","background-size":"auto","background-attachment":"scroll","background-type":"","background-media":"","overlay-type":"","overlay-color":"","overlay-opacity":"","overlay-gradient":""},"tablet":{"background-color":"","background-image":"","background-repeat":"repeat","background-position":"center center","background-size":"auto","background-attachment":"scroll","background-type":"","background-media":"","overlay-type":"","overlay-color":"","overlay-opacity":"","overlay-gradient":""},"mobile":{"background-color":"","background-image":"","background-repeat":"repeat","background-position":"center center","background-size":"auto","background-attachment":"scroll","background-type":"","background-media":"","overlay-type":"","overlay-color":"","overlay-opacity":"","overlay-gradient":""}},"ast-content-background-meta":{"desktop":{"background-color":"var(--ast-global-color-5)","background-image":"","background-repeat":"repeat","background-position":"center center","background-size":"auto","background-attachment":"scroll","background-type":"","background-media":"","overlay-type":"","overlay-color":"","overlay-opacity":"","overlay-gradient":""},"tablet":{"background-color":"var(--ast-global-color-5)","background-image":"","background-repeat":"repeat","background-position":"center center","background-size":"auto","background-attachment":"scroll","background-type":"","background-media":"","overlay-type":"","overlay-color":"","overlay-opacity":"","overlay-gradient":""},"mobile":{"background-color":"var(--ast-global-color-5)","background-image":"","background-repeat":"repeat","background-position":"center center","background-size":"auto","background-attachment":"scroll","background-type":"","background-media":"","overlay-type":"","overlay-color":"","overlay-opacity":"","overlay-gradient":""}},"footnotes":""},"yoast_head":"<!-- This site is optimized with the Yoast SEO plugin v23.3 - https:\/\/yoast.com\/wordpress\/plugins\/seo\/ -->\n<title>DMCA - BeeWebs<\/title>\n<meta name=\"robots\" content=\"index, follow, max-snippet:-1, max-image-preview:large, max-video-preview:-1\" \/>\n<link rel=\"canonical\" href=\"https:\/\/beewebs.com\/sv\/dmca\/\" \/>\n<meta property=\"og:locale\" content=\"sv_SE\" \/>\n<meta property=\"og:type\" content=\"article\" \/>\n<meta property=\"og:title\" content=\"DMCA - BeeWebs\" \/>\n<meta property=\"og:description\" content=\"Digital Millennium Copyright Act Policy Welcome to (the \u201dBeeWebs.com\u201d).We respect the intellectual property rights of others just as we expect [&hellip;]\" \/>\n<meta property=\"og:url\" content=\"https:\/\/beewebs.com\/sv\/dmca\/\" \/>\n<meta property=\"og:site_name\" content=\"BeeWebs\" \/>\n<meta property=\"article:modified_time\" content=\"2024-12-30T13:00:19+00:00\" \/>\n<meta name=\"twitter:card\" content=\"summary_large_image\" \/>\n<meta name=\"twitter:label1\" content=\"Est. reading time\" \/>\n\t<meta name=\"twitter:data1\" content=\"3 minuter\" \/>\n<script type=\"application\/ld+json\" class=\"yoast-schema-graph\">{\"@context\":\"https:\/\/schema.org\",\"@graph\":[{\"@type\":\"WebPage\",\"@id\":\"https:\/\/beewebs.com\/dmca\/\",\"url\":\"https:\/\/beewebs.com\/dmca\/\",\"name\":\"DMCA - BeeWebs\",\"isPartOf\":{\"@id\":\"https:\/\/beewebs.com\/#website\"},\"datePublished\":\"2024-12-30T13:00:18+00:00\",\"dateModified\":\"2024-12-30T13:00:19+00:00\",\"breadcrumb\":{\"@id\":\"https:\/\/beewebs.com\/dmca\/#breadcrumb\"},\"inLanguage\":\"sv-SE\",\"potentialAction\":[{\"@type\":\"ReadAction\",\"target\":[\"https:\/\/beewebs.com\/dmca\/\"]}]},{\"@type\":\"BreadcrumbList\",\"@id\":\"https:\/\/beewebs.com\/dmca\/#breadcrumb\",\"itemListElement\":[{\"@type\":\"ListItem\",\"position\":1,\"name\":\"Home\",\"item\":\"https:\/\/beewebs.com\/\"},{\"@type\":\"ListItem\",\"position\":2,\"name\":\"DMCA\"}]},{\"@type\":\"WebSite\",\"@id\":\"https:\/\/beewebs.com\/#website\",\"url\":\"https:\/\/beewebs.com\/\",\"name\":\"BeeWebs\",\"description\":\"\",\"publisher\":{\"@id\":\"https:\/\/beewebs.com\/#organization\"},\"potentialAction\":[{\"@type\":\"SearchAction\",\"target\":{\"@type\":\"EntryPoint\",\"urlTemplate\":\"https:\/\/beewebs.com\/?s={search_term_string}\"},\"query-input\":\"required name=search_term_string\"}],\"inLanguage\":\"sv-SE\"},{\"@type\":\"Organization\",\"@id\":\"https:\/\/beewebs.com\/#organization\",\"name\":\"BeeWebs\",\"url\":\"https:\/\/beewebs.com\/\",\"logo\":{\"@type\":\"ImageObject\",\"inLanguage\":\"sv-SE\",\"@id\":\"https:\/\/beewebs.com\/#\/schema\/logo\/image\/\",\"url\":\"https:\/\/beewebs.com\/wp-content\/uploads\/sites\/130\/2025\/06\/BeeWebs-news.png\",\"contentUrl\":\"https:\/\/beewebs.com\/wp-content\/uploads\/sites\/130\/2025\/06\/BeeWebs-news.png\",\"width\":180,\"height\":60,\"caption\":\"BeeWebs\"},\"image\":{\"@id\":\"https:\/\/beewebs.com\/#\/schema\/logo\/image\/\"}}]}<\/script>\n<!-- \/ Yoast SEO plugin. -->","yoast_head_json":{"title":"DMCA - BeeWebs","robots":{"index":"index","follow":"follow","max-snippet":"max-snippet:-1","max-image-preview":"max-image-preview:large","max-video-preview":"max-video-preview:-1"},"canonical":"https:\/\/beewebs.com\/sv\/dmca\/","og_locale":"sv_SE","og_type":"article","og_title":"DMCA - BeeWebs","og_description":"Digital Millennium Copyright Act Policy Welcome to (the \u201dBeeWebs.com\u201d).We respect the intellectual property rights of others just as we expect [&hellip;]","og_url":"https:\/\/beewebs.com\/sv\/dmca\/","og_site_name":"BeeWebs","article_modified_time":"2024-12-30T13:00:19+00:00","twitter_card":"summary_large_image","twitter_misc":{"Est. reading time":"3 minuter"},"schema":{"@context":"https:\/\/schema.org","@graph":[{"@type":"WebPage","@id":"https:\/\/beewebs.com\/dmca\/","url":"https:\/\/beewebs.com\/dmca\/","name":"DMCA - BeeWebs","isPartOf":{"@id":"https:\/\/beewebs.com\/#website"},"datePublished":"2024-12-30T13:00:18+00:00","dateModified":"2024-12-30T13:00:19+00:00","breadcrumb":{"@id":"https:\/\/beewebs.com\/dmca\/#breadcrumb"},"inLanguage":"sv-SE","potentialAction":[{"@type":"ReadAction","target":["https:\/\/beewebs.com\/dmca\/"]}]},{"@type":"BreadcrumbList","@id":"https:\/\/beewebs.com\/dmca\/#breadcrumb","itemListElement":[{"@type":"ListItem","position":1,"name":"Home","item":"https:\/\/beewebs.com\/"},{"@type":"ListItem","position":2,"name":"DMCA"}]},{"@type":"WebSite","@id":"https:\/\/beewebs.com\/#website","url":"https:\/\/beewebs.com\/","name":"BeeWebs","description":"","publisher":{"@id":"https:\/\/beewebs.com\/#organization"},"potentialAction":[{"@type":"SearchAction","target":{"@type":"EntryPoint","urlTemplate":"https:\/\/beewebs.com\/?s={search_term_string}"},"query-input":"required name=search_term_string"}],"inLanguage":"sv-SE"},{"@type":"Organization","@id":"https:\/\/beewebs.com\/#organization","name":"BeeWebs","url":"https:\/\/beewebs.com\/","logo":{"@type":"ImageObject","inLanguage":"sv-SE","@id":"https:\/\/beewebs.com\/#\/schema\/logo\/image\/","url":"https:\/\/beewebs.com\/wp-content\/uploads\/sites\/130\/2025\/06\/BeeWebs-news.png","contentUrl":"https:\/\/beewebs.com\/wp-content\/uploads\/sites\/130\/2025\/06\/BeeWebs-news.png","width":180,"height":60,"caption":"BeeWebs"},"image":{"@id":"https:\/\/beewebs.com\/#\/schema\/logo\/image\/"}}]}},"uagb_featured_image_src":{"full":false,"thumbnail":false,"medium":false,"medium_large":false,"large":false,"1536x1536":false,"2048x2048":false,"trp-custom-language-flag":false},"uagb_author_info":{"display_name":"pedrosantosfirefe","author_link":"https:\/\/beewebs.com\/sv\/author\/pedrosantosfirefe\/"},"uagb_comment_info":0,"uagb_excerpt":"Digital Millennium Copyright Act Policy Welcome to (the \u201dBeeWebs.com\u201d).We respect the intellectual property rights of others just as we expect [&hellip;]","_links":{"self":[{"href":"https:\/\/beewebs.com\/sv\/wp-json\/wp\/v2\/pages\/908"}],"collection":[{"href":"https:\/\/beewebs.com\/sv\/wp-json\/wp\/v2\/pages"}],"about":[{"href":"https:\/\/beewebs.com\/sv\/wp-json\/wp\/v2\/types\/page"}],"author":[{"embeddable":true,"href":"https:\/\/beewebs.com\/sv\/wp-json\/wp\/v2\/users\/97"}],"replies":[{"embeddable":true,"href":"https:\/\/beewebs.com\/sv\/wp-json\/wp\/v2\/comments?post=908"}],"version-history":[{"count":1,"href":"https:\/\/beewebs.com\/sv\/wp-json\/wp\/v2\/pages\/908\/revisions"}],"predecessor-version":[{"id":909,"href":"https:\/\/beewebs.com\/sv\/wp-json\/wp\/v2\/pages\/908\/revisions\/909"}],"wp:attachment":[{"href":"https:\/\/beewebs.com\/sv\/wp-json\/wp\/v2\/media?parent=908"}],"curies":[{"name":"wp","href":"https:\/\/api.w.org\/{rel}","templated":true}]}}