{"id":447,"date":"2024-12-20T17:37:36","date_gmt":"2024-12-20T17:37:36","guid":{"rendered":"https:\/\/beewebs.com\/?page_id=447"},"modified":"2024-12-20T17:37:36","modified_gmt":"2024-12-20T17:37:36","slug":"sobre-nos","status":"publish","type":"page","link":"https:\/\/beewebs.com\/sv\/sobre-nos\/","title":{"rendered":"Om oss"},"content":{"rendered":"<p>P\u00e5 Beewebs tror vi att tillg\u00e5ng till digitala verktyg av h\u00f6g kvalitet \u00e4r avg\u00f6rande f\u00f6r att optimera ditt liv, inspirera till nya id\u00e9er och vidga dina vyer. V\u00e5rt uppdrag \u00e4r att unders\u00f6ka, testa och rekommendera de b\u00e4sta applikationerna, vilket hj\u00e4lper dig att hitta effektiva l\u00f6sningar, oavsett om det g\u00e4ller arbete, studier eller fritid.<\/p>\n\n\n\n<p>V\u00e5rt team best\u00e5r av teknikentusiaster och experter, dedikerade till att erbjuda rekommendationer baserade p\u00e5 rigor\u00f6sa kriterier. Innan vi f\u00f6resl\u00e5r en app utv\u00e4rderar vi nyckelpunkter som:<\/p>\n\n\n\n<ul>\n<li><strong>Nytta: <\/strong>Vi rekommenderar bara appar som h\u00e5ller vad de lovar och levererar verkligt v\u00e4rde.<\/li>\n<\/ul>\n\n\n\n<ul>\n<li><strong>S\u00e4kerhet och integritet:<\/strong> Vi v\u00e4ljer verktyg som skyddar dina data och s\u00e4kerst\u00e4ller integriteten hos din information.<\/li>\n<\/ul>\n\n\n\n<ul>\n<li><strong>Anv\u00e4ndarupplevelse:<\/strong> Vi prioriterar intuitiva l\u00f6sningar, med enkel navigering och smidig interaktion.<\/li>\n<\/ul>\n\n\n\n<ul>\n<li><strong>Prestanda:<\/strong> Vi rekommenderar snabba, stabila och p\u00e5litliga applikationer som optimerar ditt dagliga liv.<\/li>\n<\/ul>\n\n\n\n<p>V\u00e5rt \u00e5tagande \u00e4r att vara en referenspunkt och f\u00f6rtroende, hj\u00e4lpa dig att uppt\u00e4cka nya m\u00f6jligheter, \u00f6ka din produktivitet och g\u00f6ra tekniken till en st\u00e4ndig allierad p\u00e5 din resa. V\u00e4lkommen till Beewebs.<\/p>","protected":false},"excerpt":{"rendered":"<p>No Beewebs, acreditamos que o acesso a ferramentas digitais de qualidade \u00e9 fundamental para otimizar a&nbsp; vida, inspirar novas ideias [&hellip;]<\/p>","protected":false},"author":97,"featured_media":0,"parent":0,"menu_order":0,"comment_status":"closed","ping_status":"closed","template":"","meta":{"_uag_custom_page_level_css":"","site-sidebar-layout":"default","site-content-layout":"","ast-site-content-layout":"default","site-content-style":"default","site-sidebar-style":"default","ast-global-header-display":"","ast-banner-title-visibility":"","ast-main-header-display":"","ast-hfb-above-header-display":"","ast-hfb-below-header-display":"","ast-hfb-mobile-header-display":"","site-post-title":"","ast-breadcrumbs-content":"","ast-featured-img":"","footer-sml-layout":"","theme-transparent-header-meta":"","adv-header-id-meta":"","stick-header-meta":"","header-above-stick-meta":"","header-main-stick-meta":"","header-below-stick-meta":"","astra-migrate-meta-layouts":"set","ast-page-background-enabled":"default","ast-page-background-meta":{"desktop":{"background-color":"var(--ast-global-color-4)","background-image":"","background-repeat":"repeat","background-position":"center center","background-size":"auto","background-attachment":"scroll","background-type":"","background-media":"","overlay-type":"","overlay-color":"","overlay-opacity":"","overlay-gradient":""},"tablet":{"background-color":"","background-image":"","background-repeat":"repeat","background-position":"center center","background-size":"auto","background-attachment":"scroll","background-type":"","background-media":"","overlay-type":"","overlay-color":"","overlay-opacity":"","overlay-gradient":""},"mobile":{"background-color":"","background-image":"","background-repeat":"repeat","background-position":"center center","background-size":"auto","background-attachment":"scroll","background-type":"","background-media":"","overlay-type":"","overlay-color":"","overlay-opacity":"","overlay-gradient":""}},"ast-content-background-meta":{"desktop":{"background-color":"var(--ast-global-color-5)","background-image":"","background-repeat":"repeat","background-position":"center center","background-size":"auto","background-attachment":"scroll","background-type":"","background-media":"","overlay-type":"","overlay-color":"","overlay-opacity":"","overlay-gradient":""},"tablet":{"background-color":"var(--ast-global-color-5)","background-image":"","background-repeat":"repeat","background-position":"center center","background-size":"auto","background-attachment":"scroll","background-type":"","background-media":"","overlay-type":"","overlay-color":"","overlay-opacity":"","overlay-gradient":""},"mobile":{"background-color":"var(--ast-global-color-5)","background-image":"","background-repeat":"repeat","background-position":"center center","background-size":"auto","background-attachment":"scroll","background-type":"","background-media":"","overlay-type":"","overlay-color":"","overlay-opacity":"","overlay-gradient":""}},"footnotes":""},"yoast_head":"<!-- This site is optimized with the Yoast SEO plugin v23.3 - https:\/\/yoast.com\/wordpress\/plugins\/seo\/ -->\n<title>Sobre n\u00f3s - BeeWebs<\/title>\n<meta name=\"robots\" content=\"index, follow, max-snippet:-1, max-image-preview:large, max-video-preview:-1\" \/>\n<link rel=\"canonical\" href=\"https:\/\/beewebs.com\/sv\/sobre-nos\/\" \/>\n<meta property=\"og:locale\" content=\"sv_SE\" \/>\n<meta property=\"og:type\" content=\"article\" \/>\n<meta property=\"og:title\" content=\"Sobre n\u00f3s - BeeWebs\" \/>\n<meta property=\"og:description\" content=\"No Beewebs, acreditamos que o acesso a ferramentas digitais de qualidade \u00e9 fundamental para otimizar a&nbsp; vida, inspirar novas ideias [&hellip;]\" \/>\n<meta property=\"og:url\" content=\"https:\/\/beewebs.com\/sv\/sobre-nos\/\" \/>\n<meta property=\"og:site_name\" content=\"BeeWebs\" \/>\n<meta name=\"twitter:card\" content=\"summary_large_image\" \/>\n<meta name=\"twitter:label1\" content=\"Est. reading time\" \/>\n\t<meta name=\"twitter:data1\" content=\"1 minut\" \/>\n<script type=\"application\/ld+json\" class=\"yoast-schema-graph\">{\"@context\":\"https:\/\/schema.org\",\"@graph\":[{\"@type\":\"WebPage\",\"@id\":\"https:\/\/beewebs.com\/sobre-nos\/\",\"url\":\"https:\/\/beewebs.com\/sobre-nos\/\",\"name\":\"Sobre n\u00f3s - BeeWebs\",\"isPartOf\":{\"@id\":\"https:\/\/beewebs.com\/#website\"},\"datePublished\":\"2024-12-20T17:37:36+00:00\",\"dateModified\":\"2024-12-20T17:37:36+00:00\",\"breadcrumb\":{\"@id\":\"https:\/\/beewebs.com\/sobre-nos\/#breadcrumb\"},\"inLanguage\":\"sv-SE\",\"potentialAction\":[{\"@type\":\"ReadAction\",\"target\":[\"https:\/\/beewebs.com\/sobre-nos\/\"]}]},{\"@type\":\"BreadcrumbList\",\"@id\":\"https:\/\/beewebs.com\/sobre-nos\/#breadcrumb\",\"itemListElement\":[{\"@type\":\"ListItem\",\"position\":1,\"name\":\"Home\",\"item\":\"https:\/\/beewebs.com\/\"},{\"@type\":\"ListItem\",\"position\":2,\"name\":\"Sobre n\u00f3s\"}]},{\"@type\":\"WebSite\",\"@id\":\"https:\/\/beewebs.com\/#website\",\"url\":\"https:\/\/beewebs.com\/\",\"name\":\"BeeWebs\",\"description\":\"\",\"publisher\":{\"@id\":\"https:\/\/beewebs.com\/#organization\"},\"potentialAction\":[{\"@type\":\"SearchAction\",\"target\":{\"@type\":\"EntryPoint\",\"urlTemplate\":\"https:\/\/beewebs.com\/?s={search_term_string}\"},\"query-input\":\"required name=search_term_string\"}],\"inLanguage\":\"sv-SE\"},{\"@type\":\"Organization\",\"@id\":\"https:\/\/beewebs.com\/#organization\",\"name\":\"BeeWebs\",\"url\":\"https:\/\/beewebs.com\/\",\"logo\":{\"@type\":\"ImageObject\",\"inLanguage\":\"sv-SE\",\"@id\":\"https:\/\/beewebs.com\/#\/schema\/logo\/image\/\",\"url\":\"https:\/\/beewebs.com\/wp-content\/uploads\/sites\/130\/2025\/06\/BeeWebs-news.png\",\"contentUrl\":\"https:\/\/beewebs.com\/wp-content\/uploads\/sites\/130\/2025\/06\/BeeWebs-news.png\",\"width\":180,\"height\":60,\"caption\":\"BeeWebs\"},\"image\":{\"@id\":\"https:\/\/beewebs.com\/#\/schema\/logo\/image\/\"}}]}<\/script>\n<!-- \/ Yoast SEO plugin. -->","yoast_head_json":{"title":"Sobre n\u00f3s - BeeWebs","robots":{"index":"index","follow":"follow","max-snippet":"max-snippet:-1","max-image-preview":"max-image-preview:large","max-video-preview":"max-video-preview:-1"},"canonical":"https:\/\/beewebs.com\/sv\/sobre-nos\/","og_locale":"sv_SE","og_type":"article","og_title":"Sobre n\u00f3s - BeeWebs","og_description":"No Beewebs, acreditamos que o acesso a ferramentas digitais de qualidade \u00e9 fundamental para otimizar a&nbsp; vida, inspirar novas ideias [&hellip;]","og_url":"https:\/\/beewebs.com\/sv\/sobre-nos\/","og_site_name":"BeeWebs","twitter_card":"summary_large_image","twitter_misc":{"Est. reading time":"1 minut"},"schema":{"@context":"https:\/\/schema.org","@graph":[{"@type":"WebPage","@id":"https:\/\/beewebs.com\/sobre-nos\/","url":"https:\/\/beewebs.com\/sobre-nos\/","name":"Sobre n\u00f3s - BeeWebs","isPartOf":{"@id":"https:\/\/beewebs.com\/#website"},"datePublished":"2024-12-20T17:37:36+00:00","dateModified":"2024-12-20T17:37:36+00:00","breadcrumb":{"@id":"https:\/\/beewebs.com\/sobre-nos\/#breadcrumb"},"inLanguage":"sv-SE","potentialAction":[{"@type":"ReadAction","target":["https:\/\/beewebs.com\/sobre-nos\/"]}]},{"@type":"BreadcrumbList","@id":"https:\/\/beewebs.com\/sobre-nos\/#breadcrumb","itemListElement":[{"@type":"ListItem","position":1,"name":"Home","item":"https:\/\/beewebs.com\/"},{"@type":"ListItem","position":2,"name":"Sobre n\u00f3s"}]},{"@type":"WebSite","@id":"https:\/\/beewebs.com\/#website","url":"https:\/\/beewebs.com\/","name":"BeeWebs","description":"","publisher":{"@id":"https:\/\/beewebs.com\/#organization"},"potentialAction":[{"@type":"SearchAction","target":{"@type":"EntryPoint","urlTemplate":"https:\/\/beewebs.com\/?s={search_term_string}"},"query-input":"required name=search_term_string"}],"inLanguage":"sv-SE"},{"@type":"Organization","@id":"https:\/\/beewebs.com\/#organization","name":"BeeWebs","url":"https:\/\/beewebs.com\/","logo":{"@type":"ImageObject","inLanguage":"sv-SE","@id":"https:\/\/beewebs.com\/#\/schema\/logo\/image\/","url":"https:\/\/beewebs.com\/wp-content\/uploads\/sites\/130\/2025\/06\/BeeWebs-news.png","contentUrl":"https:\/\/beewebs.com\/wp-content\/uploads\/sites\/130\/2025\/06\/BeeWebs-news.png","width":180,"height":60,"caption":"BeeWebs"},"image":{"@id":"https:\/\/beewebs.com\/#\/schema\/logo\/image\/"}}]}},"uagb_featured_image_src":{"full":false,"thumbnail":false,"medium":false,"medium_large":false,"large":false,"1536x1536":false,"2048x2048":false,"trp-custom-language-flag":false},"uagb_author_info":{"display_name":"pedrosantosfirefe","author_link":"https:\/\/beewebs.com\/sv\/author\/pedrosantosfirefe\/"},"uagb_comment_info":0,"uagb_excerpt":"No Beewebs, acreditamos que o acesso a ferramentas digitais de qualidade \u00e9 fundamental para otimizar a&nbsp; vida, inspirar novas ideias [&hellip;]","_links":{"self":[{"href":"https:\/\/beewebs.com\/sv\/wp-json\/wp\/v2\/pages\/447"}],"collection":[{"href":"https:\/\/beewebs.com\/sv\/wp-json\/wp\/v2\/pages"}],"about":[{"href":"https:\/\/beewebs.com\/sv\/wp-json\/wp\/v2\/types\/page"}],"author":[{"embeddable":true,"href":"https:\/\/beewebs.com\/sv\/wp-json\/wp\/v2\/users\/97"}],"replies":[{"embeddable":true,"href":"https:\/\/beewebs.com\/sv\/wp-json\/wp\/v2\/comments?post=447"}],"version-history":[{"count":1,"href":"https:\/\/beewebs.com\/sv\/wp-json\/wp\/v2\/pages\/447\/revisions"}],"predecessor-version":[{"id":448,"href":"https:\/\/beewebs.com\/sv\/wp-json\/wp\/v2\/pages\/447\/revisions\/448"}],"wp:attachment":[{"href":"https:\/\/beewebs.com\/sv\/wp-json\/wp\/v2\/media?parent=447"}],"curies":[{"name":"wp","href":"https:\/\/api.w.org\/{rel}","templated":true}]}}