{"id":456,"date":"2024-12-20T17:41:44","date_gmt":"2024-12-20T17:41:44","guid":{"rendered":"https:\/\/beewebs.com\/?page_id=456"},"modified":"2026-03-13T18:26:47","modified_gmt":"2026-03-13T18:26:47","slug":"terms","status":"publish","type":"page","link":"https:\/\/beewebs.com\/ro\/terms\/","title":{"rendered":"Termeni de utilizare\u00a0"},"content":{"rendered":"<p>Atualizado em 13 de mar\u00e7o de 2026<\/p>\n\n\n\n<p>O Beewebs, acess\u00edvel em<a href=\"https:\/\/beewebs.com\/ro\/\"> https:\/\/beewebs.com\/<\/a>, \u00e9 operado pela KHS M\u00eddia O\u00dc, empresa sediada em Harju maakond, Tallinn, Kristiine linnaosa, Kotkapoja tn 2a-10, 10615, registrada no Estonian Commercial Register sob o c\u00f3digo 16703073. A plataforma publica conte\u00fado escrito de forma independente e baseado em pesquisas, focado em uma variedade de nichos, incluindo dicas pr\u00e1ticas, an\u00e1lises de aplicativos, cursos, finan\u00e7as (como empr\u00e9stimos e servi\u00e7os de cr\u00e9dito), orienta\u00e7\u00e3o profissional, estilo de vida e produtos relevantes para um p\u00fablico global. Nossos artigos s\u00e3o criados para informar e ajudar os leitores a tomar decis\u00f5es fundamentadas, cobrindo t\u00f3picos diversos desde oportunidades educacionais e de carreira at\u00e9 tutoriais de tecnologia, an\u00e1lises de servi\u00e7os e conceitos gerais de planejamento financeiro, obtidos a partir de informa\u00e7\u00f5es p\u00fablicas verificadas.<\/p>\n\n\n\n<p>Acreditamos que ter acesso a informa\u00e7\u00f5es claras e confi\u00e1veis sobre educa\u00e7\u00e3o, ferramentas digitais, finan\u00e7as e desenvolvimento profissional desempenha um papel significativo na vida cotidiana. Nossa miss\u00e3o \u00e9 tornar a informa\u00e7\u00e3o mais transparente, confi\u00e1vel e genuinamente \u00fatil para os leitores que buscam clareza antes de se envolverem com qualquer servi\u00e7o, produto ou oportunidade.<\/p>\n\n\n\n<p><strong>Aviso Global de Conte\u00fado e Isen\u00e7\u00e3o de Responsabilidade:<\/strong> O Beewebs foca em fornecer conte\u00fado informativo sobre uma ampla gama de t\u00f3picos e servi\u00e7os dispon\u00edveis em diversos mercados globais. Embora busquemos refletir pr\u00e1ticas e informa\u00e7\u00f5es precisas, os termos de servi\u00e7os, requisitos de aplicativos, disponibilidade de cursos, regras de elegibilidade e prote\u00e7\u00f5es ao consumidor variam significativamente entre pa\u00edses e provedores, e podem mudar com o tempo. As informa\u00e7\u00f5es publicadas neste site destinam-se apenas a fins educacionais e n\u00e3o substituem divulga\u00e7\u00f5es oficiais, documenta\u00e7\u00e3o contratual ou aconselhamento profissional (seja financeiro, jur\u00eddico ou de carreira). Os leitores s\u00e3o encorajados a verificar todos os detalhes diretamente com as institui\u00e7\u00f5es, desenvolvedores ou prestadores de servi\u00e7os autorizados antes de tomar qualquer decis\u00e3o.<\/p>\n\n\n\n<p>Todo o conte\u00fado publicado nesta plataforma \u00e9 desenvolvido pela equipe editorial independente do Beewebs. Tudo o que voc\u00ea l\u00ea \u00e9 criado sem influ\u00eancia direta de credores, institui\u00e7\u00f5es de ensino, desenvolvedores de aplicativos ou prestadores de servi\u00e7os. Cada artigo \u00e9 escrito e revisado para leitores que buscam informa\u00e7\u00f5es compreens\u00edveis e baseadas em pesquisas.<\/p>\n\n\n\n<p>Ao usar o Beewebs, voc\u00ea concorda com as pol\u00edticas, avisos legais e termos de uso apresentados em nossa plataforma. Neste documento e em todo o site, os termos \u201cn\u00f3s\u201d, \u201cnosso\u201d e \u201cnossos\u201d referem-se ao Beewebs e seus colaboradores editoriais.<\/p>\n\n\n\n<p>Embora certos artigos possam referenciar aplicativos, institui\u00e7\u00f5es de ensino, provedores de empr\u00e9stimos ou servi\u00e7os espec\u00edficos que operam internacionalmente, n\u00f3s n\u00e3o vendemos, gerenciamos, organizamos ou endossamos qualquer produto ou servi\u00e7o de terceiros. N\u00e3o somos afiliados a nenhum desenvolvedor, institui\u00e7\u00e3o financeira, plataforma educacional ou autoridade reguladora mencionada em nosso conte\u00fado. O Beewebs n\u00e3o fornece ofertas diretas, aprova\u00e7\u00f5es, aconselhamento financeiro ou recomenda\u00e7\u00f5es personalizadas. Tamb\u00e9m n\u00e3o oferecemos suporte ao cliente para servi\u00e7os de terceiros.<\/p>\n\n\n\n<p>O Beewebs \u00e9 mantido por meio de publicidade fornecida pelo Google AdSense, o que nos permite manter o conte\u00fado de acesso gratuito. Os an\u00fancios s\u00e3o veiculados automaticamente pelo Google e s\u00e3o claramente separados do conte\u00fado editorial. N\u00e3o recebemos comiss\u00f5es por aprova\u00e7\u00f5es de servi\u00e7os, cadastros ou refer\u00eancias por meio desses an\u00fancios. A independ\u00eancia editorial permanece intacta e n\u00e3o \u00e9 afetada pelo posicionamento da publicidade.<\/p>\n\n\n\n<p><strong>Aviso de Direitos Autorais:<\/strong> Todo o conte\u00fado escrito, estrutura e materiais originais publicados em<a href=\"https:\/\/beewebs.com\/ro\/\"> https:\/\/beewebs.com\/<\/a> s\u00e3o protegidos pelas leis de direitos autorais aplic\u00e1veis. Voc\u00ea pode referenciar ou citar nossos materiais com a devida atribui\u00e7\u00e3o e um link para a fonte original. \u00c9 proibida a reprodu\u00e7\u00e3o, duplica\u00e7\u00e3o ou redistribui\u00e7\u00e3o n\u00e3o autorizada. Logotipos, nomes e materiais de terceiros referenciados em nossos artigos permanecem propriedade de seus respectivos donos e s\u00e3o usados estritamente para fins de identifica\u00e7\u00e3o e informa\u00e7\u00e3o sob os princ\u00edpios aplic\u00e1veis de uso justo (<em>fair use<\/em>).<\/p>\n\n\n\n<p>LEIA NOSSOS TERMOS DE USO COM ATEN\u00c7\u00c3O. SE VOC\u00ca N\u00c3O CONCORDAR COM QUALQUER PARTE DESTES TERMOS, POR FAVOR, N\u00c3O USE O Beewebs OU QUALQUER UM DE SEUS CONTE\u00daDOS.<\/p>\n\n\n\n<p><strong>Artigo I \u2013 Contrato do Usu\u00e1rio<\/strong><\/p>\n\n\n\n<p>1.1 Ao acessar a plataforma Beewebs em<a href=\"https:\/\/beewebs.com\/ro\/\"> https:\/\/beewebs.com\/<\/a>, voc\u00ea confirma que leu, entendeu e aceitou os Termos de Uso. Este documento estabelece a estrutura legal que rege seu acesso e intera\u00e7\u00e3o com todo o conte\u00fado, recursos e servi\u00e7os fornecidos pelo Beewebs.<\/p>\n\n\n\n<p>1.2 Ao usar este site, voc\u00ea afirma ainda que tem pelo menos 18 anos de idade. O uso cont\u00ednuo da plataforma significa sua aceita\u00e7\u00e3o informada e volunt\u00e1ria de todos os termos e condi\u00e7\u00f5es aplic\u00e1veis.<\/p>\n\n\n\n<p><strong>Artigo II \u2013 Comunica\u00e7\u00e3o e Suporte<\/strong><\/p>\n\n\n\n<p>2.1 Para solicita\u00e7\u00f5es de suporte, relat\u00f3rios de problemas ou sugest\u00f5es gerais sobre a plataforma, os usu\u00e1rios s\u00e3o incentivados a entrar em contato conosco atrav\u00e9s do nosso formul\u00e1rio de contato oficial em <a href=\"https:\/\/beewebs.com\/ro\/contact\/\">https:\/\/beewebs.com\/contact<\/a> .<\/p>\n\n\n\n<p><strong>Artigo III \u2013 Responsabilidades do Usu\u00e1rio e da Plataforma<\/strong><\/p>\n\n\n\n<p>3.1 O Beewebs pode incluir hiperlinks para sites externos ou servi\u00e7os digitais como uma conveni\u00eancia para os usu\u00e1rios. Esses links de terceiros s\u00e3o fornecidos estritamente para fins informativos. O Beewebs n\u00e3o possui, opera, patrocina ou endossa formalmente qualquer conte\u00fado, servi\u00e7o ou plataforma de terceiros que possa ser referenciado.<\/p>\n\n\n\n<p>3.2 Os usu\u00e1rios que optam por acessar plataformas externas vinculadas a partir do Beewebs assumem total responsabilidade por revisar os termos aplic\u00e1veis dessas entidades externas. O Beewebs n\u00e3o assume nenhuma responsabilidade pelas opera\u00e7\u00f5es, precis\u00e3o ou pol\u00edticas legais de qualquer site de terceiros. Tais intera\u00e7\u00f5es s\u00e3o conduzidas inteiramente por conta e risco do usu\u00e1rio.<\/p>\n\n\n\n<p>3.3 O Beewebs usa servi\u00e7os de publicidade, como o Google AdSense. A presen\u00e7a de an\u00fancios em nosso portal \u00e9 estritamente comercial e n\u00e3o representa endosso entre o Beewebs e as marcas anunciadas. A intera\u00e7\u00e3o com qualquer an\u00fancio \u00e9 de inteira responsabilidade do usu\u00e1rio.<\/p>\n\n\n\n<p>3.4 O acesso ao Beewebs \u00e9 fornecido gratuitamente. N\u00e3o solicitamos doa\u00e7\u00f5es, n\u00e3o oferecemos n\u00edveis de assinatura nem cobramos pagamentos pelo uso de nosso conte\u00fado informativo. Qualquer solicita\u00e7\u00e3o de pagamento apresentada como proveniente do Beewebs deve ser considerada fraudulenta.<\/p>\n\n\n\n<p><strong>Artigo IV \u2013 Conduta Proibida<\/strong><\/p>\n\n\n\n<p>O Beewebs pro\u00edbe estritamente as seguintes a\u00e7\u00f5es em sua plataforma:<\/p>\n\n\n\n<ul>\n<li><strong>Envolvimento em Atividade Ilegal:<\/strong> Usar a plataforma para facilitar, incentivar ou coordenar qualquer forma de comportamento ilegal.<\/li>\n\n\n\n<li><strong>Viola\u00e7\u00e3o de Direitos de Propriedade Intelectual:<\/strong> Copiar, reproduzir ou republicar nosso material sem permiss\u00e3o pr\u00e9via por escrito.<\/li>\n\n\n\n<li><strong>Comportamento Difamat\u00f3rio ou Abusivo:<\/strong> Ass\u00e9dio, discurso de \u00f3dio ou coment\u00e1rios amea\u00e7adores.<\/li>\n\n\n\n<li><strong>Dissemina\u00e7\u00e3o de C\u00f3digo Malicioso:<\/strong> Distribuir qualquer forma de malware, v\u00edrus ou ferramentas de rastreamento n\u00e3o autorizadas.<\/li>\n\n\n\n<li><strong>Conduta Fraudulenta:<\/strong> Tentativas de phishing, roubo de identidade ou tentativa de contornar as fun\u00e7\u00f5es de seguran\u00e7a do Beewebs.<\/li>\n<\/ul>\n\n\n\n<p><strong>Artigo V \u2013 Isen\u00e7\u00e3o de Garantias e Limita\u00e7\u00e3o de Responsabilidade<\/strong><\/p>\n\n\n\n<p>Todas as informa\u00e7\u00f5es e recursos fornecidos pelo Beewebs s\u00e3o oferecidos &#8220;no estado em que se encontram&#8221; (<em>as is<\/em>) e &#8220;conforme dispon\u00edveis&#8221;, sem quaisquer garantias expressas ou impl\u00edcitas.<\/p>\n\n\n\n<p>Ao acessar e usar o Beewebs, voc\u00ea o faz voluntariamente e por sua conta e risco. Na extens\u00e3o m\u00e1xima permitida pela lei aplic\u00e1vel, o Beewebs e seus colaboradores n\u00e3o ser\u00e3o responsabilizados por quaisquer danos diretos, indiretos, incidentais ou consequenciais decorrentes do seu acesso ou uso da plataforma. Isso inclui, mas n\u00e3o se limita a: perdas financeiras por decis\u00f5es baseadas em nosso conte\u00fado informativo, interrup\u00e7\u00f5es t\u00e9cnicas ou consequ\u00eancias decorrentes da intera\u00e7\u00e3o com links de terceiros.<\/p>\n\n\n\n<p><strong>Artigo VI \u2013 Dura\u00e7\u00e3o e Prazo Legal<\/strong><\/p>\n\n\n\n<p>Todas as disposi\u00e7\u00f5es estabelecidas nestes Termos de Uso permanecer\u00e3o legalmente vinculativas durante toda a dura\u00e7\u00e3o da intera\u00e7\u00e3o de um usu\u00e1rio com a plataforma. No caso de qualquer disputa decorrente do uso do Beewebs, os usu\u00e1rios devem iniciar qualquer reclama\u00e7\u00e3o formal no prazo de um (1) ano a partir da data em que o problema ocorreu pela primeira vez.<\/p>\n\n\n\n<p><strong>Artigo VII \u2013 Lei Aplic\u00e1vel e Jurisdi\u00e7\u00e3o<\/strong><\/p>\n\n\n\n<p><strong>7.1 Lei Aplic\u00e1vel<\/strong> Estes Termos de Uso ser\u00e3o regidos e interpretados de acordo com as leis da Est\u00f4nia. Se voc\u00ea for um consumidor residente fora da Est\u00f4nia, esta se\u00e7\u00e3o n\u00e3o o privar\u00e1 das prote\u00e7\u00f5es obrigat\u00f3rias concedidas a voc\u00ea pelas leis de prote\u00e7\u00e3o ao consumidor aplic\u00e1veis do seu pa\u00eds de resid\u00eancia.<\/p>\n\n\n\n<p><strong>7.2 Jurisdi\u00e7\u00e3o<\/strong> Ao usar nossos Servi\u00e7os, voc\u00ea concorda que qualquer a\u00e7\u00e3o legal ou processo decorrente destes Termos ser\u00e1 movido exclusivamente nos tribunais competentes localizados em Tallinn, Est\u00f4nia.<\/p>\n\n\n\n<p><strong>7.3 Ren\u00fancia a A\u00e7\u00f5es Coletivas<\/strong> Na extens\u00e3o m\u00e1xima permitida pela lei aplic\u00e1vel, voc\u00ea concorda que quaisquer procedimentos de resolu\u00e7\u00e3o de disputas ser\u00e3o conduzidos apenas em base individual e n\u00e3o em uma a\u00e7\u00e3o coletiva.<\/p>\n\n\n\n<p><strong>Artigo VIII \u2013 Altera\u00e7\u00f5es nos Termos e Condi\u00e7\u00f5es<\/strong><\/p>\n\n\n\n<p>O Beewebs reserva-se o direito total de revisar, alterar ou descontinuar qualquer parte de seus Termos de Uso a qualquer momento. O acesso cont\u00ednuo \u00e0 plataforma ap\u00f3s tais modifica\u00e7\u00f5es constitui aceita\u00e7\u00e3o expl\u00edcita dos termos revisados.<\/p>\n\n\n\n<p><strong>Artigo IX \u2013 Informa\u00e7\u00f5es de Contato<\/strong><\/p>\n\n\n\n<p>Se voc\u00ea tiver d\u00favidas sobre estes Termos, entre em contato atrav\u00e9s de nossa p\u00e1gina oficial:<a href=\"https:\/\/www.google.com\/search?q=https:\/\/beewebs.com\/contact&amp;authuser=1\"> https:\/\/beewebs.com\/contact<\/a>.<\/p>\n\n\n\n<p><strong>KHS Media O\u00dc<\/strong><br>C\u00f3digo de Registro Comercial Estoniano: 16703073<br>Harju maakond, Tallinn, Kristiine linnaosa, Kotkapoja<br>tn 2a-10, 10615 Est\u00f4nia<\/p>\n\n\n\n<p><\/p>\n\n\n\n<p><\/p>","protected":false},"excerpt":{"rendered":"<p>Atualizado em 13 de mar\u00e7o de 2026 O Beewebs, acess\u00edvel em https:\/\/beewebs.com\/, \u00e9 operado pela KHS M\u00eddia O\u00dc, empresa sediada [&hellip;]<\/p>","protected":false},"author":97,"featured_media":0,"parent":0,"menu_order":0,"comment_status":"closed","ping_status":"closed","template":"","meta":{"_uag_custom_page_level_css":"","site-sidebar-layout":"default","site-content-layout":"","ast-site-content-layout":"default","site-content-style":"default","site-sidebar-style":"default","ast-global-header-display":"","ast-banner-title-visibility":"","ast-main-header-display":"","ast-hfb-above-header-display":"","ast-hfb-below-header-display":"","ast-hfb-mobile-header-display":"","site-post-title":"","ast-breadcrumbs-content":"","ast-featured-img":"","footer-sml-layout":"","theme-transparent-header-meta":"","adv-header-id-meta":"","stick-header-meta":"","header-above-stick-meta":"","header-main-stick-meta":"","header-below-stick-meta":"","astra-migrate-meta-layouts":"set","ast-page-background-enabled":"default","ast-page-background-meta":{"desktop":{"background-color":"var(--ast-global-color-4)","background-image":"","background-repeat":"repeat","background-position":"center center","background-size":"auto","background-attachment":"scroll","background-type":"","background-media":"","overlay-type":"","overlay-color":"","overlay-opacity":"","overlay-gradient":""},"tablet":{"background-color":"","background-image":"","background-repeat":"repeat","background-position":"center center","background-size":"auto","background-attachment":"scroll","background-type":"","background-media":"","overlay-type":"","overlay-color":"","overlay-opacity":"","overlay-gradient":""},"mobile":{"background-color":"","background-image":"","background-repeat":"repeat","background-position":"center center","background-size":"auto","background-attachment":"scroll","background-type":"","background-media":"","overlay-type":"","overlay-color":"","overlay-opacity":"","overlay-gradient":""}},"ast-content-background-meta":{"desktop":{"background-color":"var(--ast-global-color-5)","background-image":"","background-repeat":"repeat","background-position":"center center","background-size":"auto","background-attachment":"scroll","background-type":"","background-media":"","overlay-type":"","overlay-color":"","overlay-opacity":"","overlay-gradient":""},"tablet":{"background-color":"var(--ast-global-color-5)","background-image":"","background-repeat":"repeat","background-position":"center center","background-size":"auto","background-attachment":"scroll","background-type":"","background-media":"","overlay-type":"","overlay-color":"","overlay-opacity":"","overlay-gradient":""},"mobile":{"background-color":"var(--ast-global-color-5)","background-image":"","background-repeat":"repeat","background-position":"center center","background-size":"auto","background-attachment":"scroll","background-type":"","background-media":"","overlay-type":"","overlay-color":"","overlay-opacity":"","overlay-gradient":""}},"footnotes":""},"yoast_head":"<!-- This site is optimized with the Yoast SEO plugin v23.3 - https:\/\/yoast.com\/wordpress\/plugins\/seo\/ -->\n<title>Termos de Uso\u00a0 - BeeWebs<\/title>\n<meta name=\"robots\" content=\"index, follow, max-snippet:-1, max-image-preview:large, max-video-preview:-1\" \/>\n<link rel=\"canonical\" href=\"https:\/\/beewebs.com\/ro\/terms\/\" \/>\n<meta property=\"og:locale\" content=\"ro_RO\" \/>\n<meta property=\"og:type\" content=\"article\" \/>\n<meta property=\"og:title\" content=\"Termos de Uso\u00a0 - BeeWebs\" \/>\n<meta property=\"og:description\" content=\"Atualizado em 13 de mar\u00e7o de 2026 O Beewebs, acess\u00edvel em https:\/\/beewebs.com\/, \u00e9 operado pela KHS M\u00eddia O\u00dc, empresa sediada [&hellip;]\" \/>\n<meta property=\"og:url\" content=\"https:\/\/beewebs.com\/ro\/terms\/\" \/>\n<meta property=\"og:site_name\" content=\"BeeWebs\" \/>\n<meta property=\"article:modified_time\" content=\"2026-03-13T18:26:47+00:00\" \/>\n<meta name=\"twitter:card\" content=\"summary_large_image\" \/>\n<meta name=\"twitter:label1\" content=\"Est. reading time\" \/>\n\t<meta name=\"twitter:data1\" content=\"8 minute\" \/>\n<script type=\"application\/ld+json\" class=\"yoast-schema-graph\">{\"@context\":\"https:\/\/schema.org\",\"@graph\":[{\"@type\":\"WebPage\",\"@id\":\"https:\/\/beewebs.com\/terms\/\",\"url\":\"https:\/\/beewebs.com\/terms\/\",\"name\":\"Termos de Uso\u00a0 - BeeWebs\",\"isPartOf\":{\"@id\":\"https:\/\/beewebs.com\/#website\"},\"datePublished\":\"2024-12-20T17:41:44+00:00\",\"dateModified\":\"2026-03-13T18:26:47+00:00\",\"breadcrumb\":{\"@id\":\"https:\/\/beewebs.com\/terms\/#breadcrumb\"},\"inLanguage\":\"ro-RO\",\"potentialAction\":[{\"@type\":\"ReadAction\",\"target\":[\"https:\/\/beewebs.com\/terms\/\"]}]},{\"@type\":\"BreadcrumbList\",\"@id\":\"https:\/\/beewebs.com\/terms\/#breadcrumb\",\"itemListElement\":[{\"@type\":\"ListItem\",\"position\":1,\"name\":\"Home\",\"item\":\"https:\/\/beewebs.com\/\"},{\"@type\":\"ListItem\",\"position\":2,\"name\":\"Termos de Uso\u00a0\"}]},{\"@type\":\"WebSite\",\"@id\":\"https:\/\/beewebs.com\/#website\",\"url\":\"https:\/\/beewebs.com\/\",\"name\":\"BeeWebs\",\"description\":\"\",\"publisher\":{\"@id\":\"https:\/\/beewebs.com\/#organization\"},\"potentialAction\":[{\"@type\":\"SearchAction\",\"target\":{\"@type\":\"EntryPoint\",\"urlTemplate\":\"https:\/\/beewebs.com\/?s={search_term_string}\"},\"query-input\":\"required name=search_term_string\"}],\"inLanguage\":\"ro-RO\"},{\"@type\":\"Organization\",\"@id\":\"https:\/\/beewebs.com\/#organization\",\"name\":\"BeeWebs\",\"url\":\"https:\/\/beewebs.com\/\",\"logo\":{\"@type\":\"ImageObject\",\"inLanguage\":\"ro-RO\",\"@id\":\"https:\/\/beewebs.com\/#\/schema\/logo\/image\/\",\"url\":\"https:\/\/beewebs.com\/wp-content\/uploads\/sites\/130\/2025\/06\/BeeWebs-news.png\",\"contentUrl\":\"https:\/\/beewebs.com\/wp-content\/uploads\/sites\/130\/2025\/06\/BeeWebs-news.png\",\"width\":180,\"height\":60,\"caption\":\"BeeWebs\"},\"image\":{\"@id\":\"https:\/\/beewebs.com\/#\/schema\/logo\/image\/\"}}]}<\/script>\n<!-- \/ Yoast SEO plugin. -->","yoast_head_json":{"title":"Termos de Uso\u00a0 - BeeWebs","robots":{"index":"index","follow":"follow","max-snippet":"max-snippet:-1","max-image-preview":"max-image-preview:large","max-video-preview":"max-video-preview:-1"},"canonical":"https:\/\/beewebs.com\/ro\/terms\/","og_locale":"ro_RO","og_type":"article","og_title":"Termos de Uso\u00a0 - BeeWebs","og_description":"Atualizado em 13 de mar\u00e7o de 2026 O Beewebs, acess\u00edvel em https:\/\/beewebs.com\/, \u00e9 operado pela KHS M\u00eddia O\u00dc, empresa sediada [&hellip;]","og_url":"https:\/\/beewebs.com\/ro\/terms\/","og_site_name":"BeeWebs","article_modified_time":"2026-03-13T18:26:47+00:00","twitter_card":"summary_large_image","twitter_misc":{"Est. reading time":"8 minute"},"schema":{"@context":"https:\/\/schema.org","@graph":[{"@type":"WebPage","@id":"https:\/\/beewebs.com\/terms\/","url":"https:\/\/beewebs.com\/terms\/","name":"Termos de Uso\u00a0 - BeeWebs","isPartOf":{"@id":"https:\/\/beewebs.com\/#website"},"datePublished":"2024-12-20T17:41:44+00:00","dateModified":"2026-03-13T18:26:47+00:00","breadcrumb":{"@id":"https:\/\/beewebs.com\/terms\/#breadcrumb"},"inLanguage":"ro-RO","potentialAction":[{"@type":"ReadAction","target":["https:\/\/beewebs.com\/terms\/"]}]},{"@type":"BreadcrumbList","@id":"https:\/\/beewebs.com\/terms\/#breadcrumb","itemListElement":[{"@type":"ListItem","position":1,"name":"Home","item":"https:\/\/beewebs.com\/"},{"@type":"ListItem","position":2,"name":"Termos de Uso\u00a0"}]},{"@type":"WebSite","@id":"https:\/\/beewebs.com\/#website","url":"https:\/\/beewebs.com\/","name":"BeeWebs","description":"","publisher":{"@id":"https:\/\/beewebs.com\/#organization"},"potentialAction":[{"@type":"SearchAction","target":{"@type":"EntryPoint","urlTemplate":"https:\/\/beewebs.com\/?s={search_term_string}"},"query-input":"required name=search_term_string"}],"inLanguage":"ro-RO"},{"@type":"Organization","@id":"https:\/\/beewebs.com\/#organization","name":"BeeWebs","url":"https:\/\/beewebs.com\/","logo":{"@type":"ImageObject","inLanguage":"ro-RO","@id":"https:\/\/beewebs.com\/#\/schema\/logo\/image\/","url":"https:\/\/beewebs.com\/wp-content\/uploads\/sites\/130\/2025\/06\/BeeWebs-news.png","contentUrl":"https:\/\/beewebs.com\/wp-content\/uploads\/sites\/130\/2025\/06\/BeeWebs-news.png","width":180,"height":60,"caption":"BeeWebs"},"image":{"@id":"https:\/\/beewebs.com\/#\/schema\/logo\/image\/"}}]}},"uagb_featured_image_src":{"full":false,"thumbnail":false,"medium":false,"medium_large":false,"large":false,"1536x1536":false,"2048x2048":false,"trp-custom-language-flag":false},"uagb_author_info":{"display_name":"pedrosantosfirefe","author_link":"https:\/\/beewebs.com\/ro\/author\/pedrosantosfirefe\/"},"uagb_comment_info":0,"uagb_excerpt":"Atualizado em 13 de mar\u00e7o de 2026 O Beewebs, acess\u00edvel em https:\/\/beewebs.com\/, \u00e9 operado pela KHS M\u00eddia O\u00dc, empresa sediada [&hellip;]","_links":{"self":[{"href":"https:\/\/beewebs.com\/ro\/wp-json\/wp\/v2\/pages\/456"}],"collection":[{"href":"https:\/\/beewebs.com\/ro\/wp-json\/wp\/v2\/pages"}],"about":[{"href":"https:\/\/beewebs.com\/ro\/wp-json\/wp\/v2\/types\/page"}],"author":[{"embeddable":true,"href":"https:\/\/beewebs.com\/ro\/wp-json\/wp\/v2\/users\/97"}],"replies":[{"embeddable":true,"href":"https:\/\/beewebs.com\/ro\/wp-json\/wp\/v2\/comments?post=456"}],"version-history":[{"count":2,"href":"https:\/\/beewebs.com\/ro\/wp-json\/wp\/v2\/pages\/456\/revisions"}],"predecessor-version":[{"id":10361,"href":"https:\/\/beewebs.com\/ro\/wp-json\/wp\/v2\/pages\/456\/revisions\/10361"}],"wp:attachment":[{"href":"https:\/\/beewebs.com\/ro\/wp-json\/wp\/v2\/media?parent=456"}],"curies":[{"name":"wp","href":"https:\/\/api.w.org\/{rel}","templated":true}]}}