{"id":908,"date":"2024-12-30T13:00:18","date_gmt":"2024-12-30T13:00:18","guid":{"rendered":"https:\/\/beewebs.com\/?page_id=908"},"modified":"2024-12-30T13:00:19","modified_gmt":"2024-12-30T13:00:19","slug":"dmca","status":"publish","type":"page","link":"https:\/\/beewebs.com\/pl\/dmca\/","title":{"rendered":"DMCA"},"content":{"rendered":"<h3 class=\"wp-block-heading\">Polityka dotycz\u0105ca ustawy o prawach autorskich w erze cyfrowej<\/h3>\n\n\n\n<p>Witamy w (\u201dBeeWebs.com\u201d). Szanujemy prawa w\u0142asno\u015bci intelektualnej innych tak samo, jak oczekujemy, \u017ce inni b\u0119d\u0105 szanowa\u0107 nasze prawa. Zgodnie z ustaw\u0105 Digital Millennium Copyright Act, tytu\u0142 17, Kodeks Stan\u00f3w Zjednoczonych, sekcja 512(c), w\u0142a\u015bciciel praw autorskich lub jego agent mo\u017ce przes\u0142a\u0107 nam zawiadomienie o usuni\u0119ciu za po\u015brednictwem naszego agenta DMCA, kt\u00f3rego adres podano poni\u017cej. Jako dostawca us\u0142ug internetowych jeste\u015bmy uprawnieni do ubiegania si\u0119 o immunitet od roszcze\u0144 z tytu\u0142u narusze\u0144 zgodnie z postanowieniami \u201ebezpiecznej przystani\u201d ustawy DMCA. Aby zg\u0142osi\u0107 nam roszczenie z tytu\u0142u naruszenia praw autorskich w dobrej wierze, musisz przes\u0142a\u0107 nam powiadomienie zawieraj\u0105ce nast\u0119puj\u0105ce informacje:<\/p>\n\n\n\n<p><strong>Zawiadomienie o naruszeniu \u2013 roszczenie<\/strong><\/p>\n\n\n\n<p>1. Fizyczny lub elektroniczny podpis w\u0142a\u015bciciela praw autorskich (lub osoby upowa\u017cnionej do dzia\u0142ania w imieniu w\u0142a\u015bciciela);<br>2. Identyfikacja chronionego prawem autorskim utworu, kt\u00f3rego prawa rzekomo zosta\u0142y naruszone;<br>3. Identyfikacja materia\u0142u naruszaj\u0105cego prawa autorskie, kt\u00f3ry ma zosta\u0107 usuni\u0119ty, oraz informacje w rozs\u0105dnym zakresie wystarczaj\u0105ce do umo\u017cliwienia dostawcy us\u0142ug zlokalizowania materia\u0142u. [Prosimy o podanie adresu URL kwestionowanej strony, aby pom\u00f3c nam zidentyfikowa\u0107 rzekomo obra\u017aliw\u0105 prac\u0119];<br>4. Informacje wystarczaj\u0105ce, aby umo\u017cliwi\u0107 dostawcy us\u0142ug skontaktowanie si\u0119 ze stron\u0105 sk\u0142adaj\u0105c\u0105 skarg\u0119, w tym imi\u0119 i nazwisko, adres fizyczny, adres e-mail, numer telefonu i numer faksu;<br>5. O\u015bwiadczenie, \u017ce strona sk\u0142adaj\u0105ca skarg\u0119 w dobrej wierze uwa\u017ca, \u017ce wykorzystanie materia\u0142u jest nieautoryzowane przez agenta ds. praw autorskich; I<br>6. O\u015bwiadczenie, \u017ce informacje zawarte w powiadomieniu s\u0105 dok\u0142adne oraz, pod gro\u017ab\u0105 odpowiedzialno\u015bci karnej za krzywoprzysi\u0119stwo, \u017ce strona sk\u0142adaj\u0105ca skarg\u0119 jest upowa\u017cniona do dzia\u0142ania w imieniu w\u0142a\u015bciciela praw autorskich.<\/p>\n\n\n\n<p>Tytu\u0142 17 USC \u00a7512(f) przewiduje kary za szkody cywilne, w tym koszty i honoraria adwokackie, dla ka\u017cdej osoby, kt\u00f3ra \u015bwiadomie i istotnie wprowadza w b\u0142\u0105d co do okre\u015blonych informacji w powiadomieniu o naruszeniu na mocy 17 USC \u00a7512(c)(3).<\/p>\n\n\n\n<p>Wszystkie powiadomienia o usuni\u0119ciu tre\u015bci nale\u017cy wysy\u0142a\u0107 za po\u015brednictwem naszej strony kontaktowej. Prosimy o przes\u0142anie wiadomo\u015bci e-mail w celu zapewnienia szybkiej reakcji.<\/p>\n\n\n\n<p>Nale\u017cy pami\u0119ta\u0107, \u017ce w przypadku ka\u017cdego otrzymanego przez nas roszczenia dotycz\u0105cego naruszenia praw autorskich mo\u017cemy ujawni\u0107 domniemanemu naruszycielowi to\u017csamo\u015b\u0107 i informacje na jego temat. Sk\u0142adaj\u0105c roszczenie, rozumiesz, akceptujesz i zgadzasz si\u0119, \u017ce Twoja to\u017csamo\u015b\u0107 i roszczenie mog\u0105 zosta\u0107 przekazane domniemanemu naruszycielowi.<\/p>\n\n\n\n<p><strong>Kontrpowiadomienie \u2013 Przywr\u00f3cenie materia\u0142u<\/strong><\/p>\n\n\n\n<p>Je\u015bli otrzyma\u0142e\u015b powiadomienie o usuni\u0119ciu materia\u0142u z powodu naruszenia praw autorskich, mo\u017cesz wys\u0142a\u0107 do nas powiadomienie zwrotne w celu przywr\u00f3cenia kwestionowanego materia\u0142u w witrynie. Wspomniane powiadomienie musi zosta\u0107 przekazane naszemu Agentowi DMCA w formie pisemnej i musi zawiera\u0107 zasadniczo nast\u0119puj\u0105ce elementy zgodnie z sekcj\u0105 512(g)(3) tytu\u0142u 17 USC:<\/p>\n\n\n\n<p>1. Tw\u00f3j podpis fizyczny lub elektroniczny.<br>2. Opis materia\u0142\u00f3w, kt\u00f3re zosta\u0142y usuni\u0119te, oraz pierwotna lokalizacja materia\u0142\u00f3w przed ich usuni\u0119ciem.<br>3. O\u015bwiadczenie pod gro\u017ab\u0105 kary za krzywoprzysi\u0119stwo, \u017ce w dobrej wierze uwa\u017casz, i\u017c materia\u0142 zosta\u0142 usuni\u0119ty lub wy\u0142\u0105czony w wyniku pomy\u0142ki lub b\u0142\u0119dnej identyfikacji materia\u0142u przeznaczonego do usuni\u0119cia lub wy\u0142\u0105czenia.<br>4. Twoje imi\u0119 i nazwisko, adres, numer telefonu oraz o\u015bwiadczenie, \u017ce wyra\u017casz zgod\u0119 na jurysdykcj\u0119 federalnego s\u0105du okr\u0119gowego dla okr\u0119gu s\u0105dowego, w kt\u00f3rym znajduje si\u0119 adres (lub je\u015bli znajdujesz si\u0119 poza Stanami Zjednoczonymi, \u017ce wyra\u017casz zgod\u0119 na jurysdykcj\u0119 dowolnego okr\u0119gu s\u0105dowego, w kt\u00f3rym mo\u017ce znajdowa\u0107 si\u0119 dostawca us\u0142ug) oraz \u017ce przyjmiesz dor\u0119czenie dokument\u00f3w s\u0105dowych od osoby lub firmy, kt\u00f3ra dostarczy\u0142a pierwotne powiadomienie o naruszeniu.<br>5. Wy\u015blij swoje sprzeciw poprzez nasz\u0105 stron\u0119 kontaktow\u0105. Zdecydowanie zalecamy skorzystanie z poczty elektronicznej.<\/p>\n\n\n\n<p><strong>Polityka dotycz\u0105ca naruszycieli powtarzaj\u0105cych naruszenia<\/strong><\/p>\n\n\n\n<p>Naruszenie praw autorskich traktujemy bardzo powa\u017cnie. Zgodnie z wymogami polityki dotycz\u0105cej wielokrotnych narusze\u0144, okre\u015blonymi w ustawie Digital Millennium Copyright Act, prowadzimy list\u0119 zawiadomie\u0144 DMCA od w\u0142a\u015bcicieli praw autorskich i dok\u0142adamy wszelkich stara\u0144, aby zidentyfikowa\u0107 ka\u017cdego wielokrotnego naruszyciela. Konta os\u00f3b, kt\u00f3re narusz\u0105 nasz\u0105 wewn\u0119trzn\u0105 polityk\u0119 dotycz\u0105c\u0105 recydywist\u00f3w, zostan\u0105 zamkni\u0119te.<\/p>\n\n\n\n<p><strong>Modyfikacje<\/strong><\/p>\n\n\n\n<p>Zastrzegamy sobie prawo do zmiany zawarto\u015bci tej strony oraz zasad rozpatrywania roszcze\u0144 na podstawie ustawy DMCA w dowolnym momencie i z dowolnego powodu. Zach\u0119camy do cz\u0119stego sprawdzania tej polityki pod k\u0105tem zmian.<\/p>","protected":false},"excerpt":{"rendered":"<p>Witamy w serwisie (\u201dBeeWebs.com\u201d), zgodnie z polityk\u0105 Digital Millennium Copyright Act. Szanujemy prawa w\u0142asno\u015bci intelektualnej innych os\u00f3b tak samo, jak oczekujemy [\u2026]<\/p>","protected":false},"author":97,"featured_media":0,"parent":0,"menu_order":0,"comment_status":"closed","ping_status":"closed","template":"","meta":{"_uag_custom_page_level_css":"","site-sidebar-layout":"default","site-content-layout":"","ast-site-content-layout":"default","site-content-style":"default","site-sidebar-style":"default","ast-global-header-display":"","ast-banner-title-visibility":"","ast-main-header-display":"","ast-hfb-above-header-display":"","ast-hfb-below-header-display":"","ast-hfb-mobile-header-display":"","site-post-title":"","ast-breadcrumbs-content":"","ast-featured-img":"","footer-sml-layout":"","theme-transparent-header-meta":"","adv-header-id-meta":"","stick-header-meta":"","header-above-stick-meta":"","header-main-stick-meta":"","header-below-stick-meta":"","astra-migrate-meta-layouts":"set","ast-page-background-enabled":"default","ast-page-background-meta":{"desktop":{"background-color":"var(--ast-global-color-4)","background-image":"","background-repeat":"repeat","background-position":"center center","background-size":"auto","background-attachment":"scroll","background-type":"","background-media":"","overlay-type":"","overlay-color":"","overlay-opacity":"","overlay-gradient":""},"tablet":{"background-color":"","background-image":"","background-repeat":"repeat","background-position":"center center","background-size":"auto","background-attachment":"scroll","background-type":"","background-media":"","overlay-type":"","overlay-color":"","overlay-opacity":"","overlay-gradient":""},"mobile":{"background-color":"","background-image":"","background-repeat":"repeat","background-position":"center center","background-size":"auto","background-attachment":"scroll","background-type":"","background-media":"","overlay-type":"","overlay-color":"","overlay-opacity":"","overlay-gradient":""}},"ast-content-background-meta":{"desktop":{"background-color":"var(--ast-global-color-5)","background-image":"","background-repeat":"repeat","background-position":"center center","background-size":"auto","background-attachment":"scroll","background-type":"","background-media":"","overlay-type":"","overlay-color":"","overlay-opacity":"","overlay-gradient":""},"tablet":{"background-color":"var(--ast-global-color-5)","background-image":"","background-repeat":"repeat","background-position":"center center","background-size":"auto","background-attachment":"scroll","background-type":"","background-media":"","overlay-type":"","overlay-color":"","overlay-opacity":"","overlay-gradient":""},"mobile":{"background-color":"var(--ast-global-color-5)","background-image":"","background-repeat":"repeat","background-position":"center center","background-size":"auto","background-attachment":"scroll","background-type":"","background-media":"","overlay-type":"","overlay-color":"","overlay-opacity":"","overlay-gradient":""}},"footnotes":""},"yoast_head":"<!-- This site is optimized with the Yoast SEO plugin v23.3 - https:\/\/yoast.com\/wordpress\/plugins\/seo\/ -->\n<title>DMCA - BeeWebs<\/title>\n<meta name=\"robots\" content=\"index, follow, max-snippet:-1, max-image-preview:large, max-video-preview:-1\" \/>\n<link rel=\"canonical\" href=\"https:\/\/beewebs.com\/pl\/dmca\/\" \/>\n<meta property=\"og:locale\" content=\"pl_PL\" \/>\n<meta property=\"og:type\" content=\"article\" \/>\n<meta property=\"og:title\" content=\"DMCA - BeeWebs\" \/>\n<meta property=\"og:description\" content=\"Digital Millennium Copyright Act Policy Welcome to (the \u201dBeeWebs.com\u201d).We respect the intellectual property rights of others just as we expect [&hellip;]\" \/>\n<meta property=\"og:url\" content=\"https:\/\/beewebs.com\/pl\/dmca\/\" \/>\n<meta property=\"og:site_name\" content=\"BeeWebs\" \/>\n<meta property=\"article:modified_time\" content=\"2024-12-30T13:00:19+00:00\" \/>\n<meta name=\"twitter:card\" content=\"summary_large_image\" \/>\n<meta name=\"twitter:label1\" content=\"Est. reading time\" \/>\n\t<meta name=\"twitter:data1\" content=\"3 minuty\" \/>\n<script type=\"application\/ld+json\" class=\"yoast-schema-graph\">{\"@context\":\"https:\/\/schema.org\",\"@graph\":[{\"@type\":\"WebPage\",\"@id\":\"https:\/\/beewebs.com\/dmca\/\",\"url\":\"https:\/\/beewebs.com\/dmca\/\",\"name\":\"DMCA - BeeWebs\",\"isPartOf\":{\"@id\":\"https:\/\/beewebs.com\/#website\"},\"datePublished\":\"2024-12-30T13:00:18+00:00\",\"dateModified\":\"2024-12-30T13:00:19+00:00\",\"breadcrumb\":{\"@id\":\"https:\/\/beewebs.com\/dmca\/#breadcrumb\"},\"inLanguage\":\"pl-PL\",\"potentialAction\":[{\"@type\":\"ReadAction\",\"target\":[\"https:\/\/beewebs.com\/dmca\/\"]}]},{\"@type\":\"BreadcrumbList\",\"@id\":\"https:\/\/beewebs.com\/dmca\/#breadcrumb\",\"itemListElement\":[{\"@type\":\"ListItem\",\"position\":1,\"name\":\"Home\",\"item\":\"https:\/\/beewebs.com\/\"},{\"@type\":\"ListItem\",\"position\":2,\"name\":\"DMCA\"}]},{\"@type\":\"WebSite\",\"@id\":\"https:\/\/beewebs.com\/#website\",\"url\":\"https:\/\/beewebs.com\/\",\"name\":\"BeeWebs\",\"description\":\"\",\"publisher\":{\"@id\":\"https:\/\/beewebs.com\/#organization\"},\"potentialAction\":[{\"@type\":\"SearchAction\",\"target\":{\"@type\":\"EntryPoint\",\"urlTemplate\":\"https:\/\/beewebs.com\/?s={search_term_string}\"},\"query-input\":\"required name=search_term_string\"}],\"inLanguage\":\"pl-PL\"},{\"@type\":\"Organization\",\"@id\":\"https:\/\/beewebs.com\/#organization\",\"name\":\"BeeWebs\",\"url\":\"https:\/\/beewebs.com\/\",\"logo\":{\"@type\":\"ImageObject\",\"inLanguage\":\"pl-PL\",\"@id\":\"https:\/\/beewebs.com\/#\/schema\/logo\/image\/\",\"url\":\"https:\/\/beewebs.com\/wp-content\/uploads\/sites\/130\/2025\/06\/BeeWebs-news.png\",\"contentUrl\":\"https:\/\/beewebs.com\/wp-content\/uploads\/sites\/130\/2025\/06\/BeeWebs-news.png\",\"width\":180,\"height\":60,\"caption\":\"BeeWebs\"},\"image\":{\"@id\":\"https:\/\/beewebs.com\/#\/schema\/logo\/image\/\"}}]}<\/script>\n<!-- \/ Yoast SEO plugin. -->","yoast_head_json":{"title":"DMCA - BeeWebs","robots":{"index":"index","follow":"follow","max-snippet":"max-snippet:-1","max-image-preview":"max-image-preview:large","max-video-preview":"max-video-preview:-1"},"canonical":"https:\/\/beewebs.com\/pl\/dmca\/","og_locale":"pl_PL","og_type":"article","og_title":"DMCA - BeeWebs","og_description":"Digital Millennium Copyright Act Policy Welcome to (the \u201dBeeWebs.com\u201d).We respect the intellectual property rights of others just as we expect [&hellip;]","og_url":"https:\/\/beewebs.com\/pl\/dmca\/","og_site_name":"BeeWebs","article_modified_time":"2024-12-30T13:00:19+00:00","twitter_card":"summary_large_image","twitter_misc":{"Est. reading time":"3 minuty"},"schema":{"@context":"https:\/\/schema.org","@graph":[{"@type":"WebPage","@id":"https:\/\/beewebs.com\/dmca\/","url":"https:\/\/beewebs.com\/dmca\/","name":"DMCA - BeeWebs","isPartOf":{"@id":"https:\/\/beewebs.com\/#website"},"datePublished":"2024-12-30T13:00:18+00:00","dateModified":"2024-12-30T13:00:19+00:00","breadcrumb":{"@id":"https:\/\/beewebs.com\/dmca\/#breadcrumb"},"inLanguage":"pl-PL","potentialAction":[{"@type":"ReadAction","target":["https:\/\/beewebs.com\/dmca\/"]}]},{"@type":"BreadcrumbList","@id":"https:\/\/beewebs.com\/dmca\/#breadcrumb","itemListElement":[{"@type":"ListItem","position":1,"name":"Home","item":"https:\/\/beewebs.com\/"},{"@type":"ListItem","position":2,"name":"DMCA"}]},{"@type":"WebSite","@id":"https:\/\/beewebs.com\/#website","url":"https:\/\/beewebs.com\/","name":"BeeWebs","description":"","publisher":{"@id":"https:\/\/beewebs.com\/#organization"},"potentialAction":[{"@type":"SearchAction","target":{"@type":"EntryPoint","urlTemplate":"https:\/\/beewebs.com\/?s={search_term_string}"},"query-input":"required name=search_term_string"}],"inLanguage":"pl-PL"},{"@type":"Organization","@id":"https:\/\/beewebs.com\/#organization","name":"BeeWebs","url":"https:\/\/beewebs.com\/","logo":{"@type":"ImageObject","inLanguage":"pl-PL","@id":"https:\/\/beewebs.com\/#\/schema\/logo\/image\/","url":"https:\/\/beewebs.com\/wp-content\/uploads\/sites\/130\/2025\/06\/BeeWebs-news.png","contentUrl":"https:\/\/beewebs.com\/wp-content\/uploads\/sites\/130\/2025\/06\/BeeWebs-news.png","width":180,"height":60,"caption":"BeeWebs"},"image":{"@id":"https:\/\/beewebs.com\/#\/schema\/logo\/image\/"}}]}},"uagb_featured_image_src":{"full":false,"thumbnail":false,"medium":false,"medium_large":false,"large":false,"1536x1536":false,"2048x2048":false,"trp-custom-language-flag":false},"uagb_author_info":{"display_name":"pedrosantosfirefe","author_link":"https:\/\/beewebs.com\/pl\/author\/pedrosantosfirefe\/"},"uagb_comment_info":0,"uagb_excerpt":"Digital Millennium Copyright Act Policy Welcome to (the \u201dBeeWebs.com\u201d).We respect the intellectual property rights of others just as we expect [&hellip;]","_links":{"self":[{"href":"https:\/\/beewebs.com\/pl\/wp-json\/wp\/v2\/pages\/908"}],"collection":[{"href":"https:\/\/beewebs.com\/pl\/wp-json\/wp\/v2\/pages"}],"about":[{"href":"https:\/\/beewebs.com\/pl\/wp-json\/wp\/v2\/types\/page"}],"author":[{"embeddable":true,"href":"https:\/\/beewebs.com\/pl\/wp-json\/wp\/v2\/users\/97"}],"replies":[{"embeddable":true,"href":"https:\/\/beewebs.com\/pl\/wp-json\/wp\/v2\/comments?post=908"}],"version-history":[{"count":1,"href":"https:\/\/beewebs.com\/pl\/wp-json\/wp\/v2\/pages\/908\/revisions"}],"predecessor-version":[{"id":909,"href":"https:\/\/beewebs.com\/pl\/wp-json\/wp\/v2\/pages\/908\/revisions\/909"}],"wp:attachment":[{"href":"https:\/\/beewebs.com\/pl\/wp-json\/wp\/v2\/media?parent=908"}],"curies":[{"name":"wp","href":"https:\/\/api.w.org\/{rel}","templated":true}]}}