{"id":456,"date":"2024-12-20T17:41:44","date_gmt":"2024-12-20T17:41:44","guid":{"rendered":"https:\/\/beewebs.com\/?page_id=456"},"modified":"2026-03-13T18:26:47","modified_gmt":"2026-03-13T18:26:47","slug":"terms","status":"publish","type":"page","link":"https:\/\/beewebs.com\/pl\/terms\/","title":{"rendered":"Warunki korzystania\u00a0"},"content":{"rendered":"<p>Zaktualizowano 13 marca 2026 r.<\/p>\n\n\n\n<p>Beewebs, dost\u0119pne pod adresem<a href=\"https:\/\/beewebs.com\/pl\/\"> https:\/\/beewebs.com\/<\/a>Platform\u0119 obs\u0142uguje KHS Media O\u00dc, sp\u00f3\u0142ka z siedzib\u0105 w Harju maakond, Tallin, Kristiine linnaosa, Kotkapoja tn 2a-10, 10615, zarejestrowana w esto\u0144skim rejestrze handlowym pod numerem 16703073. Platforma publikuje niezale\u017cnie pisane, oparte na badaniach tre\u015bci, koncentruj\u0105ce si\u0119 na r\u00f3\u017cnych niszach, w tym praktyczne wskaz\u00f3wki, recenzje aplikacji, kursy, finanse (takie jak po\u017cyczki i us\u0142ugi kredytowe), doradztwo zawodowe, styl \u017cycia i produkty istotne dla globalnej publiczno\u015bci. Nasze artyku\u0142y maj\u0105 na celu informowanie i pomaganie czytelnikom w podejmowaniu \u015bwiadomych decyzji, obejmuj\u0105c r\u00f3\u017cnorodne tematy, od mo\u017cliwo\u015bci edukacyjnych i zawodowych, po samouczki technologiczne, recenzje us\u0142ug i og\u00f3lne koncepcje planowania finansowego, uzyskane na podstawie zweryfikowanych informacji publicznych.<\/p>\n\n\n\n<p>Wierzymy, \u017ce dost\u0119p do jasnych i rzetelnych informacji na temat edukacji, narz\u0119dzi cyfrowych, finans\u00f3w i rozwoju zawodowego odgrywa znacz\u0105c\u0105 rol\u0119 w \u017cyciu codziennym. Nasz\u0105 misj\u0105 jest uczynienie informacji bardziej przejrzystymi, rzetelnymi i autentycznie u\u017cytecznymi dla czytelnik\u00f3w poszukuj\u0105cych jasno\u015bci przed skorzystaniem z jakiejkolwiek us\u0142ugi, produktu lub mo\u017cliwo\u015bci.<\/p>\n\n\n\n<p><strong>Globalne powiadomienie i wy\u0142\u0105czenie odpowiedzialno\u015bci dotycz\u0105ce tre\u015bci:<\/strong> Beewebs koncentruje si\u0119 na dostarczaniu tre\u015bci informacyjnych na szeroki zakres temat\u00f3w i us\u0142ug dost\u0119pnych na r\u00f3\u017cnych rynkach globalnych. Chocia\u017c staramy si\u0119 odzwierciedla\u0107 rzetelne praktyki i informacje, warunki korzystania z us\u0142ugi, wymagania dotycz\u0105ce aplikacji, dost\u0119pno\u015b\u0107 kurs\u00f3w, zasady kwalifikowalno\u015bci i ochrona konsument\u00f3w r\u00f3\u017cni\u0105 si\u0119 znacznie w zale\u017cno\u015bci od kraju i dostawcy i mog\u0105 ulega\u0107 zmianom w czasie. Informacje publikowane na tej stronie s\u0142u\u017c\u0105 wy\u0142\u0105cznie celom edukacyjnym i nie zast\u0119puj\u0105 oficjalnych o\u015bwiadcze\u0144, dokumentacji umownej ani profesjonalnej porady (finansowej, prawnej lub zawodowej). Zach\u0119camy czytelnik\u00f3w do weryfikacji wszystkich szczeg\u00f3\u0142\u00f3w bezpo\u015brednio z autoryzowanymi instytucjami, deweloperami lub dostawcami us\u0142ug przed podj\u0119ciem jakichkolwiek decyzji.<\/p>\n\n\n\n<p>Wszystkie tre\u015bci publikowane na tej platformie s\u0105 opracowywane przez niezale\u017cny zesp\u00f3\u0142 redakcyjny Beewebs. Wszystko, co czytasz, powstaje bez bezpo\u015bredniego wp\u0142ywu po\u017cyczkodawc\u00f3w, instytucji edukacyjnych, tw\u00f3rc\u00f3w aplikacji ani dostawc\u00f3w us\u0142ug. Ka\u017cdy artyku\u0142 jest pisany i recenzowany z my\u015bl\u0105 o czytelnikach poszukuj\u0105cych zrozumia\u0142ych informacji opartych na badaniach.<\/p>\n\n\n\n<p>Korzystaj\u0105c z serwisu Beewebs, akceptujesz zasady, informacje prawne i warunki u\u017cytkowania prezentowane na naszej platformie. W niniejszym dokumencie i na ca\u0142ej stronie terminy \u201emy\u201d, \u201enasz\u201d i \u201enasze\u201d odnosz\u0105 si\u0119 do serwisu Beewebs i jego wsp\u00f3\u0142pracownik\u00f3w redakcyjnych.<\/p>\n\n\n\n<p>Chocia\u017c niekt\u00f3re artyku\u0142y mog\u0105 odnosi\u0107 si\u0119 do konkretnych aplikacji, instytucji edukacyjnych, po\u017cyczkodawc\u00f3w lub us\u0142ug dzia\u0142aj\u0105cych na arenie mi\u0119dzynarodowej, nie sprzedajemy, nie zarz\u0105dzamy, nie organizujemy ani nie promujemy \u017cadnych produkt\u00f3w ani us\u0142ug stron trzecich. Nie jeste\u015bmy powi\u0105zani z \u017cadnym deweloperem, instytucj\u0105 finansow\u0105, platform\u0105 edukacyjn\u0105 ani organem regulacyjnym wymienionym w naszych tre\u015bciach. Beewebs nie oferuje bezpo\u015brednich ofert, zg\u00f3d, porad finansowych ani spersonalizowanych rekomendacji. Nie oferujemy r\u00f3wnie\u017c obs\u0142ugi klienta dla us\u0142ug stron trzecich.<\/p>\n\n\n\n<p>Serwis Beewebs jest wspierany reklamami Google AdSense, co pozwala nam na swobodny dost\u0119p do naszych tre\u015bci. Reklamy s\u0105 automatycznie wy\u015bwietlane przez Google i wyra\u017anie oddzielone od tre\u015bci redakcyjnych. Nie pobieramy prowizji za zatwierdzanie us\u0142ug, rejestracje ani polecenia za po\u015brednictwem tych reklam. Niezale\u017cno\u015b\u0107 redakcyjna pozostaje nienaruszona i nie jest ograniczana przez umiejscowienie reklam.<\/p>\n\n\n\n<p><strong>Informacja o prawach autorskich:<\/strong> Wszystkie tre\u015bci pisemne, struktura i materia\u0142y oryginalne opublikowane w<a href=\"https:\/\/beewebs.com\/pl\/\"> https:\/\/beewebs.com\/<\/a> s\u0105 chronione obowi\u0105zuj\u0105cymi przepisami prawa autorskiego. Mo\u017cesz cytowa\u0107 nasze materia\u0142y, podaj\u0105c odpowiednie informacje o autorstwie i link do oryginalnego \u017ar\u00f3d\u0142a. Nieautoryzowane powielanie, kopiowanie lub redystrybucja s\u0105 zabronione. Loga, nazwy i materia\u0142y stron trzecich, do kt\u00f3rych odwo\u0142uj\u0105 si\u0119 nasze artyku\u0142y, pozostaj\u0105 w\u0142asno\u015bci\u0105 ich odpowiednich w\u0142a\u015bcicieli i s\u0105 wykorzystywane wy\u0142\u0105cznie w celach identyfikacyjnych i informacyjnych, zgodnie z obowi\u0105zuj\u0105cymi zasadami dozwolonego u\u017cytku.<em>dozwolony u\u017cytek<\/em>).<\/p>\n\n\n\n<p>PRZECZYTAJ UWA\u017bNIE NASZE WARUNKI KORZYSTANIA. JE\u015aLI NIE ZGADZASZ SI\u0118 Z JAK\u0104KOLWIEK CZ\u0118\u015aCI\u0104 TYCH WARUNK\u00d3W, NIE KORZYSTAJ Z SERWISU Beewebs ANI \u017bADNEJ JEGO TRE\u015aCI.<\/p>\n\n\n\n<p><strong>Artyku\u0142 I \u2013 Umowa u\u017cytkownika<\/strong><\/p>\n\n\n\n<p>1.1 Podczas uzyskiwania dost\u0119pu do platformy Beewebs w<a href=\"https:\/\/beewebs.com\/pl\/\"> https:\/\/beewebs.com\/<\/a>W ten spos\u00f3b potwierdzasz, \u017ce przeczyta\u0142e\u015b, zrozumia\u0142e\u015b i zaakceptowa\u0142e\u015b Warunki korzystania. Niniejszy dokument okre\u015bla ramy prawne reguluj\u0105ce Tw\u00f3j dost\u0119p do wszystkich tre\u015bci, zasob\u00f3w i us\u0142ug \u015bwiadczonych przez Beewebs oraz interakcj\u0119 z nimi.<\/p>\n\n\n\n<p>1.2 Korzystaj\u0105c z tej strony internetowej, o\u015bwiadczasz, \u017ce masz uko\u0144czone 18 lat. Dalsze korzystanie z platformy oznacza \u015bwiadom\u0105 i dobrowoln\u0105 akceptacj\u0119 wszystkich obowi\u0105zuj\u0105cych warunk\u00f3w.<\/p>\n\n\n\n<p><strong>Artyku\u0142 II \u2013 Komunikacja i wsparcie<\/strong><\/p>\n\n\n\n<p>2.1 W przypadku pr\u00f3\u015bb o wsparcie, raport\u00f3w o problemach lub og\u00f3lnych sugestii dotycz\u0105cych platformy, u\u017cytkownicy proszeni s\u0105 o kontakt z nami za po\u015brednictwem naszego oficjalnego formularza kontaktowego dost\u0119pnego pod adresem [link do formularza kontaktowego]. <a href=\"https:\/\/beewebs.com\/pl\/contact\/\">https:\/\/beewebs.com\/contact<\/a> .<\/p>\n\n\n\n<p><strong>Artyku\u0142 III \u2013 Obowi\u0105zki u\u017cytkownika i platformy<\/strong><\/p>\n\n\n\n<p>3.1 Beewebs mo\u017ce zawiera\u0107 hiper\u0142\u0105cza do zewn\u0119trznych stron internetowych lub us\u0142ug cyfrowych dla wygody u\u017cytkownik\u00f3w. Te linki do stron trzecich s\u0105 udost\u0119pniane wy\u0142\u0105cznie w celach informacyjnych. Beewebs nie jest w\u0142a\u015bcicielem, operatorem, sponsorem ani formalnie nie popiera \u017cadnych tre\u015bci, us\u0142ug ani platform stron trzecich, do kt\u00f3rych mog\u0105 si\u0119 odwo\u0142ywa\u0107.<\/p>\n\n\n\n<p>3.2 U\u017cytkownicy, kt\u00f3rzy zdecyduj\u0105 si\u0119 na dost\u0119p do platform zewn\u0119trznych po\u0142\u0105czonych z Beewebs, ponosz\u0105 pe\u0142n\u0105 odpowiedzialno\u015b\u0107 za zapoznanie si\u0119 z obowi\u0105zuj\u0105cymi warunkami tych podmiot\u00f3w zewn\u0119trznych. Beewebs nie ponosi odpowiedzialno\u015bci za dzia\u0142anie, dok\u0142adno\u015b\u0107 ani polityk\u0119 prawn\u0105 stron internetowych os\u00f3b trzecich. Takie interakcje odbywaj\u0105 si\u0119 wy\u0142\u0105cznie na w\u0142asne ryzyko u\u017cytkownika.<\/p>\n\n\n\n<p>3.3 Beewebs korzysta z us\u0142ug reklamowych, takich jak Google AdSense. Obecno\u015b\u0107 reklam na naszym portalu ma charakter wy\u0142\u0105cznie komercyjny i nie stanowi rekomendacji mi\u0119dzy Beewebs a reklamowanymi markami. Interakcja z jak\u0105kolwiek reklam\u0105 odbywa si\u0119 na wy\u0142\u0105czn\u0105 odpowiedzialno\u015b\u0107 u\u017cytkownika.<\/p>\n\n\n\n<p>3.4 Dost\u0119p do serwisu Beewebs jest bezp\u0142atny. Nie zabiegamy o darowizny, nie oferujemy subskrypcji ani nie pobieramy op\u0142at za korzystanie z naszych tre\u015bci informacyjnych. Wszelkie pro\u015bby o p\u0142atno\u015b\u0107 przedstawione jako pochodz\u0105ce od Beewebs nale\u017cy uzna\u0107 za oszustwo.<\/p>\n\n\n\n<p><strong>Artyku\u0142 IV \u2013 Zabronione zachowanie<\/strong><\/p>\n\n\n\n<p>Beewebs stanowczo zabrania nast\u0119puj\u0105cych dzia\u0142a\u0144 na swojej platformie:<\/p>\n\n\n\n<ul>\n<li><strong>Zaanga\u017cowanie w nielegaln\u0105 dzia\u0142alno\u015b\u0107:<\/strong> Wykorzystywanie platformy w celu u\u0142atwiania, zach\u0119cania lub koordynowania jakichkolwiek form zachowa\u0144 niezgodnych z prawem.<\/li>\n\n\n\n<li><strong>Naruszenie praw w\u0142asno\u015bci intelektualnej:<\/strong> Kopiowanie, reprodukowanie lub ponowne publikowanie naszych materia\u0142\u00f3w bez uprzedniej pisemnej zgody jest zabronione.<\/li>\n\n\n\n<li><strong>Zachowanie znies\u0142awiaj\u0105ce lub obra\u017aliwe:<\/strong> N\u0119kanie, mowa nienawi\u015bci lub gro\u017aby.<\/li>\n\n\n\n<li><strong>Rozpowszechnianie z\u0142o\u015bliwego kodu:<\/strong> Rozpowszechnianie jakiejkolwiek formy nieautoryzowanego z\u0142o\u015bliwego oprogramowania, wirus\u00f3w lub narz\u0119dzi \u015bledz\u0105cych.<\/li>\n\n\n\n<li><strong>Oszuka\u0144cze zachowanie:<\/strong> Pr\u00f3by phishingu, kradzie\u017cy to\u017csamo\u015bci lub pr\u00f3by obej\u015bcia zabezpiecze\u0144 Beewebs.<\/li>\n<\/ul>\n\n\n\n<p><strong>Artyku\u0142 V \u2013 Zrzeczenie si\u0119 gwarancji i ograniczenie odpowiedzialno\u015bci<\/strong><\/p>\n\n\n\n<p>Wszystkie informacje i zasoby udost\u0119pniane przez Beewebs s\u0105 oferowane \u201etak jak s\u0105\u201d (<em>tak jak jest<\/em>) i \u201ew miar\u0119 dost\u0119pno\u015bci\u201d, bez \u017cadnych gwarancji wyra\u017anych lub dorozumianych.<\/p>\n\n\n\n<p>Uzyskuj\u0105c dost\u0119p do serwisu Beewebs i korzystaj\u0105c z niego, robisz to dobrowolnie i na w\u0142asne ryzyko. W maksymalnym zakresie dozwolonym przez obowi\u0105zuj\u0105ce prawo, Beewebs i jego wsp\u00f3\u0142pracownicy nie ponosz\u0105 odpowiedzialno\u015bci za jakiekolwiek szkody bezpo\u015brednie, po\u015brednie, przypadkowe lub wynikowe wynikaj\u0105ce z dost\u0119pu do platformy lub korzystania z niej. Obejmuje to mi\u0119dzy innymi: straty finansowe wynikaj\u0105ce z decyzji podj\u0119tych na podstawie naszych tre\u015bci informacyjnych, przerwy techniczne lub konsekwencje wynikaj\u0105ce z interakcji z linkami stron trzecich.<\/p>\n\n\n\n<p><strong>Artyku\u0142 VI \u2013 Czas trwania i okres prawny<\/strong><\/p>\n\n\n\n<p>Wszystkie postanowienia niniejszych Warunk\u00f3w korzystania pozostaj\u0105 prawnie wi\u0105\u017c\u0105ce przez ca\u0142y czas interakcji u\u017cytkownika z platform\u0105. W przypadku jakichkolwiek spor\u00f3w wynikaj\u0105cych z korzystania z Beewebs, u\u017cytkownicy musz\u0105 zg\u0142osi\u0107 wszelkie formalne roszczenia w ci\u0105gu jednego (1) roku od daty pierwszego wyst\u0105pienia problemu.<\/p>\n\n\n\n<p><strong>Artyku\u0142 VII \u2013 Prawo w\u0142a\u015bciwe i jurysdykcja<\/strong><\/p>\n\n\n\n<p><strong>7.1 Prawo w\u0142a\u015bciwe<\/strong> Niniejsze Warunki Korzystania podlegaj\u0105 prawu Estonii i zgodnie z nim b\u0119d\u0105 interpretowane. Je\u015bli jeste\u015b konsumentem zamieszka\u0142ym poza Estoni\u0105, niniejszy paragraf nie pozbawia Ci\u0119 obowi\u0105zkowej ochrony przys\u0142uguj\u0105cej Ci na mocy obowi\u0105zuj\u0105cych przepis\u00f3w o ochronie konsument\u00f3w w kraju Twojego zamieszkania.<\/p>\n\n\n\n<p><strong>7.2 Jurysdykcja<\/strong> Korzystaj\u0105c z naszych Us\u0142ug, zgadzasz si\u0119, \u017ce wszelkie dzia\u0142ania lub post\u0119powania prawne wynikaj\u0105ce z niniejszych Warunk\u00f3w b\u0119d\u0105 rozstrzygane wy\u0142\u0105cznie przez w\u0142a\u015bciwe s\u0105dy w Tallinie w Estonii.<\/p>\n\n\n\n<p><strong>7.3 Zrzeczenie si\u0119 pow\u00f3dztw zbiorowych<\/strong> W maksymalnym zakresie dozwolonym przez obowi\u0105zuj\u0105ce prawo, zgadzasz si\u0119, \u017ce wszelkie post\u0119powania maj\u0105ce na celu rozwi\u0105zanie sporu b\u0119d\u0105 prowadzone wy\u0142\u0105cznie indywidualnie, a nie w formie pow\u00f3dztwa zbiorowego.<\/p>\n\n\n\n<p><strong>Artyku\u0142 VIII \u2013 Zmiany w Warunkach<\/strong><\/p>\n\n\n\n<p>Beewebs zastrzega sobie pe\u0142ne prawo do zmiany, modyfikacji lub zaprzestania obowi\u0105zywania dowolnego fragmentu Warunk\u00f3w Korzystania w dowolnym momencie. Dalszy dost\u0119p do platformy po wprowadzeniu takich zmian oznacza wyra\u017an\u0105 akceptacj\u0119 zmienionych warunk\u00f3w.<\/p>\n\n\n\n<p><strong>Artyku\u0142 IX \u2013 Informacje kontaktowe<\/strong><\/p>\n\n\n\n<p>Je\u015bli masz jakiekolwiek pytania dotycz\u0105ce niniejszego Regulaminu, skontaktuj si\u0119 z nami za po\u015brednictwem naszej oficjalnej strony:<a href=\"https:\/\/www.google.com\/search?q=https:\/\/beewebs.com\/contact&amp;authuser=1\"> https:\/\/beewebs.com\/contact<\/a>.<\/p>\n\n\n\n<p><strong>KHS Media O\u00dc<\/strong><br>Esto\u0144ski kod rejestracyjny dzia\u0142alno\u015bci gospodarczej: 16703073<br>Harju maakond, Tallinn, Kristiine linnaosa, Kotkapoja<br>tn 2a-10, 10615 Estonia<\/p>\n\n\n\n<p><\/p>\n\n\n\n<p><\/p>","protected":false},"excerpt":{"rendered":"<p>Atualizado em 13 de mar\u00e7o de 2026 O Beewebs, acess\u00edvel em https:\/\/beewebs.com\/, \u00e9 operado pela KHS M\u00eddia O\u00dc, empresa sediada [&hellip;]<\/p>","protected":false},"author":97,"featured_media":0,"parent":0,"menu_order":0,"comment_status":"closed","ping_status":"closed","template":"","meta":{"_uag_custom_page_level_css":"","site-sidebar-layout":"default","site-content-layout":"","ast-site-content-layout":"default","site-content-style":"default","site-sidebar-style":"default","ast-global-header-display":"","ast-banner-title-visibility":"","ast-main-header-display":"","ast-hfb-above-header-display":"","ast-hfb-below-header-display":"","ast-hfb-mobile-header-display":"","site-post-title":"","ast-breadcrumbs-content":"","ast-featured-img":"","footer-sml-layout":"","theme-transparent-header-meta":"","adv-header-id-meta":"","stick-header-meta":"","header-above-stick-meta":"","header-main-stick-meta":"","header-below-stick-meta":"","astra-migrate-meta-layouts":"set","ast-page-background-enabled":"default","ast-page-background-meta":{"desktop":{"background-color":"var(--ast-global-color-4)","background-image":"","background-repeat":"repeat","background-position":"center center","background-size":"auto","background-attachment":"scroll","background-type":"","background-media":"","overlay-type":"","overlay-color":"","overlay-opacity":"","overlay-gradient":""},"tablet":{"background-color":"","background-image":"","background-repeat":"repeat","background-position":"center center","background-size":"auto","background-attachment":"scroll","background-type":"","background-media":"","overlay-type":"","overlay-color":"","overlay-opacity":"","overlay-gradient":""},"mobile":{"background-color":"","background-image":"","background-repeat":"repeat","background-position":"center center","background-size":"auto","background-attachment":"scroll","background-type":"","background-media":"","overlay-type":"","overlay-color":"","overlay-opacity":"","overlay-gradient":""}},"ast-content-background-meta":{"desktop":{"background-color":"var(--ast-global-color-5)","background-image":"","background-repeat":"repeat","background-position":"center center","background-size":"auto","background-attachment":"scroll","background-type":"","background-media":"","overlay-type":"","overlay-color":"","overlay-opacity":"","overlay-gradient":""},"tablet":{"background-color":"var(--ast-global-color-5)","background-image":"","background-repeat":"repeat","background-position":"center center","background-size":"auto","background-attachment":"scroll","background-type":"","background-media":"","overlay-type":"","overlay-color":"","overlay-opacity":"","overlay-gradient":""},"mobile":{"background-color":"var(--ast-global-color-5)","background-image":"","background-repeat":"repeat","background-position":"center center","background-size":"auto","background-attachment":"scroll","background-type":"","background-media":"","overlay-type":"","overlay-color":"","overlay-opacity":"","overlay-gradient":""}},"footnotes":""},"yoast_head":"<!-- This site is optimized with the Yoast SEO plugin v23.3 - https:\/\/yoast.com\/wordpress\/plugins\/seo\/ -->\n<title>Termos de Uso\u00a0 - BeeWebs<\/title>\n<meta name=\"robots\" content=\"index, follow, max-snippet:-1, max-image-preview:large, max-video-preview:-1\" \/>\n<link rel=\"canonical\" href=\"https:\/\/beewebs.com\/pl\/terms\/\" \/>\n<meta property=\"og:locale\" content=\"pl_PL\" \/>\n<meta property=\"og:type\" content=\"article\" \/>\n<meta property=\"og:title\" content=\"Termos de Uso\u00a0 - BeeWebs\" \/>\n<meta property=\"og:description\" content=\"Atualizado em 13 de mar\u00e7o de 2026 O Beewebs, acess\u00edvel em https:\/\/beewebs.com\/, \u00e9 operado pela KHS M\u00eddia O\u00dc, empresa sediada [&hellip;]\" \/>\n<meta property=\"og:url\" content=\"https:\/\/beewebs.com\/pl\/terms\/\" \/>\n<meta property=\"og:site_name\" content=\"BeeWebs\" \/>\n<meta property=\"article:modified_time\" content=\"2026-03-13T18:26:47+00:00\" \/>\n<meta name=\"twitter:card\" content=\"summary_large_image\" \/>\n<meta name=\"twitter:label1\" content=\"Est. reading time\" \/>\n\t<meta name=\"twitter:data1\" content=\"8 minut\" \/>\n<script type=\"application\/ld+json\" class=\"yoast-schema-graph\">{\"@context\":\"https:\/\/schema.org\",\"@graph\":[{\"@type\":\"WebPage\",\"@id\":\"https:\/\/beewebs.com\/terms\/\",\"url\":\"https:\/\/beewebs.com\/terms\/\",\"name\":\"Termos de Uso\u00a0 - BeeWebs\",\"isPartOf\":{\"@id\":\"https:\/\/beewebs.com\/#website\"},\"datePublished\":\"2024-12-20T17:41:44+00:00\",\"dateModified\":\"2026-03-13T18:26:47+00:00\",\"breadcrumb\":{\"@id\":\"https:\/\/beewebs.com\/terms\/#breadcrumb\"},\"inLanguage\":\"pl-PL\",\"potentialAction\":[{\"@type\":\"ReadAction\",\"target\":[\"https:\/\/beewebs.com\/terms\/\"]}]},{\"@type\":\"BreadcrumbList\",\"@id\":\"https:\/\/beewebs.com\/terms\/#breadcrumb\",\"itemListElement\":[{\"@type\":\"ListItem\",\"position\":1,\"name\":\"Home\",\"item\":\"https:\/\/beewebs.com\/\"},{\"@type\":\"ListItem\",\"position\":2,\"name\":\"Termos de Uso\u00a0\"}]},{\"@type\":\"WebSite\",\"@id\":\"https:\/\/beewebs.com\/#website\",\"url\":\"https:\/\/beewebs.com\/\",\"name\":\"BeeWebs\",\"description\":\"\",\"publisher\":{\"@id\":\"https:\/\/beewebs.com\/#organization\"},\"potentialAction\":[{\"@type\":\"SearchAction\",\"target\":{\"@type\":\"EntryPoint\",\"urlTemplate\":\"https:\/\/beewebs.com\/?s={search_term_string}\"},\"query-input\":\"required name=search_term_string\"}],\"inLanguage\":\"pl-PL\"},{\"@type\":\"Organization\",\"@id\":\"https:\/\/beewebs.com\/#organization\",\"name\":\"BeeWebs\",\"url\":\"https:\/\/beewebs.com\/\",\"logo\":{\"@type\":\"ImageObject\",\"inLanguage\":\"pl-PL\",\"@id\":\"https:\/\/beewebs.com\/#\/schema\/logo\/image\/\",\"url\":\"https:\/\/beewebs.com\/wp-content\/uploads\/sites\/130\/2025\/06\/BeeWebs-news.png\",\"contentUrl\":\"https:\/\/beewebs.com\/wp-content\/uploads\/sites\/130\/2025\/06\/BeeWebs-news.png\",\"width\":180,\"height\":60,\"caption\":\"BeeWebs\"},\"image\":{\"@id\":\"https:\/\/beewebs.com\/#\/schema\/logo\/image\/\"}}]}<\/script>\n<!-- \/ Yoast SEO plugin. -->","yoast_head_json":{"title":"Termos de Uso\u00a0 - BeeWebs","robots":{"index":"index","follow":"follow","max-snippet":"max-snippet:-1","max-image-preview":"max-image-preview:large","max-video-preview":"max-video-preview:-1"},"canonical":"https:\/\/beewebs.com\/pl\/terms\/","og_locale":"pl_PL","og_type":"article","og_title":"Termos de Uso\u00a0 - BeeWebs","og_description":"Atualizado em 13 de mar\u00e7o de 2026 O Beewebs, acess\u00edvel em https:\/\/beewebs.com\/, \u00e9 operado pela KHS M\u00eddia O\u00dc, empresa sediada [&hellip;]","og_url":"https:\/\/beewebs.com\/pl\/terms\/","og_site_name":"BeeWebs","article_modified_time":"2026-03-13T18:26:47+00:00","twitter_card":"summary_large_image","twitter_misc":{"Est. reading time":"8 minut"},"schema":{"@context":"https:\/\/schema.org","@graph":[{"@type":"WebPage","@id":"https:\/\/beewebs.com\/terms\/","url":"https:\/\/beewebs.com\/terms\/","name":"Termos de Uso\u00a0 - BeeWebs","isPartOf":{"@id":"https:\/\/beewebs.com\/#website"},"datePublished":"2024-12-20T17:41:44+00:00","dateModified":"2026-03-13T18:26:47+00:00","breadcrumb":{"@id":"https:\/\/beewebs.com\/terms\/#breadcrumb"},"inLanguage":"pl-PL","potentialAction":[{"@type":"ReadAction","target":["https:\/\/beewebs.com\/terms\/"]}]},{"@type":"BreadcrumbList","@id":"https:\/\/beewebs.com\/terms\/#breadcrumb","itemListElement":[{"@type":"ListItem","position":1,"name":"Home","item":"https:\/\/beewebs.com\/"},{"@type":"ListItem","position":2,"name":"Termos de Uso\u00a0"}]},{"@type":"WebSite","@id":"https:\/\/beewebs.com\/#website","url":"https:\/\/beewebs.com\/","name":"BeeWebs","description":"","publisher":{"@id":"https:\/\/beewebs.com\/#organization"},"potentialAction":[{"@type":"SearchAction","target":{"@type":"EntryPoint","urlTemplate":"https:\/\/beewebs.com\/?s={search_term_string}"},"query-input":"required name=search_term_string"}],"inLanguage":"pl-PL"},{"@type":"Organization","@id":"https:\/\/beewebs.com\/#organization","name":"BeeWebs","url":"https:\/\/beewebs.com\/","logo":{"@type":"ImageObject","inLanguage":"pl-PL","@id":"https:\/\/beewebs.com\/#\/schema\/logo\/image\/","url":"https:\/\/beewebs.com\/wp-content\/uploads\/sites\/130\/2025\/06\/BeeWebs-news.png","contentUrl":"https:\/\/beewebs.com\/wp-content\/uploads\/sites\/130\/2025\/06\/BeeWebs-news.png","width":180,"height":60,"caption":"BeeWebs"},"image":{"@id":"https:\/\/beewebs.com\/#\/schema\/logo\/image\/"}}]}},"uagb_featured_image_src":{"full":false,"thumbnail":false,"medium":false,"medium_large":false,"large":false,"1536x1536":false,"2048x2048":false,"trp-custom-language-flag":false},"uagb_author_info":{"display_name":"pedrosantosfirefe","author_link":"https:\/\/beewebs.com\/pl\/author\/pedrosantosfirefe\/"},"uagb_comment_info":0,"uagb_excerpt":"Atualizado em 13 de mar\u00e7o de 2026 O Beewebs, acess\u00edvel em https:\/\/beewebs.com\/, \u00e9 operado pela KHS M\u00eddia O\u00dc, empresa sediada [&hellip;]","_links":{"self":[{"href":"https:\/\/beewebs.com\/pl\/wp-json\/wp\/v2\/pages\/456"}],"collection":[{"href":"https:\/\/beewebs.com\/pl\/wp-json\/wp\/v2\/pages"}],"about":[{"href":"https:\/\/beewebs.com\/pl\/wp-json\/wp\/v2\/types\/page"}],"author":[{"embeddable":true,"href":"https:\/\/beewebs.com\/pl\/wp-json\/wp\/v2\/users\/97"}],"replies":[{"embeddable":true,"href":"https:\/\/beewebs.com\/pl\/wp-json\/wp\/v2\/comments?post=456"}],"version-history":[{"count":2,"href":"https:\/\/beewebs.com\/pl\/wp-json\/wp\/v2\/pages\/456\/revisions"}],"predecessor-version":[{"id":10361,"href":"https:\/\/beewebs.com\/pl\/wp-json\/wp\/v2\/pages\/456\/revisions\/10361"}],"wp:attachment":[{"href":"https:\/\/beewebs.com\/pl\/wp-json\/wp\/v2\/media?parent=456"}],"curies":[{"name":"wp","href":"https:\/\/api.w.org\/{rel}","templated":true}]}}