{"id":447,"date":"2024-12-20T17:37:36","date_gmt":"2024-12-20T17:37:36","guid":{"rendered":"https:\/\/beewebs.com\/?page_id=447"},"modified":"2024-12-20T17:37:36","modified_gmt":"2024-12-20T17:37:36","slug":"sobre-nos","status":"publish","type":"page","link":"https:\/\/beewebs.com\/pl\/sobre-nos\/","title":{"rendered":"O nas"},"content":{"rendered":"<p>W Beewebs wierzymy, \u017ce dost\u0119p do wysokiej jako\u015bci narz\u0119dzi cyfrowych jest niezb\u0119dny, by usprawni\u0107 Twoje \u017cycie, zainspirowa\u0107 Ci\u0119 do nowych pomys\u0142\u00f3w i poszerzy\u0107 horyzonty. Nasz\u0105 misj\u0105 jest badanie, testowanie i rekomendowanie najlepszych aplikacji, kt\u00f3re pomog\u0105 Ci znale\u017a\u0107 efektywne rozwi\u0105zania do pracy, nauki i wypoczynku.<\/p>\n\n\n\n<p>Nasz zesp\u00f3\u0142 sk\u0142ada si\u0119 z pasjonat\u00f3w i ekspert\u00f3w w dziedzinie technologii, kt\u00f3rzy oferuj\u0105 rekomendacje oparte na rygorystycznych kryteriach. Zanim zaproponujemy aplikacj\u0119, oceniamy kluczowe kwestie, takie jak:<\/p>\n\n\n\n<ul>\n<li><strong>Po\u017cytek: <\/strong>Polecamy wy\u0142\u0105cznie aplikacje, kt\u00f3re spe\u0142niaj\u0105 swoje obietnice i oferuj\u0105 rzeczywist\u0105 warto\u015b\u0107.<\/li>\n<\/ul>\n\n\n\n<ul>\n<li><strong>Bezpiecze\u0144stwo i prywatno\u015b\u0107:<\/strong> Wybieramy narz\u0119dzia, kt\u00f3re chroni\u0105 Twoje dane, gwarantuj\u0105c integralno\u015b\u0107 Twoich informacji.<\/li>\n<\/ul>\n\n\n\n<ul>\n<li><strong>Do\u015bwiadczenie u\u017cytkownika:<\/strong> Stawiamy na intuicyjne rozwi\u0105zania, prost\u0105 nawigacj\u0119 i p\u0142ynn\u0105 interakcj\u0119.<\/li>\n<\/ul>\n\n\n\n<ul>\n<li><strong>Wydajno\u015b\u0107:<\/strong> Polecamy szybkie, stabilne i niezawodne aplikacje, kt\u00f3re zoptymalizuj\u0105 Twoje codzienne \u017cycie.<\/li>\n<\/ul>\n\n\n\n<p>Naszym zobowi\u0105zaniem jest bycie punktem odniesienia i \u017ar\u00f3d\u0142em zaufania, pomaganie Ci w odkrywaniu nowych mo\u017cliwo\u015bci, zwi\u0119kszaniu Twojej produktywno\u015bci i uczynienie technologii sta\u0142ym sprzymierze\u0144cem w Twojej podr\u00f3\u017cy. Witamy w Beewebs.<\/p>","protected":false},"excerpt":{"rendered":"<p>No Beewebs, acreditamos que o acesso a ferramentas digitais de qualidade \u00e9 fundamental para otimizar a&nbsp; vida, inspirar novas ideias [&hellip;]<\/p>","protected":false},"author":97,"featured_media":0,"parent":0,"menu_order":0,"comment_status":"closed","ping_status":"closed","template":"","meta":{"_uag_custom_page_level_css":"","site-sidebar-layout":"default","site-content-layout":"","ast-site-content-layout":"default","site-content-style":"default","site-sidebar-style":"default","ast-global-header-display":"","ast-banner-title-visibility":"","ast-main-header-display":"","ast-hfb-above-header-display":"","ast-hfb-below-header-display":"","ast-hfb-mobile-header-display":"","site-post-title":"","ast-breadcrumbs-content":"","ast-featured-img":"","footer-sml-layout":"","theme-transparent-header-meta":"","adv-header-id-meta":"","stick-header-meta":"","header-above-stick-meta":"","header-main-stick-meta":"","header-below-stick-meta":"","astra-migrate-meta-layouts":"set","ast-page-background-enabled":"default","ast-page-background-meta":{"desktop":{"background-color":"var(--ast-global-color-4)","background-image":"","background-repeat":"repeat","background-position":"center center","background-size":"auto","background-attachment":"scroll","background-type":"","background-media":"","overlay-type":"","overlay-color":"","overlay-opacity":"","overlay-gradient":""},"tablet":{"background-color":"","background-image":"","background-repeat":"repeat","background-position":"center center","background-size":"auto","background-attachment":"scroll","background-type":"","background-media":"","overlay-type":"","overlay-color":"","overlay-opacity":"","overlay-gradient":""},"mobile":{"background-color":"","background-image":"","background-repeat":"repeat","background-position":"center center","background-size":"auto","background-attachment":"scroll","background-type":"","background-media":"","overlay-type":"","overlay-color":"","overlay-opacity":"","overlay-gradient":""}},"ast-content-background-meta":{"desktop":{"background-color":"var(--ast-global-color-5)","background-image":"","background-repeat":"repeat","background-position":"center center","background-size":"auto","background-attachment":"scroll","background-type":"","background-media":"","overlay-type":"","overlay-color":"","overlay-opacity":"","overlay-gradient":""},"tablet":{"background-color":"var(--ast-global-color-5)","background-image":"","background-repeat":"repeat","background-position":"center center","background-size":"auto","background-attachment":"scroll","background-type":"","background-media":"","overlay-type":"","overlay-color":"","overlay-opacity":"","overlay-gradient":""},"mobile":{"background-color":"var(--ast-global-color-5)","background-image":"","background-repeat":"repeat","background-position":"center center","background-size":"auto","background-attachment":"scroll","background-type":"","background-media":"","overlay-type":"","overlay-color":"","overlay-opacity":"","overlay-gradient":""}},"footnotes":""},"yoast_head":"<!-- This site is optimized with the Yoast SEO plugin v23.3 - https:\/\/yoast.com\/wordpress\/plugins\/seo\/ -->\n<title>Sobre n\u00f3s - BeeWebs<\/title>\n<meta name=\"robots\" content=\"index, follow, max-snippet:-1, max-image-preview:large, max-video-preview:-1\" \/>\n<link rel=\"canonical\" href=\"https:\/\/beewebs.com\/pl\/sobre-nos\/\" \/>\n<meta property=\"og:locale\" content=\"pl_PL\" \/>\n<meta property=\"og:type\" content=\"article\" \/>\n<meta property=\"og:title\" content=\"Sobre n\u00f3s - BeeWebs\" \/>\n<meta property=\"og:description\" content=\"No Beewebs, acreditamos que o acesso a ferramentas digitais de qualidade \u00e9 fundamental para otimizar a&nbsp; vida, inspirar novas ideias [&hellip;]\" \/>\n<meta property=\"og:url\" content=\"https:\/\/beewebs.com\/pl\/sobre-nos\/\" \/>\n<meta property=\"og:site_name\" content=\"BeeWebs\" \/>\n<meta name=\"twitter:card\" content=\"summary_large_image\" \/>\n<meta name=\"twitter:label1\" content=\"Est. reading time\" \/>\n\t<meta name=\"twitter:data1\" content=\"1 minuta\" \/>\n<script type=\"application\/ld+json\" class=\"yoast-schema-graph\">{\"@context\":\"https:\/\/schema.org\",\"@graph\":[{\"@type\":\"WebPage\",\"@id\":\"https:\/\/beewebs.com\/sobre-nos\/\",\"url\":\"https:\/\/beewebs.com\/sobre-nos\/\",\"name\":\"Sobre n\u00f3s - BeeWebs\",\"isPartOf\":{\"@id\":\"https:\/\/beewebs.com\/#website\"},\"datePublished\":\"2024-12-20T17:37:36+00:00\",\"dateModified\":\"2024-12-20T17:37:36+00:00\",\"breadcrumb\":{\"@id\":\"https:\/\/beewebs.com\/sobre-nos\/#breadcrumb\"},\"inLanguage\":\"pl-PL\",\"potentialAction\":[{\"@type\":\"ReadAction\",\"target\":[\"https:\/\/beewebs.com\/sobre-nos\/\"]}]},{\"@type\":\"BreadcrumbList\",\"@id\":\"https:\/\/beewebs.com\/sobre-nos\/#breadcrumb\",\"itemListElement\":[{\"@type\":\"ListItem\",\"position\":1,\"name\":\"Home\",\"item\":\"https:\/\/beewebs.com\/\"},{\"@type\":\"ListItem\",\"position\":2,\"name\":\"Sobre n\u00f3s\"}]},{\"@type\":\"WebSite\",\"@id\":\"https:\/\/beewebs.com\/#website\",\"url\":\"https:\/\/beewebs.com\/\",\"name\":\"BeeWebs\",\"description\":\"\",\"publisher\":{\"@id\":\"https:\/\/beewebs.com\/#organization\"},\"potentialAction\":[{\"@type\":\"SearchAction\",\"target\":{\"@type\":\"EntryPoint\",\"urlTemplate\":\"https:\/\/beewebs.com\/?s={search_term_string}\"},\"query-input\":\"required name=search_term_string\"}],\"inLanguage\":\"pl-PL\"},{\"@type\":\"Organization\",\"@id\":\"https:\/\/beewebs.com\/#organization\",\"name\":\"BeeWebs\",\"url\":\"https:\/\/beewebs.com\/\",\"logo\":{\"@type\":\"ImageObject\",\"inLanguage\":\"pl-PL\",\"@id\":\"https:\/\/beewebs.com\/#\/schema\/logo\/image\/\",\"url\":\"https:\/\/beewebs.com\/wp-content\/uploads\/sites\/130\/2025\/06\/BeeWebs-news.png\",\"contentUrl\":\"https:\/\/beewebs.com\/wp-content\/uploads\/sites\/130\/2025\/06\/BeeWebs-news.png\",\"width\":180,\"height\":60,\"caption\":\"BeeWebs\"},\"image\":{\"@id\":\"https:\/\/beewebs.com\/#\/schema\/logo\/image\/\"}}]}<\/script>\n<!-- \/ Yoast SEO plugin. -->","yoast_head_json":{"title":"Sobre n\u00f3s - BeeWebs","robots":{"index":"index","follow":"follow","max-snippet":"max-snippet:-1","max-image-preview":"max-image-preview:large","max-video-preview":"max-video-preview:-1"},"canonical":"https:\/\/beewebs.com\/pl\/sobre-nos\/","og_locale":"pl_PL","og_type":"article","og_title":"Sobre n\u00f3s - BeeWebs","og_description":"No Beewebs, acreditamos que o acesso a ferramentas digitais de qualidade \u00e9 fundamental para otimizar a&nbsp; vida, inspirar novas ideias [&hellip;]","og_url":"https:\/\/beewebs.com\/pl\/sobre-nos\/","og_site_name":"BeeWebs","twitter_card":"summary_large_image","twitter_misc":{"Est. reading time":"1 minuta"},"schema":{"@context":"https:\/\/schema.org","@graph":[{"@type":"WebPage","@id":"https:\/\/beewebs.com\/sobre-nos\/","url":"https:\/\/beewebs.com\/sobre-nos\/","name":"Sobre n\u00f3s - BeeWebs","isPartOf":{"@id":"https:\/\/beewebs.com\/#website"},"datePublished":"2024-12-20T17:37:36+00:00","dateModified":"2024-12-20T17:37:36+00:00","breadcrumb":{"@id":"https:\/\/beewebs.com\/sobre-nos\/#breadcrumb"},"inLanguage":"pl-PL","potentialAction":[{"@type":"ReadAction","target":["https:\/\/beewebs.com\/sobre-nos\/"]}]},{"@type":"BreadcrumbList","@id":"https:\/\/beewebs.com\/sobre-nos\/#breadcrumb","itemListElement":[{"@type":"ListItem","position":1,"name":"Home","item":"https:\/\/beewebs.com\/"},{"@type":"ListItem","position":2,"name":"Sobre n\u00f3s"}]},{"@type":"WebSite","@id":"https:\/\/beewebs.com\/#website","url":"https:\/\/beewebs.com\/","name":"BeeWebs","description":"","publisher":{"@id":"https:\/\/beewebs.com\/#organization"},"potentialAction":[{"@type":"SearchAction","target":{"@type":"EntryPoint","urlTemplate":"https:\/\/beewebs.com\/?s={search_term_string}"},"query-input":"required name=search_term_string"}],"inLanguage":"pl-PL"},{"@type":"Organization","@id":"https:\/\/beewebs.com\/#organization","name":"BeeWebs","url":"https:\/\/beewebs.com\/","logo":{"@type":"ImageObject","inLanguage":"pl-PL","@id":"https:\/\/beewebs.com\/#\/schema\/logo\/image\/","url":"https:\/\/beewebs.com\/wp-content\/uploads\/sites\/130\/2025\/06\/BeeWebs-news.png","contentUrl":"https:\/\/beewebs.com\/wp-content\/uploads\/sites\/130\/2025\/06\/BeeWebs-news.png","width":180,"height":60,"caption":"BeeWebs"},"image":{"@id":"https:\/\/beewebs.com\/#\/schema\/logo\/image\/"}}]}},"uagb_featured_image_src":{"full":false,"thumbnail":false,"medium":false,"medium_large":false,"large":false,"1536x1536":false,"2048x2048":false,"trp-custom-language-flag":false},"uagb_author_info":{"display_name":"pedrosantosfirefe","author_link":"https:\/\/beewebs.com\/pl\/author\/pedrosantosfirefe\/"},"uagb_comment_info":0,"uagb_excerpt":"No Beewebs, acreditamos que o acesso a ferramentas digitais de qualidade \u00e9 fundamental para otimizar a&nbsp; vida, inspirar novas ideias [&hellip;]","_links":{"self":[{"href":"https:\/\/beewebs.com\/pl\/wp-json\/wp\/v2\/pages\/447"}],"collection":[{"href":"https:\/\/beewebs.com\/pl\/wp-json\/wp\/v2\/pages"}],"about":[{"href":"https:\/\/beewebs.com\/pl\/wp-json\/wp\/v2\/types\/page"}],"author":[{"embeddable":true,"href":"https:\/\/beewebs.com\/pl\/wp-json\/wp\/v2\/users\/97"}],"replies":[{"embeddable":true,"href":"https:\/\/beewebs.com\/pl\/wp-json\/wp\/v2\/comments?post=447"}],"version-history":[{"count":1,"href":"https:\/\/beewebs.com\/pl\/wp-json\/wp\/v2\/pages\/447\/revisions"}],"predecessor-version":[{"id":448,"href":"https:\/\/beewebs.com\/pl\/wp-json\/wp\/v2\/pages\/447\/revisions\/448"}],"wp:attachment":[{"href":"https:\/\/beewebs.com\/pl\/wp-json\/wp\/v2\/media?parent=447"}],"curies":[{"name":"wp","href":"https:\/\/api.w.org\/{rel}","templated":true}]}}