{"id":908,"date":"2024-12-30T13:00:18","date_gmt":"2024-12-30T13:00:18","guid":{"rendered":"https:\/\/beewebs.com\/?page_id=908"},"modified":"2024-12-30T13:00:19","modified_gmt":"2024-12-30T13:00:19","slug":"dmca","status":"publish","type":"page","link":"https:\/\/beewebs.com\/it\/dmca\/","title":{"rendered":"Diritto di propriet\u00e0 intellettuale"},"content":{"rendered":"<h3 class=\"wp-block-heading\">Politica del Digital Millennium Copyright Act<\/h3>\n\n\n\n<p>Benvenuti su (il &quot;BeeWebs.com&quot;). Rispettiamo i diritti di propriet\u00e0 intellettuale degli altri, proprio come ci aspettiamo che gli altri rispettino i nostri diritti. Ai sensi del Digital Millennium Copyright Act, Titolo 17, Codice degli Stati Uniti, Sezione 512(c), il titolare di un copyright o il suo agente pu\u00f2 inviarci una notifica di rimozione tramite il nostro agente DMCA elencato di seguito. In qualit\u00e0 di fornitore di servizi Internet, abbiamo il diritto di rivendicare l&#039;immunit\u00e0 da tali rivendicazioni di violazione ai sensi delle disposizioni di &quot;porto sicuro&quot; del DMCA. Per presentarci un reclamo per violazione in buona fede, \u00e8 necessario inviarci una notifica che contenga le seguenti informazioni:<\/p>\n\n\n\n<p><strong>Avviso di violazione \u2013 Reclamo<\/strong><\/p>\n\n\n\n<p>1. Una firma fisica o elettronica del titolare del copyright (o di qualcuno autorizzato ad agire per conto del titolare);<br>2. Identificazione dell&#039;opera protetta da copyright che si ritiene sia stata violata;<br>3. Identificazione del materiale lesivo da rimuovere e informazioni ragionevolmente sufficienti a consentire al fornitore del servizio di individuare il materiale. [Si prega di inviare l&#039;URL della pagina in questione per aiutarci a identificare l&#039;opera presumibilmente incriminata];<br>4. Informazioni ragionevolmente sufficienti a consentire al fornitore del servizio di contattare la parte reclamante, tra cui nome, indirizzo fisico, indirizzo e-mail, numero di telefono e numero di fax;<br>5. Una dichiarazione attestante che la parte reclamante ritiene in buona fede che l&#039;uso del materiale non sia autorizzato dall&#039;agente responsabile del copyright; E<br>6. Una dichiarazione attestante che le informazioni contenute nella notifica sono accurate e, pena la falsa testimonianza, che la parte reclamante \u00e8 autorizzata ad agire per conto del titolare del copyright.<\/p>\n\n\n\n<p>Il titolo 17 USC \u00a7512(f) prevede sanzioni per danni civili, inclusi costi e parcelle degli avvocati, contro chiunque consapevolmente e materialmente travisi determinate informazioni in una notifica di violazione ai sensi del 17 USC \u00a7512(c)(3).<\/p>\n\n\n\n<p>Invia tutte le notifiche di rimozione tramite la nostra pagina Contatti. Si prega di inviare via e-mail per una rapida attenzione.<\/p>\n\n\n\n<p>Si prega di notare che potremmo condividere l&#039;identit\u00e0 e le informazioni con il presunto trasgressore in caso di reclami per violazione del copyright che dovessimo ricevere. Inviando un reclamo, l&#039;utente comprende, accetta e acconsente che la propria identit\u00e0 e il proprio reclamo possano essere comunicati al presunto trasgressore.<\/p>\n\n\n\n<p><strong>Contronotifica \u2013 Restauro del materiale<\/strong><\/p>\n\n\n\n<p>Se hai ricevuto una notifica di rimozione di materiale a causa di una violazione del copyright, puoi inviarci una contronotifica nel tentativo di far s\u00ec che il materiale in questione venga ripristinato sul sito. Tale notifica deve essere inoltrata per iscritto al nostro agente DMCA e deve contenere sostanzialmente i seguenti elementi ai sensi della sezione 512(g)(3) del 17 USC:<\/p>\n\n\n\n<p>1. La tua firma fisica o elettronica.<br>2. Una descrizione del materiale che \u00e8 stato rimosso e la sua ubicazione originale prima della rimozione.<br>3. Una dichiarazione, sotto pena di falsa testimonianza, in cui si afferma di ritenere in buona fede che il materiale sia stato rimosso o disattivato a causa di un errore o di un&#039;identificazione errata del materiale da rimuovere o disattivare.<br>4. Il tuo nome, indirizzo e numero di telefono, nonch\u00e9 una dichiarazione in cui acconsenti alla giurisdizione del tribunale distrettuale federale per il distretto giudiziario in cui si trova l&#039;indirizzo (o, se ti trovi al di fuori degli Stati Uniti, acconsenti alla giurisdizione di qualsiasi distretto giudiziario in cui si trova il fornitore del servizio) e che accetterai la notifica dell&#039;atto dalla persona o dalla societ\u00e0 che ha fornito la notifica di violazione originale.<br>5. Invia la tua contro-notifica tramite la nostra pagina Contatti. Si consiglia vivamente di contattare l&#039;e-mail.<\/p>\n\n\n\n<p><strong>Politica sui trasgressori recidivi<\/strong><\/p>\n\n\n\n<p>Prendiamo molto seriamente la violazione del copyright. In conformit\u00e0 con i requisiti della politica sui trasgressori recidivi del Digital Millennium Copyright Act, conserviamo un elenco delle notifiche DMCA dei titolari dei diritti d&#039;autore e ci impegniamo in buona fede a identificare eventuali trasgressori recidivi. Chiunque violi la nostra politica interna sui trasgressori recidivi vedr\u00e0 il proprio account chiuso.<\/p>\n\n\n\n<p><strong>Modifiche<\/strong><\/p>\n\n\n\n<p>Ci riserviamo il diritto di modificare il contenuto di questa pagina e la sua politica per la gestione dei reclami DMCA in qualsiasi momento e per qualsiasi motivo. Ti invitiamo a controllare frequentemente questa politica per eventuali modifiche.<\/p>","protected":false},"excerpt":{"rendered":"<p>Digital Millennium Copyright Act Policy Welcome to (the \u201dBeeWebs.com\u201d).We respect the intellectual property rights of others just as we expect [&hellip;]<\/p>","protected":false},"author":97,"featured_media":0,"parent":0,"menu_order":0,"comment_status":"closed","ping_status":"closed","template":"","meta":{"_uag_custom_page_level_css":"","site-sidebar-layout":"default","site-content-layout":"","ast-site-content-layout":"default","site-content-style":"default","site-sidebar-style":"default","ast-global-header-display":"","ast-banner-title-visibility":"","ast-main-header-display":"","ast-hfb-above-header-display":"","ast-hfb-below-header-display":"","ast-hfb-mobile-header-display":"","site-post-title":"","ast-breadcrumbs-content":"","ast-featured-img":"","footer-sml-layout":"","theme-transparent-header-meta":"","adv-header-id-meta":"","stick-header-meta":"","header-above-stick-meta":"","header-main-stick-meta":"","header-below-stick-meta":"","astra-migrate-meta-layouts":"set","ast-page-background-enabled":"default","ast-page-background-meta":{"desktop":{"background-color":"var(--ast-global-color-4)","background-image":"","background-repeat":"repeat","background-position":"center center","background-size":"auto","background-attachment":"scroll","background-type":"","background-media":"","overlay-type":"","overlay-color":"","overlay-opacity":"","overlay-gradient":""},"tablet":{"background-color":"","background-image":"","background-repeat":"repeat","background-position":"center center","background-size":"auto","background-attachment":"scroll","background-type":"","background-media":"","overlay-type":"","overlay-color":"","overlay-opacity":"","overlay-gradient":""},"mobile":{"background-color":"","background-image":"","background-repeat":"repeat","background-position":"center center","background-size":"auto","background-attachment":"scroll","background-type":"","background-media":"","overlay-type":"","overlay-color":"","overlay-opacity":"","overlay-gradient":""}},"ast-content-background-meta":{"desktop":{"background-color":"var(--ast-global-color-5)","background-image":"","background-repeat":"repeat","background-position":"center center","background-size":"auto","background-attachment":"scroll","background-type":"","background-media":"","overlay-type":"","overlay-color":"","overlay-opacity":"","overlay-gradient":""},"tablet":{"background-color":"var(--ast-global-color-5)","background-image":"","background-repeat":"repeat","background-position":"center center","background-size":"auto","background-attachment":"scroll","background-type":"","background-media":"","overlay-type":"","overlay-color":"","overlay-opacity":"","overlay-gradient":""},"mobile":{"background-color":"var(--ast-global-color-5)","background-image":"","background-repeat":"repeat","background-position":"center center","background-size":"auto","background-attachment":"scroll","background-type":"","background-media":"","overlay-type":"","overlay-color":"","overlay-opacity":"","overlay-gradient":""}},"footnotes":""},"yoast_head":"<!-- This site is optimized with the Yoast SEO plugin v23.3 - https:\/\/yoast.com\/wordpress\/plugins\/seo\/ -->\n<title>DMCA - BeeWebs<\/title>\n<meta name=\"robots\" content=\"index, follow, max-snippet:-1, max-image-preview:large, max-video-preview:-1\" \/>\n<link rel=\"canonical\" href=\"https:\/\/beewebs.com\/it\/dmca\/\" \/>\n<meta property=\"og:locale\" content=\"it_IT\" \/>\n<meta property=\"og:type\" content=\"article\" \/>\n<meta property=\"og:title\" content=\"DMCA - BeeWebs\" \/>\n<meta property=\"og:description\" content=\"Digital Millennium Copyright Act Policy Welcome to (the \u201dBeeWebs.com\u201d).We respect the intellectual property rights of others just as we expect [&hellip;]\" \/>\n<meta property=\"og:url\" content=\"https:\/\/beewebs.com\/it\/dmca\/\" \/>\n<meta property=\"og:site_name\" content=\"BeeWebs\" \/>\n<meta property=\"article:modified_time\" content=\"2024-12-30T13:00:19+00:00\" \/>\n<meta name=\"twitter:card\" content=\"summary_large_image\" \/>\n<meta name=\"twitter:label1\" content=\"Est. reading time\" \/>\n\t<meta name=\"twitter:data1\" content=\"3 minuti\" \/>\n<script type=\"application\/ld+json\" class=\"yoast-schema-graph\">{\"@context\":\"https:\/\/schema.org\",\"@graph\":[{\"@type\":\"WebPage\",\"@id\":\"https:\/\/beewebs.com\/dmca\/\",\"url\":\"https:\/\/beewebs.com\/dmca\/\",\"name\":\"DMCA - BeeWebs\",\"isPartOf\":{\"@id\":\"https:\/\/beewebs.com\/#website\"},\"datePublished\":\"2024-12-30T13:00:18+00:00\",\"dateModified\":\"2024-12-30T13:00:19+00:00\",\"breadcrumb\":{\"@id\":\"https:\/\/beewebs.com\/dmca\/#breadcrumb\"},\"inLanguage\":\"it-IT\",\"potentialAction\":[{\"@type\":\"ReadAction\",\"target\":[\"https:\/\/beewebs.com\/dmca\/\"]}]},{\"@type\":\"BreadcrumbList\",\"@id\":\"https:\/\/beewebs.com\/dmca\/#breadcrumb\",\"itemListElement\":[{\"@type\":\"ListItem\",\"position\":1,\"name\":\"Home\",\"item\":\"https:\/\/beewebs.com\/\"},{\"@type\":\"ListItem\",\"position\":2,\"name\":\"DMCA\"}]},{\"@type\":\"WebSite\",\"@id\":\"https:\/\/beewebs.com\/#website\",\"url\":\"https:\/\/beewebs.com\/\",\"name\":\"BeeWebs\",\"description\":\"\",\"publisher\":{\"@id\":\"https:\/\/beewebs.com\/#organization\"},\"potentialAction\":[{\"@type\":\"SearchAction\",\"target\":{\"@type\":\"EntryPoint\",\"urlTemplate\":\"https:\/\/beewebs.com\/?s={search_term_string}\"},\"query-input\":\"required name=search_term_string\"}],\"inLanguage\":\"it-IT\"},{\"@type\":\"Organization\",\"@id\":\"https:\/\/beewebs.com\/#organization\",\"name\":\"BeeWebs\",\"url\":\"https:\/\/beewebs.com\/\",\"logo\":{\"@type\":\"ImageObject\",\"inLanguage\":\"it-IT\",\"@id\":\"https:\/\/beewebs.com\/#\/schema\/logo\/image\/\",\"url\":\"https:\/\/beewebs.com\/wp-content\/uploads\/sites\/130\/2025\/06\/BeeWebs-news.png\",\"contentUrl\":\"https:\/\/beewebs.com\/wp-content\/uploads\/sites\/130\/2025\/06\/BeeWebs-news.png\",\"width\":180,\"height\":60,\"caption\":\"BeeWebs\"},\"image\":{\"@id\":\"https:\/\/beewebs.com\/#\/schema\/logo\/image\/\"}}]}<\/script>\n<!-- \/ Yoast SEO plugin. -->","yoast_head_json":{"title":"DMCA - BeeWebs","robots":{"index":"index","follow":"follow","max-snippet":"max-snippet:-1","max-image-preview":"max-image-preview:large","max-video-preview":"max-video-preview:-1"},"canonical":"https:\/\/beewebs.com\/it\/dmca\/","og_locale":"it_IT","og_type":"article","og_title":"DMCA - BeeWebs","og_description":"Digital Millennium Copyright Act Policy Welcome to (the \u201dBeeWebs.com\u201d).We respect the intellectual property rights of others just as we expect [&hellip;]","og_url":"https:\/\/beewebs.com\/it\/dmca\/","og_site_name":"BeeWebs","article_modified_time":"2024-12-30T13:00:19+00:00","twitter_card":"summary_large_image","twitter_misc":{"Est. reading time":"3 minuti"},"schema":{"@context":"https:\/\/schema.org","@graph":[{"@type":"WebPage","@id":"https:\/\/beewebs.com\/dmca\/","url":"https:\/\/beewebs.com\/dmca\/","name":"DMCA - BeeWebs","isPartOf":{"@id":"https:\/\/beewebs.com\/#website"},"datePublished":"2024-12-30T13:00:18+00:00","dateModified":"2024-12-30T13:00:19+00:00","breadcrumb":{"@id":"https:\/\/beewebs.com\/dmca\/#breadcrumb"},"inLanguage":"it-IT","potentialAction":[{"@type":"ReadAction","target":["https:\/\/beewebs.com\/dmca\/"]}]},{"@type":"BreadcrumbList","@id":"https:\/\/beewebs.com\/dmca\/#breadcrumb","itemListElement":[{"@type":"ListItem","position":1,"name":"Home","item":"https:\/\/beewebs.com\/"},{"@type":"ListItem","position":2,"name":"DMCA"}]},{"@type":"WebSite","@id":"https:\/\/beewebs.com\/#website","url":"https:\/\/beewebs.com\/","name":"BeeWebs","description":"","publisher":{"@id":"https:\/\/beewebs.com\/#organization"},"potentialAction":[{"@type":"SearchAction","target":{"@type":"EntryPoint","urlTemplate":"https:\/\/beewebs.com\/?s={search_term_string}"},"query-input":"required name=search_term_string"}],"inLanguage":"it-IT"},{"@type":"Organization","@id":"https:\/\/beewebs.com\/#organization","name":"BeeWebs","url":"https:\/\/beewebs.com\/","logo":{"@type":"ImageObject","inLanguage":"it-IT","@id":"https:\/\/beewebs.com\/#\/schema\/logo\/image\/","url":"https:\/\/beewebs.com\/wp-content\/uploads\/sites\/130\/2025\/06\/BeeWebs-news.png","contentUrl":"https:\/\/beewebs.com\/wp-content\/uploads\/sites\/130\/2025\/06\/BeeWebs-news.png","width":180,"height":60,"caption":"BeeWebs"},"image":{"@id":"https:\/\/beewebs.com\/#\/schema\/logo\/image\/"}}]}},"uagb_featured_image_src":{"full":false,"thumbnail":false,"medium":false,"medium_large":false,"large":false,"1536x1536":false,"2048x2048":false,"trp-custom-language-flag":false},"uagb_author_info":{"display_name":"pedrosantosfirefe","author_link":"https:\/\/beewebs.com\/it\/author\/pedrosantosfirefe\/"},"uagb_comment_info":0,"uagb_excerpt":"Digital Millennium Copyright Act Policy Welcome to (the \u201dBeeWebs.com\u201d).We respect the intellectual property rights of others just as we expect [&hellip;]","_links":{"self":[{"href":"https:\/\/beewebs.com\/it\/wp-json\/wp\/v2\/pages\/908"}],"collection":[{"href":"https:\/\/beewebs.com\/it\/wp-json\/wp\/v2\/pages"}],"about":[{"href":"https:\/\/beewebs.com\/it\/wp-json\/wp\/v2\/types\/page"}],"author":[{"embeddable":true,"href":"https:\/\/beewebs.com\/it\/wp-json\/wp\/v2\/users\/97"}],"replies":[{"embeddable":true,"href":"https:\/\/beewebs.com\/it\/wp-json\/wp\/v2\/comments?post=908"}],"version-history":[{"count":1,"href":"https:\/\/beewebs.com\/it\/wp-json\/wp\/v2\/pages\/908\/revisions"}],"predecessor-version":[{"id":909,"href":"https:\/\/beewebs.com\/it\/wp-json\/wp\/v2\/pages\/908\/revisions\/909"}],"wp:attachment":[{"href":"https:\/\/beewebs.com\/it\/wp-json\/wp\/v2\/media?parent=908"}],"curies":[{"name":"wp","href":"https:\/\/api.w.org\/{rel}","templated":true}]}}