{"id":456,"date":"2024-12-20T17:41:44","date_gmt":"2024-12-20T17:41:44","guid":{"rendered":"https:\/\/beewebs.com\/?page_id=456"},"modified":"2026-03-13T18:26:47","modified_gmt":"2026-03-13T18:26:47","slug":"terms","status":"publish","type":"page","link":"https:\/\/beewebs.com\/fr\/terms\/","title":{"rendered":"Conditions d&#039;utilisation\u00a0"},"content":{"rendered":"<p>Mise \u00e0 jour le 13 mars 2026<\/p>\n\n\n\n<p>Toiles d&#039;abeilles, accessibles \u00e0<a href=\"https:\/\/beewebs.com\/fr\/\"> https:\/\/beewebs.com\/<\/a>Cette plateforme est exploit\u00e9e par KHS Media O\u00dc, soci\u00e9t\u00e9 bas\u00e9e \u00e0 Harju maakond, Tallinn, Kristiine linnaosa, Kotkapoja tn 2a-10, 10615 Estonie, immatricul\u00e9e au registre du commerce estonien sous le num\u00e9ro 16703073. Elle publie des contenus ind\u00e9pendants, bas\u00e9s sur des recherches approfondies et couvrant divers domaines, tels que des conseils pratiques, des tests d&#039;applications, des formations, des informations financi\u00e8res (pr\u00eats et services de cr\u00e9dit, par exemple), des conseils d&#039;orientation professionnelle, des articles sur le mode de vie et des produits destin\u00e9s \u00e0 un public international. Nos articles visent \u00e0 informer et \u00e0 aider les lecteurs \u00e0 prendre des d\u00e9cisions \u00e9clair\u00e9es, en abordant des sujets vari\u00e9s allant des opportunit\u00e9s de formation et de carri\u00e8re aux tutoriels techniques, en passant par les tests de services et les concepts g\u00e9n\u00e9raux de planification financi\u00e8re, \u00e0 partir de sources publiques v\u00e9rifi\u00e9es.<\/p>\n\n\n\n<p>Nous sommes convaincus que l&#039;acc\u00e8s \u00e0 une information claire et fiable sur l&#039;\u00e9ducation, les outils num\u00e9riques, la finance et le d\u00e9veloppement professionnel joue un r\u00f4le essentiel au quotidien. Notre mission est de rendre l&#039;information plus transparente, fiable et v\u00e9ritablement utile aux lecteurs qui recherchent des r\u00e9ponses claires avant de s&#039;engager dans un service, d&#039;utiliser un produit ou de saisir une opportunit\u00e9.<\/p>\n\n\n\n<p><strong>Avis relatif au contenu global et clause de non-responsabilit\u00e9\u00a0:<\/strong> Beewebs s&#039;attache \u00e0 fournir des contenus informatifs sur un large \u00e9ventail de sujets et de services disponibles sur diff\u00e9rents march\u00e9s internationaux. Bien que nous nous efforcions de refl\u00e9ter des pratiques et des informations exactes, les conditions d&#039;utilisation, les modalit\u00e9s d&#039;inscription, la disponibilit\u00e9 des formations, les crit\u00e8res d&#039;admissibilit\u00e9 et la protection des consommateurs varient consid\u00e9rablement d&#039;un pays et d&#039;un prestataire \u00e0 l&#039;autre, et peuvent \u00e9voluer. Les informations publi\u00e9es sur ce site sont fournies \u00e0 titre informatif uniquement et ne sauraient se substituer aux communications officielles, aux documents contractuels ou aux conseils professionnels (qu&#039;ils soient financiers, juridiques ou relatifs \u00e0 la carri\u00e8re). Nous encourageons les lecteurs \u00e0 v\u00e9rifier tous les d\u00e9tails directement aupr\u00e8s des \u00e9tablissements, d\u00e9veloppeurs ou prestataires de services agr\u00e9\u00e9s avant de prendre toute d\u00e9cision.<\/p>\n\n\n\n<p>Tout le contenu publi\u00e9 sur cette plateforme est \u00e9labor\u00e9 par l&#039;\u00e9quipe \u00e9ditoriale ind\u00e9pendante de Beewebs. Chaque article est r\u00e9dig\u00e9 et relu sans aucune influence directe de la part des organismes de pr\u00eat, des \u00e9tablissements d&#039;enseignement, des d\u00e9veloppeurs d&#039;applications ou des prestataires de services. Ces articles sont con\u00e7us pour des lecteurs en qu\u00eate d&#039;informations claires et document\u00e9es.<\/p>\n\n\n\n<p>En utilisant Beewebs, vous acceptez les politiques, les mentions l\u00e9gales et les conditions d&#039;utilisation pr\u00e9sent\u00e9es sur notre plateforme. Dans ce document et sur l&#039;ensemble du site, les termes \u00ab nous \u00bb, \u00ab notre \u00bb et \u00ab nos \u00bb font r\u00e9f\u00e9rence \u00e0 Beewebs et \u00e0 ses contributeurs \u00e9ditoriaux.<\/p>\n\n\n\n<p>Bien que certains articles puissent mentionner des applications, des \u00e9tablissements d&#039;enseignement, des organismes de pr\u00eat ou des services internationaux, nous ne vendons, ne g\u00e9rons, n&#039;organisons ni ne cautionnons aucun produit ou service tiers. Nous ne sommes affili\u00e9s \u00e0 aucun d\u00e9veloppeur, \u00e9tablissement financier, plateforme \u00e9ducative ou autorit\u00e9 de r\u00e9glementation mentionn\u00e9 dans notre contenu. Beewebs ne propose aucune offre directe, approbation, conseil financier ni recommandation personnalis\u00e9e. Nous n&#039;assurons pas non plus le support client des services tiers.<\/p>\n\n\n\n<p>Beewebs est financ\u00e9 par la publicit\u00e9 de Google AdSense, ce qui nous permet de maintenir l&#039;acc\u00e8s gratuit \u00e0 notre contenu. Les publicit\u00e9s sont affich\u00e9es automatiquement par Google et sont clairement distinctes du contenu \u00e9ditorial. Nous ne percevons aucune commission pour les approbations de services, les inscriptions ou les recommandations effectu\u00e9es via ces publicit\u00e9s. Notre ind\u00e9pendance \u00e9ditoriale est pr\u00e9serv\u00e9e et n&#039;est en aucun cas affect\u00e9e par la pr\u00e9sence de publicit\u00e9s.<\/p>\n\n\n\n<p><strong>Avis de droit d&#039;auteur\u00a0:<\/strong> L&#039;ensemble du contenu \u00e9crit, de la structure et des documents originaux publi\u00e9s dans<a href=\"https:\/\/beewebs.com\/fr\/\"> https:\/\/beewebs.com\/<\/a> Nos contenus sont prot\u00e9g\u00e9s par les lois sur le droit d&#039;auteur en vigueur. Vous pouvez les citer ou les mentionner en citant la source originale et en incluant un lien vers celle-ci. Toute reproduction, duplication ou redistribution non autoris\u00e9e est interdite. Les logos, noms et contenus tiers mentionn\u00e9s dans nos articles restent la propri\u00e9t\u00e9 de leurs d\u00e9tenteurs respectifs et sont utilis\u00e9s \u00e0 des fins d&#039;identification et d&#039;information uniquement, conform\u00e9ment aux principes d&#039;utilisation \u00e9quitable.<em>utilisation \u00e9quitable<\/em>).<\/p>\n\n\n\n<p>VEUILLEZ LIRE ATTENTIVEMENT NOS CONDITIONS D&#039;UTILISATION. SI VOUS N&#039;ACCEPTEZ PAS L&#039;UNE QUELCONQUE DE CES CONDITIONS, VEUILLEZ NE PAS UTILISER Beewebs NI SON CONTENU.<\/p>\n\n\n\n<p><strong>Article I \u2013 Contrat d\u2019utilisation<\/strong><\/p>\n\n\n\n<p>1.1 Lors de l&#039;acc\u00e8s \u00e0 la plateforme Beewebs dans<a href=\"https:\/\/beewebs.com\/fr\/\"> https:\/\/beewebs.com\/<\/a>En proc\u00e9dant ainsi, vous confirmez avoir lu, compris et accept\u00e9 les Conditions d&#039;utilisation. Ce document d\u00e9finit le cadre juridique r\u00e9gissant votre acc\u00e8s \u00e0 l&#039;ensemble du contenu, des ressources et des services fournis par Beewebs, ainsi que vos interactions avec ceux-ci.<\/p>\n\n\n\n<p>1.2 En utilisant ce site web, vous confirmez avoir au moins 18 ans. La poursuite de votre utilisation de la plateforme vaut acceptation \u00e9clair\u00e9e et volontaire de l&#039;ensemble des conditions g\u00e9n\u00e9rales applicables.<\/p>\n\n\n\n<p><strong>Article II \u2013 Communication et soutien<\/strong><\/p>\n\n\n\n<p>2.1 Pour les demandes d&#039;assistance, les rapports de probl\u00e8mes ou les suggestions g\u00e9n\u00e9rales concernant la plateforme, les utilisateurs sont encourag\u00e9s \u00e0 nous contacter via notre formulaire de contact officiel \u00e0 [lien vers le formulaire de contact]. <a href=\"https:\/\/beewebs.com\/fr\/contact\/\">https:\/\/beewebs.com\/contact<\/a> .<\/p>\n\n\n\n<p><strong>Article III \u2013 Responsabilit\u00e9s de l\u2019utilisateur et de la plateforme<\/strong><\/p>\n\n\n\n<p>3.1 Beewebs peut inclure des liens hypertextes vers des sites web externes ou des services num\u00e9riques pour la commodit\u00e9 des utilisateurs. Ces liens tiers sont fournis \u00e0 titre purement informatif. Beewebs ne poss\u00e8de, n&#039;exploite, ne parraine ni n&#039;approuve formellement aucun contenu, service ou plateforme tiers mentionn\u00e9.<\/p>\n\n\n\n<p>3.2 Les utilisateurs qui choisissent d&#039;acc\u00e9der \u00e0 des plateformes externes via des liens pr\u00e9sents sur Beewebs sont enti\u00e8rement responsables de la consultation des conditions d&#039;utilisation applicables de ces entit\u00e9s externes. Beewebs d\u00e9cline toute responsabilit\u00e9 quant au fonctionnement, \u00e0 l&#039;exactitude des informations ou aux politiques juridiques des sites web tiers. Ces interactions se font enti\u00e8rement aux risques et p\u00e9rils de l&#039;utilisateur.<\/p>\n\n\n\n<p>3.3 Beewebs utilise des services publicitaires tels que Google AdSense. La pr\u00e9sence de publicit\u00e9s sur notre portail est strictement commerciale et n&#039;implique aucune approbation de la part de Beewebs envers les marques annonc\u00e9es. L&#039;interaction avec toute publicit\u00e9 rel\u00e8ve de la seule responsabilit\u00e9 de l&#039;utilisateur.<\/p>\n\n\n\n<p>3.4 L&#039;acc\u00e8s \u00e0 Beewebs est gratuit. Nous ne sollicitons pas de dons, ne proposons aucun abonnement et l&#039;utilisation de notre contenu informatif est gratuite. Toute demande de paiement pr\u00e9sent\u00e9e comme provenant de Beewebs doit \u00eatre consid\u00e9r\u00e9e comme frauduleuse.<\/p>\n\n\n\n<p><strong>Article IV \u2013 Conduite interdite<\/strong><\/p>\n\n\n\n<p>Beewebs interdit formellement les actions suivantes sur sa plateforme\u00a0:<\/p>\n\n\n\n<ul>\n<li><strong>Implication dans des activit\u00e9s ill\u00e9gales\u00a0:<\/strong> Utiliser la plateforme pour faciliter, encourager ou coordonner toute forme de comportement ill\u00e9gal.<\/li>\n\n\n\n<li><strong>Violation des droits de propri\u00e9t\u00e9 intellectuelle\u00a0:<\/strong> Toute copie, reproduction ou republication de notre contenu sans autorisation \u00e9crite pr\u00e9alable est interdite.<\/li>\n\n\n\n<li><strong>Comportement diffamatoire ou abusif\u00a0:<\/strong> Harc\u00e8lement, discours haineux ou propos mena\u00e7ants.<\/li>\n\n\n\n<li><strong>Diffusion de code malveillant\u00a0:<\/strong> Diffuser toute forme de logiciel malveillant, de virus ou d&#039;outils de suivi non autoris\u00e9s.<\/li>\n\n\n\n<li><strong>Conduite frauduleuse\u00a0:<\/strong> Tentatives d&#039;hame\u00e7onnage, vol d&#039;identit\u00e9 ou tentatives de contournement des mesures de s\u00e9curit\u00e9 de Beewebs.<\/li>\n<\/ul>\n\n\n\n<p><strong>Article V \u2013 Exclusion de garanties et limitation de responsabilit\u00e9<\/strong><\/p>\n\n\n\n<p>Toutes les informations et ressources fournies par Beewebs sont offertes \u00ab telles quelles \u00bb (<em>tel quel<\/em>) et \u00ab selon disponibilit\u00e9 \u00bb, sans aucune garantie expresse ou implicite.<\/p>\n\n\n\n<p>En acc\u00e9dant \u00e0 Beewebs et en l&#039;utilisant, vous le faites volontairement et \u00e0 vos propres risques. Dans les limites permises par la loi applicable, Beewebs et ses collaborateurs ne sauraient \u00eatre tenus responsables des dommages directs, indirects, accessoires ou cons\u00e9cutifs r\u00e9sultant de votre acc\u00e8s \u00e0 la plateforme ou de son utilisation. Ceci inclut, sans toutefois s&#039;y limiter\u00a0: les pertes financi\u00e8res d\u00e9coulant de d\u00e9cisions prises sur la base de notre contenu informationnel, les interruptions techniques ou les cons\u00e9quences li\u00e9es \u00e0 l&#039;interaction avec des liens tiers.<\/p>\n\n\n\n<p><strong>Article VI \u2013 Dur\u00e9e et terme l\u00e9gal<\/strong><\/p>\n\n\n\n<p>Toutes les dispositions des pr\u00e9sentes Conditions d&#039;utilisation demeurent juridiquement contraignantes pendant toute la dur\u00e9e de l&#039;interaction de l&#039;utilisateur avec la plateforme. En cas de litige relatif \u00e0 l&#039;utilisation de Beewebs, les utilisateurs doivent formuler toute r\u00e9clamation formelle dans un d\u00e9lai d&#039;un (1) an \u00e0 compter de la date d&#039;apparition du probl\u00e8me.<\/p>\n\n\n\n<p><strong>Article VII \u2013 Droit applicable et juridiction comp\u00e9tente<\/strong><\/p>\n\n\n\n<p><strong>7.1 Droit applicable<\/strong> Les pr\u00e9sentes conditions d&#039;utilisation sont r\u00e9gies par le droit estonien et interpr\u00e9t\u00e9es conform\u00e9ment \u00e0 celui-ci. Si vous \u00eates un consommateur r\u00e9sidant hors d&#039;Estonie, la pr\u00e9sente clause ne vous prive pas des protections obligatoires que vous conf\u00e8rent les lois applicables en mati\u00e8re de protection des consommateurs de votre pays de r\u00e9sidence.<\/p>\n\n\n\n<p><strong>7.2 Juridiction<\/strong> En utilisant nos Services, vous acceptez que toute action ou proc\u00e9dure judiciaire d\u00e9coulant des pr\u00e9sentes Conditions g\u00e9n\u00e9rales soit port\u00e9e exclusivement devant les tribunaux comp\u00e9tents situ\u00e9s \u00e0 Tallinn, en Estonie.<\/p>\n\n\n\n<p><strong>7.3 Renonciation aux recours collectifs<\/strong> Dans toute la mesure permise par la loi applicable, vous acceptez que toute proc\u00e9dure de r\u00e8glement des diff\u00e9rends soit men\u00e9e exclusivement sur une base individuelle et non dans le cadre d&#039;un recours collectif.<\/p>\n\n\n\n<p><strong>Article VIII \u2013 Modifications des conditions g\u00e9n\u00e9rales<\/strong><\/p>\n\n\n\n<p>Beewebs se r\u00e9serve le droit de modifier, de r\u00e9viser ou d&#039;interrompre tout ou partie de ses Conditions d&#039;utilisation \u00e0 tout moment. Le fait de continuer \u00e0 acc\u00e9der \u00e0 la plateforme apr\u00e8s de telles modifications vaut acceptation expresse des conditions r\u00e9vis\u00e9es.<\/p>\n\n\n\n<p><strong>Article IX \u2013 Informations de contact<\/strong><\/p>\n\n\n\n<p>Si vous avez des questions concernant ces conditions g\u00e9n\u00e9rales, veuillez nous contacter via notre page officielle\u00a0:<a href=\"https:\/\/www.google.com\/search?q=https:\/\/beewebs.com\/contact&amp;authuser=1\"> https:\/\/beewebs.com\/contact<\/a>.<\/p>\n\n\n\n<p><strong>KHS Media O\u00dc<\/strong><br>Num\u00e9ro d&#039;immatriculation des entreprises estoniennes : 16703073<br>Harju maakond, Tallinn, Kristiine linnaosa, Kotkapoja<br>tn 2a-10, 10615 Estonie<\/p>\n\n\n\n<p><\/p>\n\n\n\n<p><\/p>","protected":false},"excerpt":{"rendered":"<p>Atualizado em 13 de mar\u00e7o de 2026 O Beewebs, acess\u00edvel em https:\/\/beewebs.com\/, \u00e9 operado pela KHS M\u00eddia O\u00dc, empresa sediada [&hellip;]<\/p>","protected":false},"author":97,"featured_media":0,"parent":0,"menu_order":0,"comment_status":"closed","ping_status":"closed","template":"","meta":{"_uag_custom_page_level_css":"","site-sidebar-layout":"default","site-content-layout":"","ast-site-content-layout":"default","site-content-style":"default","site-sidebar-style":"default","ast-global-header-display":"","ast-banner-title-visibility":"","ast-main-header-display":"","ast-hfb-above-header-display":"","ast-hfb-below-header-display":"","ast-hfb-mobile-header-display":"","site-post-title":"","ast-breadcrumbs-content":"","ast-featured-img":"","footer-sml-layout":"","theme-transparent-header-meta":"","adv-header-id-meta":"","stick-header-meta":"","header-above-stick-meta":"","header-main-stick-meta":"","header-below-stick-meta":"","astra-migrate-meta-layouts":"set","ast-page-background-enabled":"default","ast-page-background-meta":{"desktop":{"background-color":"var(--ast-global-color-4)","background-image":"","background-repeat":"repeat","background-position":"center center","background-size":"auto","background-attachment":"scroll","background-type":"","background-media":"","overlay-type":"","overlay-color":"","overlay-opacity":"","overlay-gradient":""},"tablet":{"background-color":"","background-image":"","background-repeat":"repeat","background-position":"center center","background-size":"auto","background-attachment":"scroll","background-type":"","background-media":"","overlay-type":"","overlay-color":"","overlay-opacity":"","overlay-gradient":""},"mobile":{"background-color":"","background-image":"","background-repeat":"repeat","background-position":"center center","background-size":"auto","background-attachment":"scroll","background-type":"","background-media":"","overlay-type":"","overlay-color":"","overlay-opacity":"","overlay-gradient":""}},"ast-content-background-meta":{"desktop":{"background-color":"var(--ast-global-color-5)","background-image":"","background-repeat":"repeat","background-position":"center center","background-size":"auto","background-attachment":"scroll","background-type":"","background-media":"","overlay-type":"","overlay-color":"","overlay-opacity":"","overlay-gradient":""},"tablet":{"background-color":"var(--ast-global-color-5)","background-image":"","background-repeat":"repeat","background-position":"center center","background-size":"auto","background-attachment":"scroll","background-type":"","background-media":"","overlay-type":"","overlay-color":"","overlay-opacity":"","overlay-gradient":""},"mobile":{"background-color":"var(--ast-global-color-5)","background-image":"","background-repeat":"repeat","background-position":"center center","background-size":"auto","background-attachment":"scroll","background-type":"","background-media":"","overlay-type":"","overlay-color":"","overlay-opacity":"","overlay-gradient":""}},"footnotes":""},"yoast_head":"<!-- This site is optimized with the Yoast SEO plugin v23.3 - https:\/\/yoast.com\/wordpress\/plugins\/seo\/ -->\n<title>Termos de Uso\u00a0 - BeeWebs<\/title>\n<meta name=\"robots\" content=\"index, follow, max-snippet:-1, max-image-preview:large, max-video-preview:-1\" \/>\n<link rel=\"canonical\" href=\"https:\/\/beewebs.com\/fr\/terms\/\" \/>\n<meta property=\"og:locale\" content=\"fr_FR\" \/>\n<meta property=\"og:type\" content=\"article\" \/>\n<meta property=\"og:title\" content=\"Termos de Uso\u00a0 - BeeWebs\" \/>\n<meta property=\"og:description\" content=\"Atualizado em 13 de mar\u00e7o de 2026 O Beewebs, acess\u00edvel em https:\/\/beewebs.com\/, \u00e9 operado pela KHS M\u00eddia O\u00dc, empresa sediada [&hellip;]\" \/>\n<meta property=\"og:url\" content=\"https:\/\/beewebs.com\/fr\/terms\/\" \/>\n<meta property=\"og:site_name\" content=\"BeeWebs\" \/>\n<meta property=\"article:modified_time\" content=\"2026-03-13T18:26:47+00:00\" \/>\n<meta name=\"twitter:card\" content=\"summary_large_image\" \/>\n<meta name=\"twitter:label1\" content=\"Est. reading time\" \/>\n\t<meta name=\"twitter:data1\" content=\"8 minutes\" \/>\n<script type=\"application\/ld+json\" class=\"yoast-schema-graph\">{\"@context\":\"https:\/\/schema.org\",\"@graph\":[{\"@type\":\"WebPage\",\"@id\":\"https:\/\/beewebs.com\/terms\/\",\"url\":\"https:\/\/beewebs.com\/terms\/\",\"name\":\"Termos de Uso\u00a0 - BeeWebs\",\"isPartOf\":{\"@id\":\"https:\/\/beewebs.com\/#website\"},\"datePublished\":\"2024-12-20T17:41:44+00:00\",\"dateModified\":\"2026-03-13T18:26:47+00:00\",\"breadcrumb\":{\"@id\":\"https:\/\/beewebs.com\/terms\/#breadcrumb\"},\"inLanguage\":\"fr-FR\",\"potentialAction\":[{\"@type\":\"ReadAction\",\"target\":[\"https:\/\/beewebs.com\/terms\/\"]}]},{\"@type\":\"BreadcrumbList\",\"@id\":\"https:\/\/beewebs.com\/terms\/#breadcrumb\",\"itemListElement\":[{\"@type\":\"ListItem\",\"position\":1,\"name\":\"Home\",\"item\":\"https:\/\/beewebs.com\/\"},{\"@type\":\"ListItem\",\"position\":2,\"name\":\"Termos de Uso\u00a0\"}]},{\"@type\":\"WebSite\",\"@id\":\"https:\/\/beewebs.com\/#website\",\"url\":\"https:\/\/beewebs.com\/\",\"name\":\"BeeWebs\",\"description\":\"\",\"publisher\":{\"@id\":\"https:\/\/beewebs.com\/#organization\"},\"potentialAction\":[{\"@type\":\"SearchAction\",\"target\":{\"@type\":\"EntryPoint\",\"urlTemplate\":\"https:\/\/beewebs.com\/?s={search_term_string}\"},\"query-input\":\"required name=search_term_string\"}],\"inLanguage\":\"fr-FR\"},{\"@type\":\"Organization\",\"@id\":\"https:\/\/beewebs.com\/#organization\",\"name\":\"BeeWebs\",\"url\":\"https:\/\/beewebs.com\/\",\"logo\":{\"@type\":\"ImageObject\",\"inLanguage\":\"fr-FR\",\"@id\":\"https:\/\/beewebs.com\/#\/schema\/logo\/image\/\",\"url\":\"https:\/\/beewebs.com\/wp-content\/uploads\/sites\/130\/2025\/06\/BeeWebs-news.png\",\"contentUrl\":\"https:\/\/beewebs.com\/wp-content\/uploads\/sites\/130\/2025\/06\/BeeWebs-news.png\",\"width\":180,\"height\":60,\"caption\":\"BeeWebs\"},\"image\":{\"@id\":\"https:\/\/beewebs.com\/#\/schema\/logo\/image\/\"}}]}<\/script>\n<!-- \/ Yoast SEO plugin. -->","yoast_head_json":{"title":"Termos de Uso\u00a0 - BeeWebs","robots":{"index":"index","follow":"follow","max-snippet":"max-snippet:-1","max-image-preview":"max-image-preview:large","max-video-preview":"max-video-preview:-1"},"canonical":"https:\/\/beewebs.com\/fr\/terms\/","og_locale":"fr_FR","og_type":"article","og_title":"Termos de Uso\u00a0 - BeeWebs","og_description":"Atualizado em 13 de mar\u00e7o de 2026 O Beewebs, acess\u00edvel em https:\/\/beewebs.com\/, \u00e9 operado pela KHS M\u00eddia O\u00dc, empresa sediada [&hellip;]","og_url":"https:\/\/beewebs.com\/fr\/terms\/","og_site_name":"BeeWebs","article_modified_time":"2026-03-13T18:26:47+00:00","twitter_card":"summary_large_image","twitter_misc":{"Est. reading time":"8 minutes"},"schema":{"@context":"https:\/\/schema.org","@graph":[{"@type":"WebPage","@id":"https:\/\/beewebs.com\/terms\/","url":"https:\/\/beewebs.com\/terms\/","name":"Termos de Uso\u00a0 - BeeWebs","isPartOf":{"@id":"https:\/\/beewebs.com\/#website"},"datePublished":"2024-12-20T17:41:44+00:00","dateModified":"2026-03-13T18:26:47+00:00","breadcrumb":{"@id":"https:\/\/beewebs.com\/terms\/#breadcrumb"},"inLanguage":"fr-FR","potentialAction":[{"@type":"ReadAction","target":["https:\/\/beewebs.com\/terms\/"]}]},{"@type":"BreadcrumbList","@id":"https:\/\/beewebs.com\/terms\/#breadcrumb","itemListElement":[{"@type":"ListItem","position":1,"name":"Home","item":"https:\/\/beewebs.com\/"},{"@type":"ListItem","position":2,"name":"Termos de Uso\u00a0"}]},{"@type":"WebSite","@id":"https:\/\/beewebs.com\/#website","url":"https:\/\/beewebs.com\/","name":"BeeWebs","description":"","publisher":{"@id":"https:\/\/beewebs.com\/#organization"},"potentialAction":[{"@type":"SearchAction","target":{"@type":"EntryPoint","urlTemplate":"https:\/\/beewebs.com\/?s={search_term_string}"},"query-input":"required name=search_term_string"}],"inLanguage":"fr-FR"},{"@type":"Organization","@id":"https:\/\/beewebs.com\/#organization","name":"BeeWebs","url":"https:\/\/beewebs.com\/","logo":{"@type":"ImageObject","inLanguage":"fr-FR","@id":"https:\/\/beewebs.com\/#\/schema\/logo\/image\/","url":"https:\/\/beewebs.com\/wp-content\/uploads\/sites\/130\/2025\/06\/BeeWebs-news.png","contentUrl":"https:\/\/beewebs.com\/wp-content\/uploads\/sites\/130\/2025\/06\/BeeWebs-news.png","width":180,"height":60,"caption":"BeeWebs"},"image":{"@id":"https:\/\/beewebs.com\/#\/schema\/logo\/image\/"}}]}},"uagb_featured_image_src":{"full":false,"thumbnail":false,"medium":false,"medium_large":false,"large":false,"1536x1536":false,"2048x2048":false,"trp-custom-language-flag":false},"uagb_author_info":{"display_name":"pedrosantosfirefe","author_link":"https:\/\/beewebs.com\/fr\/author\/pedrosantosfirefe\/"},"uagb_comment_info":0,"uagb_excerpt":"Atualizado em 13 de mar\u00e7o de 2026 O Beewebs, acess\u00edvel em https:\/\/beewebs.com\/, \u00e9 operado pela KHS M\u00eddia O\u00dc, empresa sediada [&hellip;]","_links":{"self":[{"href":"https:\/\/beewebs.com\/fr\/wp-json\/wp\/v2\/pages\/456"}],"collection":[{"href":"https:\/\/beewebs.com\/fr\/wp-json\/wp\/v2\/pages"}],"about":[{"href":"https:\/\/beewebs.com\/fr\/wp-json\/wp\/v2\/types\/page"}],"author":[{"embeddable":true,"href":"https:\/\/beewebs.com\/fr\/wp-json\/wp\/v2\/users\/97"}],"replies":[{"embeddable":true,"href":"https:\/\/beewebs.com\/fr\/wp-json\/wp\/v2\/comments?post=456"}],"version-history":[{"count":2,"href":"https:\/\/beewebs.com\/fr\/wp-json\/wp\/v2\/pages\/456\/revisions"}],"predecessor-version":[{"id":10361,"href":"https:\/\/beewebs.com\/fr\/wp-json\/wp\/v2\/pages\/456\/revisions\/10361"}],"wp:attachment":[{"href":"https:\/\/beewebs.com\/fr\/wp-json\/wp\/v2\/media?parent=456"}],"curies":[{"name":"wp","href":"https:\/\/api.w.org\/{rel}","templated":true}]}}