{"id":429,"date":"2024-11-28T17:22:58","date_gmt":"2024-11-28T17:22:58","guid":{"rendered":"https:\/\/beewebs.com\/home-2\/"},"modified":"2026-04-21T01:03:14","modified_gmt":"2026-04-21T01:03:14","slug":"home","status":"publish","type":"page","link":"https:\/\/beewebs.com\/fr\/","title":{"rendered":"Maison"},"content":{"rendered":"<div class=\"wp-block-uagb-container uagb-block-a28347b6 alignfull uagb-is-root-container\"><div class=\"uagb-container-inner-blocks-wrap\">\n<div class=\"wp-block-uagb-info-box uagb-block-6357f7e6 uagb-infobox__content-wrap  uagb-infobox-icon-above-title uagb-infobox-image-valign-top wp-block-uagb-info-box--has-margin\"><div class=\"uagb-infobox-margin-wrapper\"><div class=\"uagb-ifb-content\"><div class=\"uagb-ifb-title-wrap\"><h1 class=\"uagb-ifb-title\">Des outils, des opportunit\u00e9s et des contenus qui font la diff\u00e9rence.<\/h1><\/div><div class=\"uagb-ifb-button-wrapper wp-block-button\"><a href=\"https:\/\/beewebs.com\/fr\/category\/dicas\/\" class=\"uagb-infobox-cta-link wp-block-button__link\" target=\"_self\" rel=\"noopener noreferrer\"><span class=\"uagb-inline-editing\">Conseils<\/span><\/a><\/div><\/div><\/div><\/div>\n<\/div><\/div>\n\n\n\n<div class=\"wp-block-uagb-container uagb-block-06fffa5e alignfull uagb-is-root-container\"><div class=\"uagb-container-inner-blocks-wrap\">\n<div class=\"wp-block-uagb-advanced-heading uagb-block-e57efb3a\"><h2 class=\"uagb-heading-text\">Explorez les applications, les cours et les opportunit\u00e9s qui peuvent vous ouvrir de nouvelles perspectives.<\/h2><\/div>\n\n\n\n<div class=\"wp-block-uagb-container uagb-layout-grid uagb-block-20f60053 alignfull uagb-is-root-container\"><div class=\"uagb-container-inner-blocks-wrap\">\n<div class=\"wp-block-uagb-info-box uagb-block-c4764eda uagb-infobox__content-wrap  uagb-infobox-icon-above-title uagb-infobox-image-valign-top wp-block-uagb-info-box--has-margin\"><div class=\"uagb-infobox-margin-wrapper\"><div class=\"uagb-ifb-content\"><div class=\"uagb-ifb-title-wrap\"><h4 class=\"uagb-ifb-title\">D\u00e9couvrez de nouvelles fa\u00e7ons de vous d\u00e9velopper.<\/h4><\/div><p class=\"uagb-ifb-desc\">Acc\u00e9dez \u00e0 du contenu sur les outils num\u00e9riques, l&#039;apprentissage en ligne et les opportunit\u00e9s qui peuvent contribuer \u00e0 votre d\u00e9veloppement personnel et professionnel.<\/p><\/div><\/div><\/div>\n\n\n\n<div class=\"wp-block-uagb-info-box uagb-block-b3afdc8c uagb-infobox__content-wrap  uagb-infobox-icon-above-title uagb-infobox-image-valign-top wp-block-uagb-info-box--has-margin\"><div class=\"uagb-infobox-margin-wrapper\"><div class=\"uagb-ifb-content\"><div class=\"uagb-ifb-title-wrap\"><h4 class=\"uagb-ifb-title\">Apprendre, appliquer et \u00e9voluer.<\/h4><\/div><p class=\"uagb-ifb-desc\">Nous avons s\u00e9lectionn\u00e9 des applications, des cours et des plateformes qui vous aideront \u00e0 mettre en pratique de nouvelles comp\u00e9tences et \u00e0 rester au fait des \u00e9volutions du monde num\u00e9rique.<\/p><\/div><\/div><\/div>\n\n\n\n<div class=\"wp-block-uagb-info-box uagb-block-f7c8e088 uagb-infobox__content-wrap  uagb-infobox-icon-above-title uagb-infobox-image-valign-top wp-block-uagb-info-box--has-margin\"><div class=\"uagb-infobox-margin-wrapper\"><div class=\"uagb-ifb-content\"><div class=\"uagb-ifb-title-wrap\"><h4 class=\"uagb-ifb-title\">Plus de contr\u00f4le sur votre parcours num\u00e9rique.<\/h4><\/div><p class=\"uagb-ifb-desc\">D\u00e9couvrez des ressources qui peuvent vous faciliter la vie au quotidien, \u00e9largir vos options et vous aider \u00e0 trouver de nouvelles possibilit\u00e9s avec plus de clart\u00e9.<br><a href=\"https:\/\/websitedemos.net\/professional-services-02\/?customize_changeset_uuid=d8b36c07-94c8-45b3-8f93-173af52981d1&amp;customize_theme=astra&amp;customize_messenger_channel=preview-0#\"><\/a><\/p><\/div><\/div><\/div>\n<\/div><\/div>\n\n\n\n<div class=\"wp-block-uagb-buttons uagb-buttons__outer-wrap uagb-btn__default-btn uagb-btn-tablet__default-btn uagb-btn-mobile__default-btn uagb-block-d217accb\"><div class=\"uagb-buttons__wrap uagb-buttons-layout-wrap\"><\/div><\/div>\n<\/div><\/div>\n\n\n\n<div class=\"wp-block-uagb-container uagb-block-5a9ca893 alignfull uagb-is-root-container\"><div class=\"uagb-container-inner-blocks-wrap\">\n<div class=\"wp-block-uagb-container uagb-layout-grid uagb-block-a68b7546 alignfull uagb-is-root-container\"><div class=\"uagb-container-inner-blocks-wrap\">\n<div class=\"wp-block-uagb-image uagb-block-b654844f wp-block-uagb-image--layout-default wp-block-uagb-image--effect-static wp-block-uagb-image--align-none\"><figure class=\"wp-block-uagb-image__figure\"><img decoding=\"async\" src=\"https:\/\/beewebs.com\/wp-content\/uploads\/sites\/130\/2025\/01\/Imagem-2-Ajustada-1024x683-1.jpg\" alt=\"\" class=\"uag-image-965\" width=\"600\" height=\"480\" title=\"Image 2 ajust\u00e9e 1024x683\" loading=\"lazy\" role=\"img\" \/><\/figure><\/div>\n\n\n\n<div class=\"wp-block-uagb-info-box uagb-block-87795900 uagb-infobox__content-wrap  uagb-infobox-icon-above-title uagb-infobox-image-valign-top wp-block-uagb-info-box--has-margin\"><div class=\"uagb-infobox-margin-wrapper\"><div class=\"uagb-ifb-content\"><div class=\"uagb-ifb-title-wrap\"><h4 class=\"uagb-ifb-title-prefix\">La technologie et les opportunit\u00e9s pour votre vie quotidienne.<\/h4><h2 class=\"uagb-ifb-title\">Les meilleures applications, les meilleurs cours et les meilleures opportunit\u00e9s<\/h2><\/div><p class=\"uagb-ifb-desc\">Vous cherchez des solutions pratiques pour am\u00e9liorer votre quotidien num\u00e9rique\u00a0? Vous trouverez ici des contenus sur des applications utiles, des formations abordables et des opportunit\u00e9s pour gagner du temps, acqu\u00e9rir de nouvelles comp\u00e9tences et explorer de nouvelles perspectives.<\/p><div class=\"uagb-ifb-button-wrapper wp-block-button\"><a href=\"https:\/\/beewebs.com\/fr\/category\/areas-do-conhecimento\/\" class=\"uagb-infobox-cta-link wp-block-button__link\" target=\"_self\" rel=\"noopener noreferrer\"><span class=\"uagb-inline-editing\">Domaines de connaissances<\/span><\/a><\/div><\/div><\/div><\/div>\n<\/div><\/div>\n<\/div><\/div>\n\n\n\n<div class=\"wp-block-uagb-container uagb-block-05fd2311 alignfull uagb-is-root-container\"><div class=\"uagb-container-inner-blocks-wrap\">\n<div class=\"wp-block-uagb-info-box uagb-block-5f43401b uagb-infobox__content-wrap  uagb-infobox-icon-above-title uagb-infobox-image-valign-top wp-block-uagb-info-box--has-margin\"><div class=\"uagb-infobox-margin-wrapper\"><div class=\"uagb-ifb-content\"><div class=\"uagb-ifb-title-wrap\"><h2 class=\"uagb-ifb-title\">D\u00e9couvrez de nouvelles fa\u00e7ons d&#039;apprendre, de travailler et de vous \u00e9panouir dans le monde num\u00e9rique.<\/h2><\/div><div class=\"uagb-ifb-button-wrapper wp-block-button\"><a href=\"https:\/\/beewebs.com\/fr\/category\/cursos-gratuitos\/\" class=\"uagb-infobox-cta-link wp-block-button__link\" target=\"_self\" rel=\"noopener noreferrer\"><span class=\"uagb-inline-editing\">Cours gratuits<\/span><\/a><\/div><\/div><\/div><\/div>\n<\/div><\/div>","protected":false},"excerpt":{"rendered":"<p>Explorez les applications, les cours et les opportunit\u00e9s qui peuvent vous ouvrir de nouvelles perspectives.<\/p>","protected":false},"author":2,"featured_media":0,"parent":0,"menu_order":0,"comment_status":"closed","ping_status":"closed","template":"","meta":{"_uag_custom_page_level_css":"","site-sidebar-layout":"no-sidebar","site-content-layout":"plain-container","ast-site-content-layout":"normal-width-container","site-content-style":"unboxed","site-sidebar-style":"unboxed","ast-global-header-display":"","ast-banner-title-visibility":"","ast-main-header-display":"","ast-hfb-above-header-display":"","ast-hfb-below-header-display":"","ast-hfb-mobile-header-display":"","site-post-title":"disabled","ast-breadcrumbs-content":"","ast-featured-img":"","footer-sml-layout":"","theme-transparent-header-meta":"default","adv-header-id-meta":"","stick-header-meta":"","header-above-stick-meta":"","header-main-stick-meta":"","header-below-stick-meta":"","astra-migrate-meta-layouts":"set","ast-page-background-enabled":"default","ast-page-background-meta":{"desktop":{"background-color":"var(--ast-global-color-4)","background-image":"","background-repeat":"repeat","background-position":"center center","background-size":"auto","background-attachment":"scroll","background-type":"","background-media":"","overlay-type":"","overlay-color":"","overlay-opacity":"","overlay-gradient":""},"tablet":{"background-color":"","background-image":"","background-repeat":"repeat","background-position":"center center","background-size":"auto","background-attachment":"scroll","background-type":"","background-media":"","overlay-type":"","overlay-color":"","overlay-opacity":"","overlay-gradient":""},"mobile":{"background-color":"","background-image":"","background-repeat":"repeat","background-position":"center center","background-size":"auto","background-attachment":"scroll","background-type":"","background-media":"","overlay-type":"","overlay-color":"","overlay-opacity":"","overlay-gradient":""}},"ast-content-background-meta":{"desktop":{"background-color":"var(--ast-global-color-5)","background-image":"","background-repeat":"repeat","background-position":"center center","background-size":"auto","background-attachment":"scroll","background-type":"","background-media":"","overlay-type":"","overlay-color":"","overlay-opacity":"","overlay-gradient":""},"tablet":{"background-color":"var(--ast-global-color-5)","background-image":"","background-repeat":"repeat","background-position":"center center","background-size":"auto","background-attachment":"scroll","background-type":"","background-media":"","overlay-type":"","overlay-color":"","overlay-opacity":"","overlay-gradient":""},"mobile":{"background-color":"var(--ast-global-color-5)","background-image":"","background-repeat":"repeat","background-position":"center center","background-size":"auto","background-attachment":"scroll","background-type":"","background-media":"","overlay-type":"","overlay-color":"","overlay-opacity":"","overlay-gradient":""}},"footnotes":""},"yoast_head":"<!-- This site is optimized with the Yoast SEO plugin v23.3 - https:\/\/yoast.com\/wordpress\/plugins\/seo\/ -->\n<title>Home - BeeWebs<\/title>\n<meta name=\"robots\" content=\"index, follow, max-snippet:-1, max-image-preview:large, max-video-preview:-1\" \/>\n<link rel=\"canonical\" href=\"https:\/\/beewebs.com\/fr\/\" \/>\n<meta property=\"og:locale\" content=\"fr_FR\" \/>\n<meta property=\"og:type\" content=\"article\" \/>\n<meta property=\"og:title\" content=\"Home - BeeWebs\" \/>\n<meta property=\"og:description\" content=\"Explore apps, cursos e oportunidades que podem abrir novos caminhos para voc\u00ea\" \/>\n<meta property=\"og:url\" content=\"https:\/\/beewebs.com\/fr\/\" \/>\n<meta property=\"og:site_name\" content=\"BeeWebs\" \/>\n<meta property=\"article:modified_time\" content=\"2026-04-21T01:03:14+00:00\" \/>\n<meta property=\"og:image\" content=\"https:\/\/beewebs.com\/wp-content\/uploads\/sites\/130\/2025\/01\/Imagem-2-Ajustada-1024x683-1.jpg\" \/>\n<meta name=\"twitter:card\" content=\"summary_large_image\" \/>\n<meta name=\"twitter:label1\" content=\"Est. reading time\" \/>\n\t<meta name=\"twitter:data1\" content=\"2 minutes\" \/>\n<script type=\"application\/ld+json\" class=\"yoast-schema-graph\">{\"@context\":\"https:\/\/schema.org\",\"@graph\":[{\"@type\":\"WebPage\",\"@id\":\"https:\/\/beewebs.com\/\",\"url\":\"https:\/\/beewebs.com\/\",\"name\":\"Home - BeeWebs\",\"isPartOf\":{\"@id\":\"https:\/\/beewebs.com\/#website\"},\"primaryImageOfPage\":{\"@id\":\"https:\/\/beewebs.com\/#primaryimage\"},\"image\":{\"@id\":\"https:\/\/beewebs.com\/#primaryimage\"},\"thumbnailUrl\":\"https:\/\/beewebs.com\/wp-content\/uploads\/sites\/130\/2025\/01\/Imagem-2-Ajustada-1024x683-1.jpg\",\"datePublished\":\"2024-11-28T17:22:58+00:00\",\"dateModified\":\"2026-04-21T01:03:14+00:00\",\"breadcrumb\":{\"@id\":\"https:\/\/beewebs.com\/#breadcrumb\"},\"inLanguage\":\"fr-FR\",\"potentialAction\":[{\"@type\":\"ReadAction\",\"target\":[\"https:\/\/beewebs.com\/\"]}]},{\"@type\":\"ImageObject\",\"inLanguage\":\"fr-FR\",\"@id\":\"https:\/\/beewebs.com\/#primaryimage\",\"url\":\"https:\/\/beewebs.com\/wp-content\/uploads\/sites\/130\/2025\/01\/Imagem-2-Ajustada-1024x683-1.jpg\",\"contentUrl\":\"https:\/\/beewebs.com\/wp-content\/uploads\/sites\/130\/2025\/01\/Imagem-2-Ajustada-1024x683-1.jpg\"},{\"@type\":\"BreadcrumbList\",\"@id\":\"https:\/\/beewebs.com\/#breadcrumb\",\"itemListElement\":[{\"@type\":\"ListItem\",\"position\":1,\"name\":\"Home\",\"item\":\"https:\/\/beewebs.com\/\"},{\"@type\":\"ListItem\",\"position\":2,\"name\":\"Home\"}]},{\"@type\":\"WebSite\",\"@id\":\"https:\/\/beewebs.com\/#website\",\"url\":\"https:\/\/beewebs.com\/\",\"name\":\"BeeWebs\",\"description\":\"\",\"publisher\":{\"@id\":\"https:\/\/beewebs.com\/#organization\"},\"potentialAction\":[{\"@type\":\"SearchAction\",\"target\":{\"@type\":\"EntryPoint\",\"urlTemplate\":\"https:\/\/beewebs.com\/?s={search_term_string}\"},\"query-input\":\"required name=search_term_string\"}],\"inLanguage\":\"fr-FR\"},{\"@type\":\"Organization\",\"@id\":\"https:\/\/beewebs.com\/#organization\",\"name\":\"BeeWebs\",\"url\":\"https:\/\/beewebs.com\/\",\"logo\":{\"@type\":\"ImageObject\",\"inLanguage\":\"fr-FR\",\"@id\":\"https:\/\/beewebs.com\/#\/schema\/logo\/image\/\",\"url\":\"https:\/\/beewebs.com\/wp-content\/uploads\/sites\/130\/2025\/06\/BeeWebs-news.png\",\"contentUrl\":\"https:\/\/beewebs.com\/wp-content\/uploads\/sites\/130\/2025\/06\/BeeWebs-news.png\",\"width\":180,\"height\":60,\"caption\":\"BeeWebs\"},\"image\":{\"@id\":\"https:\/\/beewebs.com\/#\/schema\/logo\/image\/\"}}]}<\/script>\n<!-- \/ Yoast SEO plugin. -->","yoast_head_json":{"title":"Home - BeeWebs","robots":{"index":"index","follow":"follow","max-snippet":"max-snippet:-1","max-image-preview":"max-image-preview:large","max-video-preview":"max-video-preview:-1"},"canonical":"https:\/\/beewebs.com\/fr\/","og_locale":"fr_FR","og_type":"article","og_title":"Home - BeeWebs","og_description":"Explore apps, cursos e oportunidades que podem abrir novos caminhos para voc\u00ea","og_url":"https:\/\/beewebs.com\/fr\/","og_site_name":"BeeWebs","article_modified_time":"2026-04-21T01:03:14+00:00","og_image":[{"url":"https:\/\/beewebs.com\/wp-content\/uploads\/sites\/130\/2025\/01\/Imagem-2-Ajustada-1024x683-1.jpg"}],"twitter_card":"summary_large_image","twitter_misc":{"Est. reading time":"2 minutes"},"schema":{"@context":"https:\/\/schema.org","@graph":[{"@type":"WebPage","@id":"https:\/\/beewebs.com\/","url":"https:\/\/beewebs.com\/","name":"Home - BeeWebs","isPartOf":{"@id":"https:\/\/beewebs.com\/#website"},"primaryImageOfPage":{"@id":"https:\/\/beewebs.com\/#primaryimage"},"image":{"@id":"https:\/\/beewebs.com\/#primaryimage"},"thumbnailUrl":"https:\/\/beewebs.com\/wp-content\/uploads\/sites\/130\/2025\/01\/Imagem-2-Ajustada-1024x683-1.jpg","datePublished":"2024-11-28T17:22:58+00:00","dateModified":"2026-04-21T01:03:14+00:00","breadcrumb":{"@id":"https:\/\/beewebs.com\/#breadcrumb"},"inLanguage":"fr-FR","potentialAction":[{"@type":"ReadAction","target":["https:\/\/beewebs.com\/"]}]},{"@type":"ImageObject","inLanguage":"fr-FR","@id":"https:\/\/beewebs.com\/#primaryimage","url":"https:\/\/beewebs.com\/wp-content\/uploads\/sites\/130\/2025\/01\/Imagem-2-Ajustada-1024x683-1.jpg","contentUrl":"https:\/\/beewebs.com\/wp-content\/uploads\/sites\/130\/2025\/01\/Imagem-2-Ajustada-1024x683-1.jpg"},{"@type":"BreadcrumbList","@id":"https:\/\/beewebs.com\/#breadcrumb","itemListElement":[{"@type":"ListItem","position":1,"name":"Home","item":"https:\/\/beewebs.com\/"},{"@type":"ListItem","position":2,"name":"Home"}]},{"@type":"WebSite","@id":"https:\/\/beewebs.com\/#website","url":"https:\/\/beewebs.com\/","name":"BeeWebs","description":"","publisher":{"@id":"https:\/\/beewebs.com\/#organization"},"potentialAction":[{"@type":"SearchAction","target":{"@type":"EntryPoint","urlTemplate":"https:\/\/beewebs.com\/?s={search_term_string}"},"query-input":"required name=search_term_string"}],"inLanguage":"fr-FR"},{"@type":"Organization","@id":"https:\/\/beewebs.com\/#organization","name":"BeeWebs","url":"https:\/\/beewebs.com\/","logo":{"@type":"ImageObject","inLanguage":"fr-FR","@id":"https:\/\/beewebs.com\/#\/schema\/logo\/image\/","url":"https:\/\/beewebs.com\/wp-content\/uploads\/sites\/130\/2025\/06\/BeeWebs-news.png","contentUrl":"https:\/\/beewebs.com\/wp-content\/uploads\/sites\/130\/2025\/06\/BeeWebs-news.png","width":180,"height":60,"caption":"BeeWebs"},"image":{"@id":"https:\/\/beewebs.com\/#\/schema\/logo\/image\/"}}]}},"uagb_featured_image_src":{"full":false,"thumbnail":false,"medium":false,"medium_large":false,"large":false,"1536x1536":false,"2048x2048":false,"trp-custom-language-flag":false},"uagb_author_info":{"display_name":"lcgianni","author_link":"https:\/\/beewebs.com\/fr\/author\/lcgianni\/"},"uagb_comment_info":0,"uagb_excerpt":"Explore apps, cursos e oportunidades que podem abrir novos caminhos para voc\u00ea","_links":{"self":[{"href":"https:\/\/beewebs.com\/fr\/wp-json\/wp\/v2\/pages\/429"}],"collection":[{"href":"https:\/\/beewebs.com\/fr\/wp-json\/wp\/v2\/pages"}],"about":[{"href":"https:\/\/beewebs.com\/fr\/wp-json\/wp\/v2\/types\/page"}],"author":[{"embeddable":true,"href":"https:\/\/beewebs.com\/fr\/wp-json\/wp\/v2\/users\/2"}],"replies":[{"embeddable":true,"href":"https:\/\/beewebs.com\/fr\/wp-json\/wp\/v2\/comments?post=429"}],"version-history":[{"count":20,"href":"https:\/\/beewebs.com\/fr\/wp-json\/wp\/v2\/pages\/429\/revisions"}],"predecessor-version":[{"id":12185,"href":"https:\/\/beewebs.com\/fr\/wp-json\/wp\/v2\/pages\/429\/revisions\/12185"}],"wp:attachment":[{"href":"https:\/\/beewebs.com\/fr\/wp-json\/wp\/v2\/media?parent=429"}],"curies":[{"name":"wp","href":"https:\/\/api.w.org\/{rel}","templated":true}]}}