{"id":908,"date":"2024-12-30T13:00:18","date_gmt":"2024-12-30T13:00:18","guid":{"rendered":"https:\/\/beewebs.com\/?page_id=908"},"modified":"2024-12-30T13:00:19","modified_gmt":"2024-12-30T13:00:19","slug":"dmca","status":"publish","type":"page","link":"https:\/\/beewebs.com\/es\/dmca\/","title":{"rendered":"DMCA"},"content":{"rendered":"<h3 class=\"wp-block-heading\">Pol\u00edtica de la Ley de Derechos de Autor de la Era Digital<\/h3>\n\n\n\n<p>Bienvenido a (el sitio web \u201cBeeWebs.com\u201d). Respetamos los derechos de propiedad intelectual de terceros, tal como esperamos que los dem\u00e1s respeten nuestros derechos. De conformidad con la Ley de Derechos de Autor del Milenio Digital, T\u00edtulo 17, C\u00f3digo de los Estados Unidos, Secci\u00f3n 512(c), el propietario de los derechos de autor o su agente puede enviarnos un aviso de eliminaci\u00f3n a trav\u00e9s de nuestro Agente de DMCA que se detalla a continuaci\u00f3n. Como proveedor de servicios de Internet, tenemos derecho a reclamar inmunidad frente a dichas reclamaciones por infracci\u00f3n de conformidad con las disposiciones de \u201cpuerto seguro\u201d de la DMCA. Para presentarnos un reclamo por infracci\u00f3n de buena fe, debe enviarnos un aviso que incluya la siguiente informaci\u00f3n:<\/p>\n\n\n\n<p><strong>Aviso de infracci\u00f3n \u2013 Reclamaci\u00f3n<\/strong><\/p>\n\n\n\n<p>1. Una firma f\u00edsica o electr\u00f3nica del propietario de los derechos de autor (o de alguien autorizado para actuar en nombre del propietario);<br>2. Identificaci\u00f3n de la obra protegida por derechos de autor que se alega ha sido infringida;<br>3. Identificaci\u00f3n del material infractor que debe eliminarse e informaci\u00f3n razonablemente suficiente para permitir al proveedor de servicios localizar el material. [Env\u00ede la URL de la p\u00e1gina en cuesti\u00f3n para ayudarnos a identificar el trabajo presuntamente infractor];<br>4. Informaci\u00f3n razonablemente suficiente para permitir que el proveedor de servicios se comunique con la parte reclamante, incluido su nombre, direcci\u00f3n f\u00edsica, direcci\u00f3n de correo electr\u00f3nico, n\u00famero de tel\u00e9fono y n\u00famero de fax;<br>5. Una declaraci\u00f3n de que la parte reclamante cree de buena fe que el uso del material no est\u00e1 autorizado por el agente de derechos de autor; y<br>6. Una declaraci\u00f3n de que la informaci\u00f3n contenida en la notificaci\u00f3n es exacta y, bajo pena de perjurio, que la parte reclamante est\u00e1 autorizada a actuar en nombre del propietario de los derechos de autor.<\/p>\n\n\n\n<p>El T\u00edtulo 17 USC \u00a7512(f) establece sanciones por da\u00f1os civiles, incluidos costos y honorarios de abogados, contra cualquier persona que deliberadamente y materialmente tergiverse cierta informaci\u00f3n en una notificaci\u00f3n de infracci\u00f3n seg\u00fan el T\u00edtulo 17 USC \u00a7512(c)(3).<\/p>\n\n\n\n<p>Env\u00ede todos los avisos de eliminaci\u00f3n a trav\u00e9s de nuestra p\u00e1gina de Contacto. Por favor enviar por correo electr\u00f3nico para una pronta atenci\u00f3n.<\/p>\n\n\n\n<p>Tenga en cuenta que podemos compartir la identidad y la informaci\u00f3n de cualquier reclamo por infracci\u00f3n de derechos de autor que recibamos con el presunto infractor. Al presentar una reclamaci\u00f3n, usted comprende, acepta y est\u00e1 de acuerdo con que su identidad y reclamaci\u00f3n pueden ser comunicadas al presunto infractor.<\/p>\n\n\n\n<p><strong>Contra Notificaci\u00f3n \u2013 Restauraci\u00f3n de Material<\/strong><\/p>\n\n\n\n<p>Si ha recibido una notificaci\u00f3n de eliminaci\u00f3n de material debido a un reclamo por infracci\u00f3n de derechos de autor, puede proporcionarnos una contranotificaci\u00f3n para intentar que el material en cuesti\u00f3n se restaure en el sitio. Dicha notificaci\u00f3n debe entregarse por escrito a nuestro Agente DMCA y debe contener sustancialmente los siguientes elementos de conformidad con la Secci\u00f3n 512(g)(3) del T\u00edtulo 17 del C\u00f3digo de los Estados Unidos:<\/p>\n\n\n\n<p>1. Su firma f\u00edsica o electr\u00f3nica.<br>2. Una descripci\u00f3n del material que ha sido retirado y la ubicaci\u00f3n original del material antes de ser retirado.<br>3. Una declaraci\u00f3n bajo pena de perjurio de que usted cree de buena fe que el material fue eliminado o deshabilitado como resultado de un error o identificaci\u00f3n err\u00f3nea del material que se eliminar\u00eda o deshabilitar\u00eda.<br>4. Su nombre, direcci\u00f3n y n\u00famero de tel\u00e9fono, y una declaraci\u00f3n de que usted acepta la jurisdicci\u00f3n del tribunal de distrito federal para el distrito judicial en el que se encuentra la direcci\u00f3n (o si se encuentra fuera de los Estados Unidos, que acepta la jurisdicci\u00f3n de cualquier distrito judicial en el que se pueda encontrar el proveedor de servicios), y que aceptar\u00e1 la notificaci\u00f3n del proceso de la persona o empresa que proporcion\u00f3 la notificaci\u00f3n de infracci\u00f3n original.<br>5. Env\u00ede su contra notificaci\u00f3n a trav\u00e9s de nuestra p\u00e1gina de Contacto. Se recomienda encarecidamente el correo electr\u00f3nico.<\/p>\n\n\n\n<p><strong>Pol\u00edtica para infractores reincidentes<\/strong><\/p>\n\n\n\n<p>Nos tomamos muy en serio la violaci\u00f3n de derechos de autor. De conformidad con los requisitos de la pol\u00edtica de infractores reincidentes de la Ley de Derechos de Autor del Milenio Digital, mantenemos una lista de avisos de DMCA de los titulares de derechos de autor y hacemos un esfuerzo de buena fe para identificar a los infractores reincidentes. Se cancelar\u00e1n las cuentas de aquellos que violen nuestra pol\u00edtica interna sobre infractores reincidentes.<\/p>\n\n\n\n<p><strong>Modificaciones<\/strong><\/p>\n\n\n\n<p>Nos reservamos el derecho de modificar el contenido de esta p\u00e1gina y su pol\u00edtica para manejar reclamos DMCA en cualquier momento y por cualquier motivo. Se le recomienda volver a consultar esta pol\u00edtica con frecuencia para conocer los cambios.<\/p>","protected":false},"excerpt":{"rendered":"<p>Pol\u00edtica de la Ley de Derechos de Autor de la Era Digital Bienvenido a (el &quot;BeeWebs.com&quot;). Respetamos los derechos de propiedad intelectual de otros tal como esperamos [\u2026]<\/p>","protected":false},"author":97,"featured_media":0,"parent":0,"menu_order":0,"comment_status":"closed","ping_status":"closed","template":"","meta":{"_uag_custom_page_level_css":"","site-sidebar-layout":"default","site-content-layout":"","ast-site-content-layout":"default","site-content-style":"default","site-sidebar-style":"default","ast-global-header-display":"","ast-banner-title-visibility":"","ast-main-header-display":"","ast-hfb-above-header-display":"","ast-hfb-below-header-display":"","ast-hfb-mobile-header-display":"","site-post-title":"","ast-breadcrumbs-content":"","ast-featured-img":"","footer-sml-layout":"","theme-transparent-header-meta":"","adv-header-id-meta":"","stick-header-meta":"","header-above-stick-meta":"","header-main-stick-meta":"","header-below-stick-meta":"","astra-migrate-meta-layouts":"set","ast-page-background-enabled":"default","ast-page-background-meta":{"desktop":{"background-color":"var(--ast-global-color-4)","background-image":"","background-repeat":"repeat","background-position":"center center","background-size":"auto","background-attachment":"scroll","background-type":"","background-media":"","overlay-type":"","overlay-color":"","overlay-opacity":"","overlay-gradient":""},"tablet":{"background-color":"","background-image":"","background-repeat":"repeat","background-position":"center center","background-size":"auto","background-attachment":"scroll","background-type":"","background-media":"","overlay-type":"","overlay-color":"","overlay-opacity":"","overlay-gradient":""},"mobile":{"background-color":"","background-image":"","background-repeat":"repeat","background-position":"center center","background-size":"auto","background-attachment":"scroll","background-type":"","background-media":"","overlay-type":"","overlay-color":"","overlay-opacity":"","overlay-gradient":""}},"ast-content-background-meta":{"desktop":{"background-color":"var(--ast-global-color-5)","background-image":"","background-repeat":"repeat","background-position":"center center","background-size":"auto","background-attachment":"scroll","background-type":"","background-media":"","overlay-type":"","overlay-color":"","overlay-opacity":"","overlay-gradient":""},"tablet":{"background-color":"var(--ast-global-color-5)","background-image":"","background-repeat":"repeat","background-position":"center center","background-size":"auto","background-attachment":"scroll","background-type":"","background-media":"","overlay-type":"","overlay-color":"","overlay-opacity":"","overlay-gradient":""},"mobile":{"background-color":"var(--ast-global-color-5)","background-image":"","background-repeat":"repeat","background-position":"center center","background-size":"auto","background-attachment":"scroll","background-type":"","background-media":"","overlay-type":"","overlay-color":"","overlay-opacity":"","overlay-gradient":""}},"footnotes":""},"yoast_head":"<!-- This site is optimized with the Yoast SEO plugin v23.3 - https:\/\/yoast.com\/wordpress\/plugins\/seo\/ -->\n<title>DMCA - BeeWebs<\/title>\n<meta name=\"robots\" content=\"index, follow, max-snippet:-1, max-image-preview:large, max-video-preview:-1\" \/>\n<link rel=\"canonical\" href=\"https:\/\/beewebs.com\/es\/dmca\/\" \/>\n<meta property=\"og:locale\" content=\"es_ES\" \/>\n<meta property=\"og:type\" content=\"article\" \/>\n<meta property=\"og:title\" content=\"DMCA - BeeWebs\" \/>\n<meta property=\"og:description\" content=\"Digital Millennium Copyright Act Policy Welcome to (the \u201dBeeWebs.com\u201d).We respect the intellectual property rights of others just as we expect [&hellip;]\" \/>\n<meta property=\"og:url\" content=\"https:\/\/beewebs.com\/es\/dmca\/\" \/>\n<meta property=\"og:site_name\" content=\"BeeWebs\" \/>\n<meta property=\"article:modified_time\" content=\"2024-12-30T13:00:19+00:00\" \/>\n<meta name=\"twitter:card\" content=\"summary_large_image\" \/>\n<meta name=\"twitter:label1\" content=\"Est. reading time\" \/>\n\t<meta name=\"twitter:data1\" content=\"3 minutos\" \/>\n<script type=\"application\/ld+json\" class=\"yoast-schema-graph\">{\"@context\":\"https:\/\/schema.org\",\"@graph\":[{\"@type\":\"WebPage\",\"@id\":\"https:\/\/beewebs.com\/dmca\/\",\"url\":\"https:\/\/beewebs.com\/dmca\/\",\"name\":\"DMCA - BeeWebs\",\"isPartOf\":{\"@id\":\"https:\/\/beewebs.com\/#website\"},\"datePublished\":\"2024-12-30T13:00:18+00:00\",\"dateModified\":\"2024-12-30T13:00:19+00:00\",\"breadcrumb\":{\"@id\":\"https:\/\/beewebs.com\/dmca\/#breadcrumb\"},\"inLanguage\":\"es\",\"potentialAction\":[{\"@type\":\"ReadAction\",\"target\":[\"https:\/\/beewebs.com\/dmca\/\"]}]},{\"@type\":\"BreadcrumbList\",\"@id\":\"https:\/\/beewebs.com\/dmca\/#breadcrumb\",\"itemListElement\":[{\"@type\":\"ListItem\",\"position\":1,\"name\":\"Home\",\"item\":\"https:\/\/beewebs.com\/\"},{\"@type\":\"ListItem\",\"position\":2,\"name\":\"DMCA\"}]},{\"@type\":\"WebSite\",\"@id\":\"https:\/\/beewebs.com\/#website\",\"url\":\"https:\/\/beewebs.com\/\",\"name\":\"BeeWebs\",\"description\":\"\",\"publisher\":{\"@id\":\"https:\/\/beewebs.com\/#organization\"},\"potentialAction\":[{\"@type\":\"SearchAction\",\"target\":{\"@type\":\"EntryPoint\",\"urlTemplate\":\"https:\/\/beewebs.com\/?s={search_term_string}\"},\"query-input\":\"required name=search_term_string\"}],\"inLanguage\":\"es\"},{\"@type\":\"Organization\",\"@id\":\"https:\/\/beewebs.com\/#organization\",\"name\":\"BeeWebs\",\"url\":\"https:\/\/beewebs.com\/\",\"logo\":{\"@type\":\"ImageObject\",\"inLanguage\":\"es\",\"@id\":\"https:\/\/beewebs.com\/#\/schema\/logo\/image\/\",\"url\":\"https:\/\/beewebs.com\/wp-content\/uploads\/sites\/130\/2025\/06\/BeeWebs-news.png\",\"contentUrl\":\"https:\/\/beewebs.com\/wp-content\/uploads\/sites\/130\/2025\/06\/BeeWebs-news.png\",\"width\":180,\"height\":60,\"caption\":\"BeeWebs\"},\"image\":{\"@id\":\"https:\/\/beewebs.com\/#\/schema\/logo\/image\/\"}}]}<\/script>\n<!-- \/ Yoast SEO plugin. -->","yoast_head_json":{"title":"DMCA - BeeWebs","robots":{"index":"index","follow":"follow","max-snippet":"max-snippet:-1","max-image-preview":"max-image-preview:large","max-video-preview":"max-video-preview:-1"},"canonical":"https:\/\/beewebs.com\/es\/dmca\/","og_locale":"es_ES","og_type":"article","og_title":"DMCA - BeeWebs","og_description":"Digital Millennium Copyright Act Policy Welcome to (the \u201dBeeWebs.com\u201d).We respect the intellectual property rights of others just as we expect [&hellip;]","og_url":"https:\/\/beewebs.com\/es\/dmca\/","og_site_name":"BeeWebs","article_modified_time":"2024-12-30T13:00:19+00:00","twitter_card":"summary_large_image","twitter_misc":{"Est. reading time":"3 minutos"},"schema":{"@context":"https:\/\/schema.org","@graph":[{"@type":"WebPage","@id":"https:\/\/beewebs.com\/dmca\/","url":"https:\/\/beewebs.com\/dmca\/","name":"DMCA - BeeWebs","isPartOf":{"@id":"https:\/\/beewebs.com\/#website"},"datePublished":"2024-12-30T13:00:18+00:00","dateModified":"2024-12-30T13:00:19+00:00","breadcrumb":{"@id":"https:\/\/beewebs.com\/dmca\/#breadcrumb"},"inLanguage":"es","potentialAction":[{"@type":"ReadAction","target":["https:\/\/beewebs.com\/dmca\/"]}]},{"@type":"BreadcrumbList","@id":"https:\/\/beewebs.com\/dmca\/#breadcrumb","itemListElement":[{"@type":"ListItem","position":1,"name":"Home","item":"https:\/\/beewebs.com\/"},{"@type":"ListItem","position":2,"name":"DMCA"}]},{"@type":"WebSite","@id":"https:\/\/beewebs.com\/#website","url":"https:\/\/beewebs.com\/","name":"BeeWebs","description":"","publisher":{"@id":"https:\/\/beewebs.com\/#organization"},"potentialAction":[{"@type":"SearchAction","target":{"@type":"EntryPoint","urlTemplate":"https:\/\/beewebs.com\/?s={search_term_string}"},"query-input":"required name=search_term_string"}],"inLanguage":"es"},{"@type":"Organization","@id":"https:\/\/beewebs.com\/#organization","name":"BeeWebs","url":"https:\/\/beewebs.com\/","logo":{"@type":"ImageObject","inLanguage":"es","@id":"https:\/\/beewebs.com\/#\/schema\/logo\/image\/","url":"https:\/\/beewebs.com\/wp-content\/uploads\/sites\/130\/2025\/06\/BeeWebs-news.png","contentUrl":"https:\/\/beewebs.com\/wp-content\/uploads\/sites\/130\/2025\/06\/BeeWebs-news.png","width":180,"height":60,"caption":"BeeWebs"},"image":{"@id":"https:\/\/beewebs.com\/#\/schema\/logo\/image\/"}}]}},"uagb_featured_image_src":{"full":false,"thumbnail":false,"medium":false,"medium_large":false,"large":false,"1536x1536":false,"2048x2048":false,"trp-custom-language-flag":false},"uagb_author_info":{"display_name":"pedrosantosfirefe","author_link":"https:\/\/beewebs.com\/es\/author\/pedrosantosfirefe\/"},"uagb_comment_info":0,"uagb_excerpt":"Digital Millennium Copyright Act Policy Welcome to (the \u201dBeeWebs.com\u201d).We respect the intellectual property rights of others just as we expect [&hellip;]","_links":{"self":[{"href":"https:\/\/beewebs.com\/es\/wp-json\/wp\/v2\/pages\/908"}],"collection":[{"href":"https:\/\/beewebs.com\/es\/wp-json\/wp\/v2\/pages"}],"about":[{"href":"https:\/\/beewebs.com\/es\/wp-json\/wp\/v2\/types\/page"}],"author":[{"embeddable":true,"href":"https:\/\/beewebs.com\/es\/wp-json\/wp\/v2\/users\/97"}],"replies":[{"embeddable":true,"href":"https:\/\/beewebs.com\/es\/wp-json\/wp\/v2\/comments?post=908"}],"version-history":[{"count":1,"href":"https:\/\/beewebs.com\/es\/wp-json\/wp\/v2\/pages\/908\/revisions"}],"predecessor-version":[{"id":909,"href":"https:\/\/beewebs.com\/es\/wp-json\/wp\/v2\/pages\/908\/revisions\/909"}],"wp:attachment":[{"href":"https:\/\/beewebs.com\/es\/wp-json\/wp\/v2\/media?parent=908"}],"curies":[{"name":"wp","href":"https:\/\/api.w.org\/{rel}","templated":true}]}}