{"id":456,"date":"2024-12-20T17:41:44","date_gmt":"2024-12-20T17:41:44","guid":{"rendered":"https:\/\/beewebs.com\/?page_id=456"},"modified":"2026-03-13T18:26:47","modified_gmt":"2026-03-13T18:26:47","slug":"terms","status":"publish","type":"page","link":"https:\/\/beewebs.com\/es\/terms\/","title":{"rendered":"Condiciones de uso\u00a0"},"content":{"rendered":"<p>Actualizado el 13 de marzo de 2026.<\/p>\n\n\n\n<p>Telara\u00f1as, accesible en<a href=\"https:\/\/beewebs.com\/es\/\"> https:\/\/beewebs.com\/<\/a>Esta plataforma es operada por KHS Media O\u00dc, una empresa con domicilio en Harju maakond, Tallinn, Kristiine linnaosa, Kotkapoja tn 2a-10, 10615, registrada en el Registro Mercantil de Estonia con el c\u00f3digo 16703073. La plataforma publica contenido independiente, basado en investigaciones, centrado en diversos temas, como consejos pr\u00e1cticos, rese\u00f1as de aplicaciones, cursos, finanzas (pr\u00e9stamos y servicios de cr\u00e9dito), orientaci\u00f3n profesional, estilo de vida y productos relevantes para una audiencia global. Nuestros art\u00edculos est\u00e1n dise\u00f1ados para informar y ayudar a los lectores a tomar decisiones informadas, abarcando temas diversos que van desde oportunidades educativas y profesionales hasta tutoriales de tecnolog\u00eda, rese\u00f1as de servicios y conceptos generales de planificaci\u00f3n financiera, obtenidos a partir de informaci\u00f3n p\u00fablica verificada.<\/p>\n\n\n\n<p>Creemos que tener acceso a informaci\u00f3n clara y fiable sobre educaci\u00f3n, herramientas digitales, finanzas y desarrollo profesional es fundamental en la vida cotidiana. Nuestra misi\u00f3n es hacer que la informaci\u00f3n sea m\u00e1s transparente, fiable y realmente \u00fatil para quienes buscan claridad antes de contratar cualquier servicio, producto u oportunidad.<\/p>\n\n\n\n<p><strong>Aviso y descargo de responsabilidad sobre el contenido global:<\/strong> Beewebs se centra en proporcionar contenido informativo sobre una amplia gama de temas y servicios disponibles en diversos mercados globales. Si bien nos esforzamos por reflejar pr\u00e1cticas e informaci\u00f3n precisas, los t\u00e9rminos de servicio, los requisitos de solicitud, la disponibilidad de cursos, las normas de elegibilidad y la protecci\u00f3n al consumidor var\u00edan significativamente entre pa\u00edses y proveedores, y pueden cambiar con el tiempo. La informaci\u00f3n publicada en este sitio tiene fines educativos \u00fanicamente y no reemplaza las divulgaciones oficiales, la documentaci\u00f3n contractual ni el asesoramiento profesional (ya sea financiero, legal o relacionado con la carrera profesional). Se recomienda a los lectores verificar todos los detalles directamente con las instituciones, desarrolladores o proveedores de servicios autorizados antes de tomar cualquier decisi\u00f3n.<\/p>\n\n\n\n<p>Todo el contenido publicado en esta plataforma es desarrollado por el equipo editorial independiente de Beewebs. Todo lo que lees se crea sin la influencia directa de prestamistas, instituciones educativas, desarrolladores de aplicaciones ni proveedores de servicios. Cada art\u00edculo se escribe y revisa para lectores que buscan informaci\u00f3n comprensible y basada en investigaciones.<\/p>\n\n\n\n<p>Al usar Beewebs, usted acepta las pol\u00edticas, los avisos legales y los t\u00e9rminos de uso presentados en nuestra plataforma. En este documento y en todo el sitio, los t\u00e9rminos \u00abnosotros\u00bb, \u00abnuestro\u00bb y \u00abnuestros\u00bb se refieren a Beewebs y sus colaboradores editoriales.<\/p>\n\n\n\n<p>Si bien algunos art\u00edculos pueden hacer referencia a aplicaciones, instituciones educativas, prestamistas o servicios internacionales espec\u00edficos, no vendemos, gestionamos, organizamos ni respaldamos ning\u00fan producto o servicio de terceros. No estamos afiliados a ning\u00fan desarrollador, instituci\u00f3n financiera, plataforma educativa ni autoridad reguladora mencionados en nuestro contenido. Beewebs no ofrece ofertas directas, aprobaciones, asesoramiento financiero ni recomendaciones personalizadas. Tampoco ofrecemos soporte al cliente para servicios de terceros.<\/p>\n\n\n\n<p>Beewebs se financia mediante publicidad de Google AdSense, lo que nos permite ofrecer nuestro contenido de forma gratuita. Los anuncios se muestran autom\u00e1ticamente por Google y est\u00e1n claramente separados del contenido editorial. No recibimos comisiones por aprobaciones de servicios, registros ni referencias a trav\u00e9s de estos anuncios. Nuestra independencia editorial se mantiene intacta y no se ve afectada por la presencia de publicidad.<\/p>\n\n\n\n<p><strong>Aviso de derechos de autor:<\/strong> Todo el contenido escrito, la estructura y los materiales originales publicados en<a href=\"https:\/\/beewebs.com\/es\/\"> https:\/\/beewebs.com\/<\/a> Nuestro contenido est\u00e1 protegido por las leyes de derechos de autor vigentes. Puede citar o referenciar nuestros materiales con la debida atribuci\u00f3n y un enlace a la fuente original. Se proh\u00edbe la reproducci\u00f3n, duplicaci\u00f3n o redistribuci\u00f3n no autorizadas. Los logotipos, nombres y materiales de terceros mencionados en nuestros art\u00edculos son propiedad de sus respectivos due\u00f1os y se utilizan exclusivamente con fines informativos y de identificaci\u00f3n, de acuerdo con los principios de uso leg\u00edtimo.<em>uso justo<\/em>).<\/p>\n\n\n\n<p>LEA ATENTAMENTE NUESTROS T\u00c9RMINOS DE USO. SI NO EST\u00c1 DE ACUERDO CON ALGUNA PARTE DE ESTOS T\u00c9RMINOS, NO UTILICE Beewebs NI SU CONTENIDO.<\/p>\n\n\n\n<p><strong>Art\u00edculo I \u2013 Acuerdo de usuario<\/strong><\/p>\n\n\n\n<p>1.1 Al acceder a la plataforma Beewebs en<a href=\"https:\/\/beewebs.com\/es\/\"> https:\/\/beewebs.com\/<\/a>Al hacerlo, usted confirma que ha le\u00eddo, comprendido y aceptado las Condiciones de uso. Este documento establece el marco legal que rige su acceso e interacci\u00f3n con todo el contenido, los recursos y los servicios proporcionados por Beewebs.<\/p>\n\n\n\n<p>1.2 Al utilizar este sitio web, usted declara tener al menos 18 a\u00f1os de edad. El uso continuado de la plataforma implica la aceptaci\u00f3n informada y voluntaria de todos los t\u00e9rminos y condiciones aplicables.<\/p>\n\n\n\n<p><strong>Art\u00edculo II \u2013 Comunicaci\u00f3n y apoyo<\/strong><\/p>\n\n\n\n<p>2.1 Para solicitudes de soporte, informes de problemas o sugerencias generales sobre la plataforma, se anima a los usuarios a ponerse en contacto con nosotros a trav\u00e9s de nuestro formulario de contacto oficial en [enlace al formulario de contacto]. <a href=\"https:\/\/beewebs.com\/es\/contact\/\">https:\/\/beewebs.com\/contact<\/a> .<\/p>\n\n\n\n<p><strong>Art\u00edculo III \u2013 Responsabilidades del Usuario y de la Plataforma<\/strong><\/p>\n\n\n\n<p>3.1 Beewebs puede incluir enlaces a sitios web o servicios digitales externos para comodidad de los usuarios. Estos enlaces de terceros se proporcionan \u00fanicamente con fines informativos. Beewebs no posee, opera, patrocina ni respalda formalmente ning\u00fan contenido, servicio o plataforma de terceros a los que se haga referencia.<\/p>\n\n\n\n<p>3.2 Los usuarios que decidan acceder a plataformas externas enlazadas desde Beewebs asumen la responsabilidad total de revisar los t\u00e9rminos y condiciones aplicables de dichas entidades externas. Beewebs no se responsabiliza del funcionamiento, la exactitud ni las pol\u00edticas legales de ning\u00fan sitio web de terceros. Dichas interacciones se realizan bajo la exclusiva responsabilidad del usuario.<\/p>\n\n\n\n<p>3.3 Beewebs utiliza servicios publicitarios como Google AdSense. La presencia de anuncios en nuestro portal es estrictamente comercial y no implica un respaldo por parte de Beewebs a las marcas anunciadas. La interacci\u00f3n con cualquier anuncio es responsabilidad exclusiva del usuario.<\/p>\n\n\n\n<p>3.4 El acceso a Beewebs es gratuito. No solicitamos donaciones, no ofrecemos suscripciones ni cobramos por el uso de nuestro contenido informativo. Cualquier solicitud de pago que se presente como proveniente de Beewebs debe considerarse fraudulenta.<\/p>\n\n\n\n<p><strong>Art\u00edculo IV \u2013 Conducta prohibida<\/strong><\/p>\n\n\n\n<p>Beewebs proh\u00edbe estrictamente las siguientes acciones en su plataforma:<\/p>\n\n\n\n<ul>\n<li><strong>Participaci\u00f3n en actividades ilegales:<\/strong> Utilizar la plataforma para facilitar, fomentar o coordinar cualquier tipo de comportamiento ilegal.<\/li>\n\n\n\n<li><strong>Violaci\u00f3n de los derechos de propiedad intelectual:<\/strong> Queda prohibida la copia, reproducci\u00f3n o republicaci\u00f3n de nuestro material sin autorizaci\u00f3n previa por escrito.<\/li>\n\n\n\n<li><strong>Comportamiento difamatorio o abusivo:<\/strong> Acoso, discurso de odio o comentarios amenazantes.<\/li>\n\n\n\n<li><strong>Difusi\u00f3n de c\u00f3digo malicioso:<\/strong> Distribuir cualquier tipo de software malicioso, virus o herramientas de rastreo no autorizados.<\/li>\n\n\n\n<li><strong>Conducta fraudulenta:<\/strong> Intentos de phishing, robo de identidad o intentos de eludir las medidas de seguridad de Beewebs.<\/li>\n<\/ul>\n\n\n\n<p><strong>Art\u00edculo V \u2013 Exclusi\u00f3n de garant\u00edas y limitaci\u00f3n de responsabilidad<\/strong><\/p>\n\n\n\n<p>Toda la informaci\u00f3n y los recursos proporcionados por Beewebs se ofrecen &quot;tal cual&quot; (<em>tal como est\u00e1<\/em>) y \u201cseg\u00fan disponibilidad\u201d, sin garant\u00edas expresas ni impl\u00edcitas.<\/p>\n\n\n\n<p>Al acceder y utilizar Beewebs, usted lo hace voluntariamente y bajo su propia responsabilidad. En la m\u00e1xima medida permitida por la ley aplicable, Beewebs y sus colaboradores no ser\u00e1n responsables de ning\u00fan da\u00f1o directo, indirecto, incidental o consecuente que surja de su acceso o uso de la plataforma. Esto incluye, entre otros: p\u00e9rdidas financieras derivadas de decisiones basadas en nuestro contenido informativo, interrupciones t\u00e9cnicas o consecuencias derivadas de la interacci\u00f3n con enlaces de terceros.<\/p>\n\n\n\n<p><strong>Art\u00edculo VI \u2013 Duraci\u00f3n y Plazo Legal<\/strong><\/p>\n\n\n\n<p>Todas las disposiciones establecidas en estos T\u00e9rminos de Uso permanecer\u00e1n legalmente vinculantes durante toda la interacci\u00f3n del usuario con la plataforma. En caso de cualquier disputa derivada del uso de Beewebs, los usuarios deber\u00e1n iniciar cualquier reclamaci\u00f3n formal dentro del plazo de un (1) a\u00f1o a partir de la fecha en que se produjo el problema.<\/p>\n\n\n\n<p><strong>Art\u00edculo VII \u2013 Ley aplicable y jurisdicci\u00f3n<\/strong><\/p>\n\n\n\n<p><strong>7.1 Legislaci\u00f3n aplicable<\/strong> Estas Condiciones de Uso se regir\u00e1n e interpretar\u00e1n de conformidad con las leyes de Estonia. Si usted es un consumidor residente fuera de Estonia, esta secci\u00f3n no le privar\u00e1 de las protecciones obligatorias que le otorgan las leyes de protecci\u00f3n al consumidor aplicables en su pa\u00eds de residencia.<\/p>\n\n\n\n<p><strong>7.2 Jurisdicci\u00f3n<\/strong> Al utilizar nuestros Servicios, usted acepta que cualquier acci\u00f3n o procedimiento legal que surja de estos T\u00e9rminos se presentar\u00e1 exclusivamente ante los tribunales competentes ubicados en Tallin, Estonia.<\/p>\n\n\n\n<p><strong>7.3 Renuncia a demandas colectivas<\/strong> En la m\u00e1xima medida permitida por la ley aplicable, usted acepta que cualquier procedimiento de resoluci\u00f3n de disputas se llevar\u00e1 a cabo \u00fanicamente de forma individual y no mediante una demanda colectiva.<\/p>\n\n\n\n<p><strong>Art\u00edculo VIII \u2013 Modificaciones a los T\u00e9rminos y Condiciones<\/strong><\/p>\n\n\n\n<p>Beewebs se reserva el derecho absoluto de revisar, modificar o interrumpir cualquier parte de sus T\u00e9rminos de uso en cualquier momento. El acceso continuado a la plataforma despu\u00e9s de dichas modificaciones constituye la aceptaci\u00f3n expl\u00edcita de los t\u00e9rminos revisados.<\/p>\n\n\n\n<p><strong>Art\u00edculo IX \u2013 Informaci\u00f3n de contacto<\/strong><\/p>\n\n\n\n<p>Si tiene alguna pregunta sobre estos T\u00e9rminos, p\u00f3ngase en contacto con nosotros a trav\u00e9s de nuestra p\u00e1gina oficial:<a href=\"https:\/\/www.google.com\/search?q=https:\/\/beewebs.com\/contact&amp;authuser=1\"> https:\/\/beewebs.com\/contact<\/a>.<\/p>\n\n\n\n<p><strong>KHS Media O\u00dc<\/strong><br>C\u00f3digo de registro mercantil de Estonia: 16703073<br>Harju maakond, Tallin, Kristiine linnaosa, Kotkapoja<br>tn 2a-10, 10615 Estonia<\/p>\n\n\n\n<p><\/p>\n\n\n\n<p><\/p>","protected":false},"excerpt":{"rendered":"<p>Atualizado em 13 de mar\u00e7o de 2026 O Beewebs, acess\u00edvel em https:\/\/beewebs.com\/, \u00e9 operado pela KHS M\u00eddia O\u00dc, empresa sediada [&hellip;]<\/p>","protected":false},"author":97,"featured_media":0,"parent":0,"menu_order":0,"comment_status":"closed","ping_status":"closed","template":"","meta":{"_uag_custom_page_level_css":"","site-sidebar-layout":"default","site-content-layout":"","ast-site-content-layout":"default","site-content-style":"default","site-sidebar-style":"default","ast-global-header-display":"","ast-banner-title-visibility":"","ast-main-header-display":"","ast-hfb-above-header-display":"","ast-hfb-below-header-display":"","ast-hfb-mobile-header-display":"","site-post-title":"","ast-breadcrumbs-content":"","ast-featured-img":"","footer-sml-layout":"","theme-transparent-header-meta":"","adv-header-id-meta":"","stick-header-meta":"","header-above-stick-meta":"","header-main-stick-meta":"","header-below-stick-meta":"","astra-migrate-meta-layouts":"set","ast-page-background-enabled":"default","ast-page-background-meta":{"desktop":{"background-color":"var(--ast-global-color-4)","background-image":"","background-repeat":"repeat","background-position":"center center","background-size":"auto","background-attachment":"scroll","background-type":"","background-media":"","overlay-type":"","overlay-color":"","overlay-opacity":"","overlay-gradient":""},"tablet":{"background-color":"","background-image":"","background-repeat":"repeat","background-position":"center center","background-size":"auto","background-attachment":"scroll","background-type":"","background-media":"","overlay-type":"","overlay-color":"","overlay-opacity":"","overlay-gradient":""},"mobile":{"background-color":"","background-image":"","background-repeat":"repeat","background-position":"center center","background-size":"auto","background-attachment":"scroll","background-type":"","background-media":"","overlay-type":"","overlay-color":"","overlay-opacity":"","overlay-gradient":""}},"ast-content-background-meta":{"desktop":{"background-color":"var(--ast-global-color-5)","background-image":"","background-repeat":"repeat","background-position":"center center","background-size":"auto","background-attachment":"scroll","background-type":"","background-media":"","overlay-type":"","overlay-color":"","overlay-opacity":"","overlay-gradient":""},"tablet":{"background-color":"var(--ast-global-color-5)","background-image":"","background-repeat":"repeat","background-position":"center center","background-size":"auto","background-attachment":"scroll","background-type":"","background-media":"","overlay-type":"","overlay-color":"","overlay-opacity":"","overlay-gradient":""},"mobile":{"background-color":"var(--ast-global-color-5)","background-image":"","background-repeat":"repeat","background-position":"center center","background-size":"auto","background-attachment":"scroll","background-type":"","background-media":"","overlay-type":"","overlay-color":"","overlay-opacity":"","overlay-gradient":""}},"footnotes":""},"yoast_head":"<!-- This site is optimized with the Yoast SEO plugin v23.3 - https:\/\/yoast.com\/wordpress\/plugins\/seo\/ -->\n<title>Termos de Uso\u00a0 - BeeWebs<\/title>\n<meta name=\"robots\" content=\"index, follow, max-snippet:-1, max-image-preview:large, max-video-preview:-1\" \/>\n<link rel=\"canonical\" href=\"https:\/\/beewebs.com\/es\/terms\/\" \/>\n<meta property=\"og:locale\" content=\"es_ES\" \/>\n<meta property=\"og:type\" content=\"article\" \/>\n<meta property=\"og:title\" content=\"Termos de Uso\u00a0 - BeeWebs\" \/>\n<meta property=\"og:description\" content=\"Atualizado em 13 de mar\u00e7o de 2026 O Beewebs, acess\u00edvel em https:\/\/beewebs.com\/, \u00e9 operado pela KHS M\u00eddia O\u00dc, empresa sediada [&hellip;]\" \/>\n<meta property=\"og:url\" content=\"https:\/\/beewebs.com\/es\/terms\/\" \/>\n<meta property=\"og:site_name\" content=\"BeeWebs\" \/>\n<meta property=\"article:modified_time\" content=\"2026-03-13T18:26:47+00:00\" \/>\n<meta name=\"twitter:card\" content=\"summary_large_image\" \/>\n<meta name=\"twitter:label1\" content=\"Est. reading time\" \/>\n\t<meta name=\"twitter:data1\" content=\"8 minutos\" \/>\n<script type=\"application\/ld+json\" class=\"yoast-schema-graph\">{\"@context\":\"https:\/\/schema.org\",\"@graph\":[{\"@type\":\"WebPage\",\"@id\":\"https:\/\/beewebs.com\/terms\/\",\"url\":\"https:\/\/beewebs.com\/terms\/\",\"name\":\"Termos de Uso\u00a0 - BeeWebs\",\"isPartOf\":{\"@id\":\"https:\/\/beewebs.com\/#website\"},\"datePublished\":\"2024-12-20T17:41:44+00:00\",\"dateModified\":\"2026-03-13T18:26:47+00:00\",\"breadcrumb\":{\"@id\":\"https:\/\/beewebs.com\/terms\/#breadcrumb\"},\"inLanguage\":\"es\",\"potentialAction\":[{\"@type\":\"ReadAction\",\"target\":[\"https:\/\/beewebs.com\/terms\/\"]}]},{\"@type\":\"BreadcrumbList\",\"@id\":\"https:\/\/beewebs.com\/terms\/#breadcrumb\",\"itemListElement\":[{\"@type\":\"ListItem\",\"position\":1,\"name\":\"Home\",\"item\":\"https:\/\/beewebs.com\/\"},{\"@type\":\"ListItem\",\"position\":2,\"name\":\"Termos de Uso\u00a0\"}]},{\"@type\":\"WebSite\",\"@id\":\"https:\/\/beewebs.com\/#website\",\"url\":\"https:\/\/beewebs.com\/\",\"name\":\"BeeWebs\",\"description\":\"\",\"publisher\":{\"@id\":\"https:\/\/beewebs.com\/#organization\"},\"potentialAction\":[{\"@type\":\"SearchAction\",\"target\":{\"@type\":\"EntryPoint\",\"urlTemplate\":\"https:\/\/beewebs.com\/?s={search_term_string}\"},\"query-input\":\"required name=search_term_string\"}],\"inLanguage\":\"es\"},{\"@type\":\"Organization\",\"@id\":\"https:\/\/beewebs.com\/#organization\",\"name\":\"BeeWebs\",\"url\":\"https:\/\/beewebs.com\/\",\"logo\":{\"@type\":\"ImageObject\",\"inLanguage\":\"es\",\"@id\":\"https:\/\/beewebs.com\/#\/schema\/logo\/image\/\",\"url\":\"https:\/\/beewebs.com\/wp-content\/uploads\/sites\/130\/2025\/06\/BeeWebs-news.png\",\"contentUrl\":\"https:\/\/beewebs.com\/wp-content\/uploads\/sites\/130\/2025\/06\/BeeWebs-news.png\",\"width\":180,\"height\":60,\"caption\":\"BeeWebs\"},\"image\":{\"@id\":\"https:\/\/beewebs.com\/#\/schema\/logo\/image\/\"}}]}<\/script>\n<!-- \/ Yoast SEO plugin. -->","yoast_head_json":{"title":"Termos de Uso\u00a0 - BeeWebs","robots":{"index":"index","follow":"follow","max-snippet":"max-snippet:-1","max-image-preview":"max-image-preview:large","max-video-preview":"max-video-preview:-1"},"canonical":"https:\/\/beewebs.com\/es\/terms\/","og_locale":"es_ES","og_type":"article","og_title":"Termos de Uso\u00a0 - BeeWebs","og_description":"Atualizado em 13 de mar\u00e7o de 2026 O Beewebs, acess\u00edvel em https:\/\/beewebs.com\/, \u00e9 operado pela KHS M\u00eddia O\u00dc, empresa sediada [&hellip;]","og_url":"https:\/\/beewebs.com\/es\/terms\/","og_site_name":"BeeWebs","article_modified_time":"2026-03-13T18:26:47+00:00","twitter_card":"summary_large_image","twitter_misc":{"Est. reading time":"8 minutos"},"schema":{"@context":"https:\/\/schema.org","@graph":[{"@type":"WebPage","@id":"https:\/\/beewebs.com\/terms\/","url":"https:\/\/beewebs.com\/terms\/","name":"Termos de Uso\u00a0 - BeeWebs","isPartOf":{"@id":"https:\/\/beewebs.com\/#website"},"datePublished":"2024-12-20T17:41:44+00:00","dateModified":"2026-03-13T18:26:47+00:00","breadcrumb":{"@id":"https:\/\/beewebs.com\/terms\/#breadcrumb"},"inLanguage":"es","potentialAction":[{"@type":"ReadAction","target":["https:\/\/beewebs.com\/terms\/"]}]},{"@type":"BreadcrumbList","@id":"https:\/\/beewebs.com\/terms\/#breadcrumb","itemListElement":[{"@type":"ListItem","position":1,"name":"Home","item":"https:\/\/beewebs.com\/"},{"@type":"ListItem","position":2,"name":"Termos de Uso\u00a0"}]},{"@type":"WebSite","@id":"https:\/\/beewebs.com\/#website","url":"https:\/\/beewebs.com\/","name":"BeeWebs","description":"","publisher":{"@id":"https:\/\/beewebs.com\/#organization"},"potentialAction":[{"@type":"SearchAction","target":{"@type":"EntryPoint","urlTemplate":"https:\/\/beewebs.com\/?s={search_term_string}"},"query-input":"required name=search_term_string"}],"inLanguage":"es"},{"@type":"Organization","@id":"https:\/\/beewebs.com\/#organization","name":"BeeWebs","url":"https:\/\/beewebs.com\/","logo":{"@type":"ImageObject","inLanguage":"es","@id":"https:\/\/beewebs.com\/#\/schema\/logo\/image\/","url":"https:\/\/beewebs.com\/wp-content\/uploads\/sites\/130\/2025\/06\/BeeWebs-news.png","contentUrl":"https:\/\/beewebs.com\/wp-content\/uploads\/sites\/130\/2025\/06\/BeeWebs-news.png","width":180,"height":60,"caption":"BeeWebs"},"image":{"@id":"https:\/\/beewebs.com\/#\/schema\/logo\/image\/"}}]}},"uagb_featured_image_src":{"full":false,"thumbnail":false,"medium":false,"medium_large":false,"large":false,"1536x1536":false,"2048x2048":false,"trp-custom-language-flag":false},"uagb_author_info":{"display_name":"pedrosantosfirefe","author_link":"https:\/\/beewebs.com\/es\/author\/pedrosantosfirefe\/"},"uagb_comment_info":0,"uagb_excerpt":"Atualizado em 13 de mar\u00e7o de 2026 O Beewebs, acess\u00edvel em https:\/\/beewebs.com\/, \u00e9 operado pela KHS M\u00eddia O\u00dc, empresa sediada [&hellip;]","_links":{"self":[{"href":"https:\/\/beewebs.com\/es\/wp-json\/wp\/v2\/pages\/456"}],"collection":[{"href":"https:\/\/beewebs.com\/es\/wp-json\/wp\/v2\/pages"}],"about":[{"href":"https:\/\/beewebs.com\/es\/wp-json\/wp\/v2\/types\/page"}],"author":[{"embeddable":true,"href":"https:\/\/beewebs.com\/es\/wp-json\/wp\/v2\/users\/97"}],"replies":[{"embeddable":true,"href":"https:\/\/beewebs.com\/es\/wp-json\/wp\/v2\/comments?post=456"}],"version-history":[{"count":2,"href":"https:\/\/beewebs.com\/es\/wp-json\/wp\/v2\/pages\/456\/revisions"}],"predecessor-version":[{"id":10361,"href":"https:\/\/beewebs.com\/es\/wp-json\/wp\/v2\/pages\/456\/revisions\/10361"}],"wp:attachment":[{"href":"https:\/\/beewebs.com\/es\/wp-json\/wp\/v2\/media?parent=456"}],"curies":[{"name":"wp","href":"https:\/\/api.w.org\/{rel}","templated":true}]}}