{"id":908,"date":"2024-12-30T13:00:18","date_gmt":"2024-12-30T13:00:18","guid":{"rendered":"https:\/\/beewebs.com\/?page_id=908"},"modified":"2024-12-30T13:00:19","modified_gmt":"2024-12-30T13:00:19","slug":"dmca","status":"publish","type":"page","link":"https:\/\/beewebs.com\/de\/dmca\/","title":{"rendered":"DMCA"},"content":{"rendered":"<h3 class=\"wp-block-heading\">Richtlinie zum Digital Millennium Copyright Act<\/h3>\n\n\n\n<p>Willkommen bei (der \u201eBeeWebs.com\u201c). Wir respektieren die geistigen Eigentumsrechte anderer und erwarten von anderen, dass sie unsere Rechte respektieren. Gem\u00e4\u00df Digital Millennium Copyright Act, Titel 17, United States Code, Abschnitt 512(c) k\u00f6nnen Urheberrechtsinhaber oder deren Vertreter uns \u00fcber unseren unten aufgef\u00fchrten DMCA-Beauftragten eine Abmahnung zukommen lassen. Als Internetdienstanbieter sind wir gem\u00e4\u00df den Safe-Harbor-Bestimmungen des DMCA von derartigen Verletzungsanspr\u00fcchen befreit. Um eine Verletzungsr\u00fcge in gutem Glauben bei uns geltend zu machen, m\u00fcssen Sie uns eine Abmahnung mit den folgenden Informationen zukommen lassen:<\/p>\n\n\n\n<p><strong>Mitteilung \u00fcber eine Rechtsverletzung \u2013 Anspruch<\/strong><\/p>\n\n\n\n<p>1. Eine physische oder elektronische Unterschrift des Urheberrechtsinhabers (oder einer Person, die befugt ist, im Namen des Inhabers zu handeln);<br>2. Identifizierung des urheberrechtlich gesch\u00fctzten Werks, dessen Urheberrecht angeblich verletzt wurde;<br>3. Identifizierung des zu entfernenden, verletzenden Materials und ausreichende Informationen, die es dem Dienstanbieter erm\u00f6glichen, das Material zu lokalisieren. [Bitte geben Sie die URL der betreffenden Seite an, um uns bei der Identifizierung des offensichtlich verletzenden Werks zu unterst\u00fctzen];<br>4. Informationen, die ausreichen, um dem Dienstanbieter die Kontaktaufnahme mit der beschwerdef\u00fchrenden Partei zu erm\u00f6glichen, einschlie\u00dflich Ihres Namens, Ihrer Postanschrift, E-Mail-Adresse, Telefonnummer und Faxnummer;<br>5. Eine Erkl\u00e4rung, dass die beschwerdef\u00fchrende Partei nach bestem Wissen davon ausgeht, dass die Verwendung des Materials vom Urheberrechtsbeauftragten nicht autorisiert ist; und<br>6. Eine Erkl\u00e4rung, dass die Informationen in der Benachrichtigung richtig sind und dass die beschwerdef\u00fchrende Partei unter Androhung der Strafe des Meineids befugt ist, im Namen des Urheberrechtsinhabers zu handeln.<\/p>\n\n\n\n<p>Titel 17 USC \u00a7512(f) sieht zivilrechtliche Schadensersatzstrafen, einschlie\u00dflich Kosten und Anwaltsgeb\u00fchren, gegen jede Person vor, die bestimmte Informationen in einer Mitteilung \u00fcber eine Verletzung gem\u00e4\u00df 17 USC \u00a7512(c)(3) wissentlich und wesentlich falsch darstellt.<\/p>\n\n\n\n<p>Senden Sie alle Abmahnungen \u00fcber unsere Kontaktseite. Bitte senden Sie sie per E-Mail, damit wir sie umgehend bearbeiten k\u00f6nnen.<\/p>\n\n\n\n<p>Bitte beachten Sie, dass wir die Identit\u00e4t und Informationen in allen bei uns eingehenden Anspr\u00fcchen wegen Urheberrechtsverletzungen an den mutma\u00dflichen Verletzer weitergeben k\u00f6nnen. Mit der Einreichung eines Anspruchs erkl\u00e4ren Sie sich damit einverstanden, dass Ihre Identit\u00e4t und Ihr Anspruch dem mutma\u00dflichen Verletzer mitgeteilt werden k\u00f6nnen.<\/p>\n\n\n\n<p><strong>Gegenbenachrichtigung \u2013 Wiederherstellung des Materials<\/strong><\/p>\n\n\n\n<p>Wenn Sie eine Benachrichtigung \u00fcber die Entfernung von Material aufgrund einer Urheberrechtsverletzung erhalten haben, k\u00f6nnen Sie uns eine Gegendarstellung zukommen lassen, um die Wiederherstellung des betreffenden Materials auf der Website zu erreichen. Diese Benachrichtigung muss schriftlich an unseren DMCA-Beauftragten gerichtet werden und gem\u00e4\u00df 17 USC Section 512(g)(3) im Wesentlichen die folgenden Elemente enthalten:<\/p>\n\n\n\n<p>1. Ihre physische oder elektronische Unterschrift.<br>2. Eine Beschreibung des entfernten Materials und des urspr\u00fcnglichen Standorts des Materials vor der Entfernung.<br>3. Eine eidesstattliche Erkl\u00e4rung, dass Sie nach bestem Wissen davon ausgehen, dass das Material aufgrund eines Fehlers oder einer falschen Identifizierung des zu entfernenden oder zu deaktivierenden Materials entfernt oder deaktiviert wurde.<br>4. Ihr Name, Ihre Adresse und Telefonnummer sowie eine Erkl\u00e4rung, dass Sie der Zust\u00e4ndigkeit des Bundesbezirksgerichts f\u00fcr den Gerichtsbezirk zustimmen, in dem sich die Adresse befindet (oder, wenn Sie sich au\u00dferhalb der Vereinigten Staaten befinden, dass Sie der Zust\u00e4ndigkeit jedes Gerichtsbezirks zustimmen, in dem sich der Dienstanbieter befindet) und dass Sie die Zustellung von Schriftst\u00fccken von der Person oder Firma akzeptieren, die die urspr\u00fcngliche Benachrichtigung \u00fcber die Urheberrechtsverletzung \u00fcbermittelt hat.<br>5. Senden Sie Ihre Gegendarstellung \u00fcber unsere Kontaktseite. E-Mail wird dringend empfohlen.<\/p>\n\n\n\n<p><strong>Richtlinie f\u00fcr Wiederholungst\u00e4ter<\/strong><\/p>\n\n\n\n<p>Wir nehmen Urheberrechtsverletzungen sehr ernst. Gem\u00e4\u00df den Richtlinien f\u00fcr Wiederholungst\u00e4ter des Digital Millennium Copyright Act f\u00fchren wir eine Liste mit DMCA-Hinweisen von Urheberrechtsinhabern und bem\u00fchen uns nach bestem Wissen und Gewissen, Wiederholungst\u00e4ter zu identifizieren. Bei Verst\u00f6\u00dfen gegen unsere internen Richtlinien f\u00fcr Wiederholungst\u00e4ter wird deren Konto gesperrt.<\/p>\n\n\n\n<p><strong>\u00c4nderungen<\/strong><\/p>\n\n\n\n<p>Wir behalten uns das Recht vor, den Inhalt dieser Seite und die Richtlinien zur Bearbeitung von DMCA-Anspr\u00fcchen jederzeit und aus beliebigem Grund zu \u00e4ndern. Wir empfehlen Ihnen, diese Richtlinien regelm\u00e4\u00dfig auf \u00c4nderungen zu \u00fcberpr\u00fcfen.<\/p>","protected":false},"excerpt":{"rendered":"<p>Digital Millennium Copyright Act Policy Welcome to (the \u201dBeeWebs.com\u201d).We respect the intellectual property rights of others just as we expect [&hellip;]<\/p>","protected":false},"author":97,"featured_media":0,"parent":0,"menu_order":0,"comment_status":"closed","ping_status":"closed","template":"","meta":{"_uag_custom_page_level_css":"","site-sidebar-layout":"default","site-content-layout":"","ast-site-content-layout":"default","site-content-style":"default","site-sidebar-style":"default","ast-global-header-display":"","ast-banner-title-visibility":"","ast-main-header-display":"","ast-hfb-above-header-display":"","ast-hfb-below-header-display":"","ast-hfb-mobile-header-display":"","site-post-title":"","ast-breadcrumbs-content":"","ast-featured-img":"","footer-sml-layout":"","theme-transparent-header-meta":"","adv-header-id-meta":"","stick-header-meta":"","header-above-stick-meta":"","header-main-stick-meta":"","header-below-stick-meta":"","astra-migrate-meta-layouts":"set","ast-page-background-enabled":"default","ast-page-background-meta":{"desktop":{"background-color":"var(--ast-global-color-4)","background-image":"","background-repeat":"repeat","background-position":"center center","background-size":"auto","background-attachment":"scroll","background-type":"","background-media":"","overlay-type":"","overlay-color":"","overlay-opacity":"","overlay-gradient":""},"tablet":{"background-color":"","background-image":"","background-repeat":"repeat","background-position":"center center","background-size":"auto","background-attachment":"scroll","background-type":"","background-media":"","overlay-type":"","overlay-color":"","overlay-opacity":"","overlay-gradient":""},"mobile":{"background-color":"","background-image":"","background-repeat":"repeat","background-position":"center center","background-size":"auto","background-attachment":"scroll","background-type":"","background-media":"","overlay-type":"","overlay-color":"","overlay-opacity":"","overlay-gradient":""}},"ast-content-background-meta":{"desktop":{"background-color":"var(--ast-global-color-5)","background-image":"","background-repeat":"repeat","background-position":"center center","background-size":"auto","background-attachment":"scroll","background-type":"","background-media":"","overlay-type":"","overlay-color":"","overlay-opacity":"","overlay-gradient":""},"tablet":{"background-color":"var(--ast-global-color-5)","background-image":"","background-repeat":"repeat","background-position":"center center","background-size":"auto","background-attachment":"scroll","background-type":"","background-media":"","overlay-type":"","overlay-color":"","overlay-opacity":"","overlay-gradient":""},"mobile":{"background-color":"var(--ast-global-color-5)","background-image":"","background-repeat":"repeat","background-position":"center center","background-size":"auto","background-attachment":"scroll","background-type":"","background-media":"","overlay-type":"","overlay-color":"","overlay-opacity":"","overlay-gradient":""}},"footnotes":""},"yoast_head":"<!-- This site is optimized with the Yoast SEO plugin v23.3 - https:\/\/yoast.com\/wordpress\/plugins\/seo\/ -->\n<title>DMCA - BeeWebs<\/title>\n<meta name=\"robots\" content=\"index, follow, max-snippet:-1, max-image-preview:large, max-video-preview:-1\" \/>\n<link rel=\"canonical\" href=\"https:\/\/beewebs.com\/de\/dmca\/\" \/>\n<meta property=\"og:locale\" content=\"de_DE\" \/>\n<meta property=\"og:type\" content=\"article\" \/>\n<meta property=\"og:title\" content=\"DMCA - BeeWebs\" \/>\n<meta property=\"og:description\" content=\"Digital Millennium Copyright Act Policy Welcome to (the \u201dBeeWebs.com\u201d).We respect the intellectual property rights of others just as we expect [&hellip;]\" \/>\n<meta property=\"og:url\" content=\"https:\/\/beewebs.com\/de\/dmca\/\" \/>\n<meta property=\"og:site_name\" content=\"BeeWebs\" \/>\n<meta property=\"article:modified_time\" content=\"2024-12-30T13:00:19+00:00\" \/>\n<meta name=\"twitter:card\" content=\"summary_large_image\" \/>\n<meta name=\"twitter:label1\" content=\"Est. reading time\" \/>\n\t<meta name=\"twitter:data1\" content=\"3 Minuten\" \/>\n<script type=\"application\/ld+json\" class=\"yoast-schema-graph\">{\"@context\":\"https:\/\/schema.org\",\"@graph\":[{\"@type\":\"WebPage\",\"@id\":\"https:\/\/beewebs.com\/dmca\/\",\"url\":\"https:\/\/beewebs.com\/dmca\/\",\"name\":\"DMCA - BeeWebs\",\"isPartOf\":{\"@id\":\"https:\/\/beewebs.com\/#website\"},\"datePublished\":\"2024-12-30T13:00:18+00:00\",\"dateModified\":\"2024-12-30T13:00:19+00:00\",\"breadcrumb\":{\"@id\":\"https:\/\/beewebs.com\/dmca\/#breadcrumb\"},\"inLanguage\":\"de-CH\",\"potentialAction\":[{\"@type\":\"ReadAction\",\"target\":[\"https:\/\/beewebs.com\/dmca\/\"]}]},{\"@type\":\"BreadcrumbList\",\"@id\":\"https:\/\/beewebs.com\/dmca\/#breadcrumb\",\"itemListElement\":[{\"@type\":\"ListItem\",\"position\":1,\"name\":\"Home\",\"item\":\"https:\/\/beewebs.com\/\"},{\"@type\":\"ListItem\",\"position\":2,\"name\":\"DMCA\"}]},{\"@type\":\"WebSite\",\"@id\":\"https:\/\/beewebs.com\/#website\",\"url\":\"https:\/\/beewebs.com\/\",\"name\":\"BeeWebs\",\"description\":\"\",\"publisher\":{\"@id\":\"https:\/\/beewebs.com\/#organization\"},\"potentialAction\":[{\"@type\":\"SearchAction\",\"target\":{\"@type\":\"EntryPoint\",\"urlTemplate\":\"https:\/\/beewebs.com\/?s={search_term_string}\"},\"query-input\":\"required name=search_term_string\"}],\"inLanguage\":\"de-CH\"},{\"@type\":\"Organization\",\"@id\":\"https:\/\/beewebs.com\/#organization\",\"name\":\"BeeWebs\",\"url\":\"https:\/\/beewebs.com\/\",\"logo\":{\"@type\":\"ImageObject\",\"inLanguage\":\"de-CH\",\"@id\":\"https:\/\/beewebs.com\/#\/schema\/logo\/image\/\",\"url\":\"https:\/\/beewebs.com\/wp-content\/uploads\/sites\/130\/2025\/06\/BeeWebs-news.png\",\"contentUrl\":\"https:\/\/beewebs.com\/wp-content\/uploads\/sites\/130\/2025\/06\/BeeWebs-news.png\",\"width\":180,\"height\":60,\"caption\":\"BeeWebs\"},\"image\":{\"@id\":\"https:\/\/beewebs.com\/#\/schema\/logo\/image\/\"}}]}<\/script>\n<!-- \/ Yoast SEO plugin. -->","yoast_head_json":{"title":"DMCA - BeeWebs","robots":{"index":"index","follow":"follow","max-snippet":"max-snippet:-1","max-image-preview":"max-image-preview:large","max-video-preview":"max-video-preview:-1"},"canonical":"https:\/\/beewebs.com\/de\/dmca\/","og_locale":"de_DE","og_type":"article","og_title":"DMCA - BeeWebs","og_description":"Digital Millennium Copyright Act Policy Welcome to (the \u201dBeeWebs.com\u201d).We respect the intellectual property rights of others just as we expect [&hellip;]","og_url":"https:\/\/beewebs.com\/de\/dmca\/","og_site_name":"BeeWebs","article_modified_time":"2024-12-30T13:00:19+00:00","twitter_card":"summary_large_image","twitter_misc":{"Est. reading time":"3 Minuten"},"schema":{"@context":"https:\/\/schema.org","@graph":[{"@type":"WebPage","@id":"https:\/\/beewebs.com\/dmca\/","url":"https:\/\/beewebs.com\/dmca\/","name":"DMCA - BeeWebs","isPartOf":{"@id":"https:\/\/beewebs.com\/#website"},"datePublished":"2024-12-30T13:00:18+00:00","dateModified":"2024-12-30T13:00:19+00:00","breadcrumb":{"@id":"https:\/\/beewebs.com\/dmca\/#breadcrumb"},"inLanguage":"de-CH","potentialAction":[{"@type":"ReadAction","target":["https:\/\/beewebs.com\/dmca\/"]}]},{"@type":"BreadcrumbList","@id":"https:\/\/beewebs.com\/dmca\/#breadcrumb","itemListElement":[{"@type":"ListItem","position":1,"name":"Home","item":"https:\/\/beewebs.com\/"},{"@type":"ListItem","position":2,"name":"DMCA"}]},{"@type":"WebSite","@id":"https:\/\/beewebs.com\/#website","url":"https:\/\/beewebs.com\/","name":"BeeWebs","description":"","publisher":{"@id":"https:\/\/beewebs.com\/#organization"},"potentialAction":[{"@type":"SearchAction","target":{"@type":"EntryPoint","urlTemplate":"https:\/\/beewebs.com\/?s={search_term_string}"},"query-input":"required name=search_term_string"}],"inLanguage":"de-CH"},{"@type":"Organization","@id":"https:\/\/beewebs.com\/#organization","name":"BeeWebs","url":"https:\/\/beewebs.com\/","logo":{"@type":"ImageObject","inLanguage":"de-CH","@id":"https:\/\/beewebs.com\/#\/schema\/logo\/image\/","url":"https:\/\/beewebs.com\/wp-content\/uploads\/sites\/130\/2025\/06\/BeeWebs-news.png","contentUrl":"https:\/\/beewebs.com\/wp-content\/uploads\/sites\/130\/2025\/06\/BeeWebs-news.png","width":180,"height":60,"caption":"BeeWebs"},"image":{"@id":"https:\/\/beewebs.com\/#\/schema\/logo\/image\/"}}]}},"uagb_featured_image_src":{"full":false,"thumbnail":false,"medium":false,"medium_large":false,"large":false,"1536x1536":false,"2048x2048":false,"trp-custom-language-flag":false},"uagb_author_info":{"display_name":"pedrosantosfirefe","author_link":"https:\/\/beewebs.com\/de\/author\/pedrosantosfirefe\/"},"uagb_comment_info":0,"uagb_excerpt":"Digital Millennium Copyright Act Policy Welcome to (the \u201dBeeWebs.com\u201d).We respect the intellectual property rights of others just as we expect [&hellip;]","_links":{"self":[{"href":"https:\/\/beewebs.com\/de\/wp-json\/wp\/v2\/pages\/908"}],"collection":[{"href":"https:\/\/beewebs.com\/de\/wp-json\/wp\/v2\/pages"}],"about":[{"href":"https:\/\/beewebs.com\/de\/wp-json\/wp\/v2\/types\/page"}],"author":[{"embeddable":true,"href":"https:\/\/beewebs.com\/de\/wp-json\/wp\/v2\/users\/97"}],"replies":[{"embeddable":true,"href":"https:\/\/beewebs.com\/de\/wp-json\/wp\/v2\/comments?post=908"}],"version-history":[{"count":1,"href":"https:\/\/beewebs.com\/de\/wp-json\/wp\/v2\/pages\/908\/revisions"}],"predecessor-version":[{"id":909,"href":"https:\/\/beewebs.com\/de\/wp-json\/wp\/v2\/pages\/908\/revisions\/909"}],"wp:attachment":[{"href":"https:\/\/beewebs.com\/de\/wp-json\/wp\/v2\/media?parent=908"}],"curies":[{"name":"wp","href":"https:\/\/api.w.org\/{rel}","templated":true}]}}