{"id":456,"date":"2024-12-20T17:41:44","date_gmt":"2024-12-20T17:41:44","guid":{"rendered":"https:\/\/beewebs.com\/?page_id=456"},"modified":"2026-03-13T18:26:47","modified_gmt":"2026-03-13T18:26:47","slug":"terms","status":"publish","type":"page","link":"https:\/\/beewebs.com\/de\/terms\/","title":{"rendered":"Nutzungsbedingungen\u00a0"},"content":{"rendered":"<p>Aktualisiert am 13. M\u00e4rz 2026<\/p>\n\n\n\n<p>Bienenweben, zug\u00e4nglich unter<a href=\"https:\/\/beewebs.com\/de\/\"> https:\/\/beewebs.com\/<\/a>Diese Plattform wird von KHS Media O\u00dc betrieben, einem Unternehmen mit Sitz in Harju maakond, Tallinn, Kristiine linnaosa, Kotkapoja tn 2a-10, 10615, eingetragen im estnischen Handelsregister unter der Nummer 16703073. Die Plattform ver\u00f6ffentlicht unabh\u00e4ngige, recherchierte Inhalte zu verschiedenen Themenbereichen, darunter praktische Tipps, App-Rezensionen, Kurse, Finanzen (wie Kredite und Finanzdienstleistungen), Karriereberatung, Lifestyle und Produkte, die f\u00fcr ein internationales Publikum relevant sind. Unsere Artikel informieren und unterst\u00fctzen Leser bei fundierten Entscheidungen. Sie decken ein breites Themenspektrum ab, von Bildungs- und Karrierem\u00f6glichkeiten \u00fcber Technologie-Tutorials und Servicebewertungen bis hin zu allgemeinen Konzepten der Finanzplanung. Die Informationen basieren auf gepr\u00fcften \u00f6ffentlichen Quellen.<\/p>\n\n\n\n<p>Wir sind \u00fcberzeugt, dass der Zugang zu klaren und verl\u00e4sslichen Informationen \u00fcber Bildung, digitale Werkzeuge, Finanzen und berufliche Weiterentwicklung eine wichtige Rolle im Alltag spielt. Unsere Mission ist es, Informationen transparenter, verl\u00e4sslicher und wirklich n\u00fctzlich f\u00fcr Leser zu gestalten, die sich vor der Nutzung eines Angebots, einer Dienstleistung oder einer Gelegenheit Klarheit verschaffen m\u00f6chten.<\/p>\n\n\n\n<p><strong>Globaler Inhaltshinweis und Haftungsausschluss:<\/strong> Beewebs konzentriert sich darauf, informative Inhalte zu einer Vielzahl von Themen und Dienstleistungen auf verschiedenen globalen M\u00e4rkten bereitzustellen. Obwohl wir uns bem\u00fchen, korrekte Praktiken und Informationen abzubilden, variieren Nutzungsbedingungen, Bewerbungsvoraussetzungen, Kursangebot, Zulassungsbestimmungen und Verbraucherschutzbestimmungen erheblich zwischen L\u00e4ndern und Anbietern und k\u00f6nnen sich im Laufe der Zeit \u00e4ndern. Die auf dieser Website ver\u00f6ffentlichten Informationen dienen ausschlie\u00dflich Bildungszwecken und ersetzen keine offiziellen Bekanntmachungen, Vertragsdokumente oder professionelle Beratung (finanzieller, rechtlicher oder beruflicher Art). Wir empfehlen Lesern, alle Details direkt bei den autorisierten Institutionen, Entwicklern oder Dienstleistern zu \u00fcberpr\u00fcfen, bevor sie Entscheidungen treffen.<\/p>\n\n\n\n<p>Alle auf dieser Plattform ver\u00f6ffentlichten Inhalte werden von der unabh\u00e4ngigen Redaktion von Beewebs erstellt. Die Texte entstehen ohne direkten Einfluss von Kreditgebern, Bildungseinrichtungen, App-Entwicklern oder Dienstleistern. Jeder Artikel wird sorgf\u00e4ltig verfasst und gepr\u00fcft, um Lesern verst\u00e4ndliche und fundierte Informationen zu bieten.<\/p>\n\n\n\n<p>Mit der Nutzung von Beewebs stimmen Sie den auf unserer Plattform dargestellten Richtlinien, rechtlichen Hinweisen und Nutzungsbedingungen zu. In diesem Dokument und auf der gesamten Website beziehen sich die Begriffe \u201ewir\u201c, \u201eunser\u201c und \u201eunsere\u201c auf Beewebs und seine redaktionellen Mitarbeiter.<\/p>\n\n\n\n<p>Obwohl in einigen Artikeln bestimmte Apps, Bildungseinrichtungen, Kreditgeber oder international t\u00e4tige Dienstleistungen erw\u00e4hnt werden, verkaufen, verwalten, organisieren oder empfehlen wir keine Produkte oder Dienstleistungen Dritter. Wir stehen in keiner Verbindung zu den in unseren Inhalten genannten Entwicklern, Finanzinstituten, Bildungsplattformen oder Aufsichtsbeh\u00f6rden. Beewebs bietet keine direkten Angebote, Genehmigungen, Finanzberatung oder personalisierte Empfehlungen an. Wir bieten auch keinen Kundensupport f\u00fcr Dienstleistungen Dritter an.<\/p>\n\n\n\n<p>Beewebs wird durch Werbung von Google AdSense finanziert, wodurch wir unsere Inhalte weiterhin kostenlos anbieten k\u00f6nnen. Die Anzeigen werden automatisch von Google eingeblendet und sind klar vom redaktionellen Inhalt getrennt. Wir erhalten \u00fcber diese Anzeigen keine Provisionen f\u00fcr Servicegenehmigungen, Registrierungen oder Weiterleitungen. Unsere redaktionelle Unabh\u00e4ngigkeit bleibt gewahrt und wird durch die Anzeigenschaltung nicht beeintr\u00e4chtigt.<\/p>\n\n\n\n<p><strong>Urheberrechtshinweis:<\/strong> Alle schriftlichen Inhalte, Strukturen und Originalmaterialien, die in<a href=\"https:\/\/beewebs.com\/de\/\"> https:\/\/beewebs.com\/<\/a> Unsere Inhalte sind urheberrechtlich gesch\u00fctzt. Sie d\u00fcrfen unsere Materialien unter Angabe der Quelle und eines Links zur Originalquelle zitieren oder darauf verweisen. Unerlaubte Vervielf\u00e4ltigung, Duplizierung oder Weiterverbreitung ist untersagt. Logos, Namen und Materialien Dritter, auf die in unseren Artikeln Bezug genommen wird, bleiben Eigentum ihrer jeweiligen Inhaber und werden ausschlie\u00dflich zu Identifikations- und Informationszwecken im Rahmen der geltenden Fair-Use-Grunds\u00e4tze verwendet.<em>faire Nutzung<\/em>).<\/p>\n\n\n\n<p>LESEN SIE UNSERE NUTZUNGSBEDINGUNGEN SORGF\u00c4LTIG DURCH. WENN SIE MIT EINEM TEIL DIESER BEDINGUNGEN NICHT EINVERSTANDEN SIND, NUTZEN SIE BITTE WEDER Beewebs NOCH INHALTE DAVON.<\/p>\n\n\n\n<p><strong>Artikel I \u2013 Nutzungsvereinbarung<\/strong><\/p>\n\n\n\n<p>1.1 Beim Zugriff auf die Beewebs-Plattform in<a href=\"https:\/\/beewebs.com\/de\/\"> https:\/\/beewebs.com\/<\/a>Mit Ihrer Zustimmung best\u00e4tigen Sie, dass Sie die Nutzungsbedingungen gelesen, verstanden und akzeptiert haben. Dieses Dokument bildet den rechtlichen Rahmen f\u00fcr Ihren Zugriff auf und Ihre Interaktion mit allen von Beewebs bereitgestellten Inhalten, Ressourcen und Diensten.<\/p>\n\n\n\n<p>1.2 Durch die Nutzung dieser Website best\u00e4tigen Sie au\u00dferdem, dass Sie mindestens 18 Jahre alt sind. Die fortgesetzte Nutzung der Plattform gilt als Ihre informierte und freiwillige Zustimmung zu allen geltenden Nutzungsbedingungen.<\/p>\n\n\n\n<p><strong>Artikel II \u2013 Kommunikation und Unterst\u00fctzung<\/strong><\/p>\n\n\n\n<p>2.1 F\u00fcr Supportanfragen, Problemberichte oder allgemeine Anregungen zur Plattform werden die Benutzer gebeten, uns \u00fcber unser offizielles Kontaktformular unter [Link zum Kontaktformular] zu kontaktieren. <a href=\"https:\/\/beewebs.com\/de\/contact\/\">https:\/\/beewebs.com\/contact<\/a> .<\/p>\n\n\n\n<p><strong>Artikel III \u2013 Verantwortlichkeiten von Nutzern und Plattform<\/strong><\/p>\n\n\n\n<p>3.1 Beewebs kann Hyperlinks zu externen Websites oder digitalen Diensten als Service f\u00fcr die Nutzer bereitstellen. Diese Links zu Drittanbietern dienen ausschlie\u00dflich Informationszwecken. Beewebs besitzt, betreibt, sponsert oder empfiehlt keine Inhalte, Dienste oder Plattformen Dritter, auf die verwiesen wird.<\/p>\n\n\n\n<p>3.2 Nutzer, die \u00fcber Beewebs auf externe Plattformen zugreifen, sind selbst daf\u00fcr verantwortlich, die geltenden Nutzungsbedingungen dieser externen Anbieter zu pr\u00fcfen. Beewebs \u00fcbernimmt keine Haftung f\u00fcr den Betrieb, die Genauigkeit oder die rechtlichen Bestimmungen von Websites Dritter. Solche Interaktionen erfolgen ausschlie\u00dflich auf eigenes Risiko des Nutzers.<\/p>\n\n\n\n<p>3.3 Beewebs nutzt Werbedienste wie Google AdSense. Die auf unserem Portal geschaltete Werbung dient ausschlie\u00dflich kommerziellen Zwecken und stellt keine Empfehlung der beworbenen Marken durch Beewebs dar. Die Interaktion mit Werbung erfolgt auf eigene Verantwortung des Nutzers.<\/p>\n\n\n\n<p>3.4 Der Zugang zu Beewebs ist kostenlos. Wir bitten nicht um Spenden, bieten keine Abonnements an und erheben keine Geb\u00fchren f\u00fcr die Nutzung unserer Inhalte. Jede Zahlungsaufforderung, die angeblich von Beewebs stammt, ist als betr\u00fcgerisch zu betrachten.<\/p>\n\n\n\n<p><strong>Artikel IV \u2013 Verbotenes Verhalten<\/strong><\/p>\n\n\n\n<p>Beewebs verbietet auf seiner Plattform strikt die folgenden Aktionen:<\/p>\n\n\n\n<ul>\n<li><strong>Beteiligung an illegalen Aktivit\u00e4ten:<\/strong> Die Nutzung der Plattform zur Erleichterung, F\u00f6rderung oder Koordinierung jeglicher Form illegalen Verhaltens.<\/li>\n\n\n\n<li><strong>Verletzung von Rechten des geistigen Eigentums:<\/strong> Das Kopieren, Vervielf\u00e4ltigen oder Ver\u00f6ffentlichen unserer Materialien ohne vorherige schriftliche Genehmigung ist untersagt.<\/li>\n\n\n\n<li><strong>Verleumderisches oder beleidigendes Verhalten:<\/strong> Bel\u00e4stigung, Hassrede oder bedrohliche \u00c4u\u00dferungen.<\/li>\n\n\n\n<li><strong>Verbreitung von Schadcode:<\/strong> Die Verbreitung jeglicher Form von unautorisierter Schadsoftware, Viren oder Tracking-Tools ist verboten.<\/li>\n\n\n\n<li><strong>Betr\u00fcgerisches Verhalten:<\/strong> Phishing-Versuche, Identit\u00e4tsdiebstahl oder Versuche, die Sicherheitsfunktionen von Beewebs zu umgehen.<\/li>\n<\/ul>\n\n\n\n<p><strong>Artikel V \u2013 Gew\u00e4hrleistungsausschluss und Haftungsbeschr\u00e4nkung<\/strong><\/p>\n\n\n\n<p>Alle von Beewebs bereitgestellten Informationen und Ressourcen werden \u201ewie besehen\u201c angeboten (<em>wie es ist<\/em>) und \u201ewie verf\u00fcgbar\u201c, ohne jegliche ausdr\u00fcckliche oder stillschweigende Gew\u00e4hrleistung.<\/p>\n\n\n\n<p>Mit dem Zugriff auf und der Nutzung von Beewebs handeln Sie freiwillig und auf eigenes Risiko. Soweit gesetzlich zul\u00e4ssig, haften Beewebs und seine Partner nicht f\u00fcr direkte, indirekte, zuf\u00e4llige oder Folgesch\u00e4den, die durch Ihren Zugriff auf oder Ihre Nutzung der Plattform entstehen. Dies umfasst insbesondere finanzielle Verluste aufgrund von Entscheidungen, die auf unseren Informationsinhalten beruhen, technische St\u00f6rungen oder Folgen der Interaktion mit Links Dritter.<\/p>\n\n\n\n<p><strong>Artikel VI \u2013 Dauer und Rechtslaufzeit<\/strong><\/p>\n\n\n\n<p>Alle in diesen Nutzungsbedingungen enthaltenen Bestimmungen bleiben w\u00e4hrend der gesamten Nutzungsdauer der Plattform rechtsverbindlich. Im Falle von Streitigkeiten im Zusammenhang mit der Nutzung von Beewebs m\u00fcssen Nutzer innerhalb eines (1) Jahres ab dem Datum des ersten Auftretens des Problems eine formelle Klage einreichen.<\/p>\n\n\n\n<p><strong>Artikel VII \u2013 Anwendbares Recht und Gerichtsstand<\/strong><\/p>\n\n\n\n<p><strong>7.1 Anwendbares Recht<\/strong> Diese Nutzungsbedingungen unterliegen estnischem Recht und sind nach diesem auszulegen. Sind Sie Verbraucher mit Wohnsitz au\u00dferhalb Estlands, so schr\u00e4nkt diese Bestimmung Ihre gesetzlichen Rechte als Verbraucher in Ihrem Wohnsitzland nicht ein.<\/p>\n\n\n\n<p><strong>7.2 Zust\u00e4ndigkeit<\/strong> Durch die Nutzung unserer Dienste erkl\u00e4ren Sie sich damit einverstanden, dass alle Rechtsstreitigkeiten oder Verfahren, die sich aus diesen Bedingungen ergeben, ausschlie\u00dflich vor den zust\u00e4ndigen Gerichten in Tallinn, Estland, ausgetragen werden.<\/p>\n\n\n\n<p><strong>7.3 Verzicht auf Sammelklagen<\/strong> Soweit dies nach geltendem Recht zul\u00e4ssig ist, stimmen Sie zu, dass etwaige Streitbeilegungsverfahren ausschlie\u00dflich auf individueller Basis und nicht im Rahmen einer Sammelklage gef\u00fchrt werden.<\/p>\n\n\n\n<p><strong>Artikel VIII \u2013 \u00c4nderungen der Allgemeinen Gesch\u00e4ftsbedingungen<\/strong><\/p>\n\n\n\n<p>Beewebs beh\u00e4lt sich das Recht vor, die Nutzungsbedingungen jederzeit ganz oder teilweise zu \u00fcberarbeiten, zu \u00e4ndern oder einzustellen. Die fortgesetzte Nutzung der Plattform nach solchen \u00c4nderungen gilt als ausdr\u00fcckliche Zustimmung zu den ge\u00e4nderten Bedingungen.<\/p>\n\n\n\n<p><strong>Artikel IX \u2013 Kontaktinformationen<\/strong><\/p>\n\n\n\n<p>Sollten Sie Fragen zu diesen Bedingungen haben, kontaktieren Sie uns bitte \u00fcber unsere offizielle Webseite:<a href=\"https:\/\/www.google.com\/search?q=https:\/\/beewebs.com\/contact&amp;authuser=1\"> https:\/\/beewebs.com\/contact<\/a>.<\/p>\n\n\n\n<p><strong>KHS Media O\u00dc<\/strong><br>Estnische Unternehmensregistrierungsnummer: 16703073<br>Harju Maakond, Tallinn, Kristiine Linnaosa, Kotkapoja<br>tn 2a-10, 10615 Estland<\/p>\n\n\n\n<p><\/p>\n\n\n\n<p><\/p>","protected":false},"excerpt":{"rendered":"<p>Atualizado em 13 de mar\u00e7o de 2026 O Beewebs, acess\u00edvel em https:\/\/beewebs.com\/, \u00e9 operado pela KHS M\u00eddia O\u00dc, empresa sediada [&hellip;]<\/p>","protected":false},"author":97,"featured_media":0,"parent":0,"menu_order":0,"comment_status":"closed","ping_status":"closed","template":"","meta":{"_uag_custom_page_level_css":"","site-sidebar-layout":"default","site-content-layout":"","ast-site-content-layout":"default","site-content-style":"default","site-sidebar-style":"default","ast-global-header-display":"","ast-banner-title-visibility":"","ast-main-header-display":"","ast-hfb-above-header-display":"","ast-hfb-below-header-display":"","ast-hfb-mobile-header-display":"","site-post-title":"","ast-breadcrumbs-content":"","ast-featured-img":"","footer-sml-layout":"","theme-transparent-header-meta":"","adv-header-id-meta":"","stick-header-meta":"","header-above-stick-meta":"","header-main-stick-meta":"","header-below-stick-meta":"","astra-migrate-meta-layouts":"set","ast-page-background-enabled":"default","ast-page-background-meta":{"desktop":{"background-color":"var(--ast-global-color-4)","background-image":"","background-repeat":"repeat","background-position":"center center","background-size":"auto","background-attachment":"scroll","background-type":"","background-media":"","overlay-type":"","overlay-color":"","overlay-opacity":"","overlay-gradient":""},"tablet":{"background-color":"","background-image":"","background-repeat":"repeat","background-position":"center center","background-size":"auto","background-attachment":"scroll","background-type":"","background-media":"","overlay-type":"","overlay-color":"","overlay-opacity":"","overlay-gradient":""},"mobile":{"background-color":"","background-image":"","background-repeat":"repeat","background-position":"center center","background-size":"auto","background-attachment":"scroll","background-type":"","background-media":"","overlay-type":"","overlay-color":"","overlay-opacity":"","overlay-gradient":""}},"ast-content-background-meta":{"desktop":{"background-color":"var(--ast-global-color-5)","background-image":"","background-repeat":"repeat","background-position":"center center","background-size":"auto","background-attachment":"scroll","background-type":"","background-media":"","overlay-type":"","overlay-color":"","overlay-opacity":"","overlay-gradient":""},"tablet":{"background-color":"var(--ast-global-color-5)","background-image":"","background-repeat":"repeat","background-position":"center center","background-size":"auto","background-attachment":"scroll","background-type":"","background-media":"","overlay-type":"","overlay-color":"","overlay-opacity":"","overlay-gradient":""},"mobile":{"background-color":"var(--ast-global-color-5)","background-image":"","background-repeat":"repeat","background-position":"center center","background-size":"auto","background-attachment":"scroll","background-type":"","background-media":"","overlay-type":"","overlay-color":"","overlay-opacity":"","overlay-gradient":""}},"footnotes":""},"yoast_head":"<!-- This site is optimized with the Yoast SEO plugin v23.3 - https:\/\/yoast.com\/wordpress\/plugins\/seo\/ -->\n<title>Termos de Uso\u00a0 - BeeWebs<\/title>\n<meta name=\"robots\" content=\"index, follow, max-snippet:-1, max-image-preview:large, max-video-preview:-1\" \/>\n<link rel=\"canonical\" href=\"https:\/\/beewebs.com\/de\/terms\/\" \/>\n<meta property=\"og:locale\" content=\"de_DE\" \/>\n<meta property=\"og:type\" content=\"article\" \/>\n<meta property=\"og:title\" content=\"Termos de Uso\u00a0 - BeeWebs\" \/>\n<meta property=\"og:description\" content=\"Atualizado em 13 de mar\u00e7o de 2026 O Beewebs, acess\u00edvel em https:\/\/beewebs.com\/, \u00e9 operado pela KHS M\u00eddia O\u00dc, empresa sediada [&hellip;]\" \/>\n<meta property=\"og:url\" content=\"https:\/\/beewebs.com\/de\/terms\/\" \/>\n<meta property=\"og:site_name\" content=\"BeeWebs\" \/>\n<meta property=\"article:modified_time\" content=\"2026-03-13T18:26:47+00:00\" \/>\n<meta name=\"twitter:card\" content=\"summary_large_image\" \/>\n<meta name=\"twitter:label1\" content=\"Est. reading time\" \/>\n\t<meta name=\"twitter:data1\" content=\"8 Minuten\" \/>\n<script type=\"application\/ld+json\" class=\"yoast-schema-graph\">{\"@context\":\"https:\/\/schema.org\",\"@graph\":[{\"@type\":\"WebPage\",\"@id\":\"https:\/\/beewebs.com\/terms\/\",\"url\":\"https:\/\/beewebs.com\/terms\/\",\"name\":\"Termos de Uso\u00a0 - BeeWebs\",\"isPartOf\":{\"@id\":\"https:\/\/beewebs.com\/#website\"},\"datePublished\":\"2024-12-20T17:41:44+00:00\",\"dateModified\":\"2026-03-13T18:26:47+00:00\",\"breadcrumb\":{\"@id\":\"https:\/\/beewebs.com\/terms\/#breadcrumb\"},\"inLanguage\":\"de-CH\",\"potentialAction\":[{\"@type\":\"ReadAction\",\"target\":[\"https:\/\/beewebs.com\/terms\/\"]}]},{\"@type\":\"BreadcrumbList\",\"@id\":\"https:\/\/beewebs.com\/terms\/#breadcrumb\",\"itemListElement\":[{\"@type\":\"ListItem\",\"position\":1,\"name\":\"Home\",\"item\":\"https:\/\/beewebs.com\/\"},{\"@type\":\"ListItem\",\"position\":2,\"name\":\"Termos de Uso\u00a0\"}]},{\"@type\":\"WebSite\",\"@id\":\"https:\/\/beewebs.com\/#website\",\"url\":\"https:\/\/beewebs.com\/\",\"name\":\"BeeWebs\",\"description\":\"\",\"publisher\":{\"@id\":\"https:\/\/beewebs.com\/#organization\"},\"potentialAction\":[{\"@type\":\"SearchAction\",\"target\":{\"@type\":\"EntryPoint\",\"urlTemplate\":\"https:\/\/beewebs.com\/?s={search_term_string}\"},\"query-input\":\"required name=search_term_string\"}],\"inLanguage\":\"de-CH\"},{\"@type\":\"Organization\",\"@id\":\"https:\/\/beewebs.com\/#organization\",\"name\":\"BeeWebs\",\"url\":\"https:\/\/beewebs.com\/\",\"logo\":{\"@type\":\"ImageObject\",\"inLanguage\":\"de-CH\",\"@id\":\"https:\/\/beewebs.com\/#\/schema\/logo\/image\/\",\"url\":\"https:\/\/beewebs.com\/wp-content\/uploads\/sites\/130\/2025\/06\/BeeWebs-news.png\",\"contentUrl\":\"https:\/\/beewebs.com\/wp-content\/uploads\/sites\/130\/2025\/06\/BeeWebs-news.png\",\"width\":180,\"height\":60,\"caption\":\"BeeWebs\"},\"image\":{\"@id\":\"https:\/\/beewebs.com\/#\/schema\/logo\/image\/\"}}]}<\/script>\n<!-- \/ Yoast SEO plugin. -->","yoast_head_json":{"title":"Termos de Uso\u00a0 - BeeWebs","robots":{"index":"index","follow":"follow","max-snippet":"max-snippet:-1","max-image-preview":"max-image-preview:large","max-video-preview":"max-video-preview:-1"},"canonical":"https:\/\/beewebs.com\/de\/terms\/","og_locale":"de_DE","og_type":"article","og_title":"Termos de Uso\u00a0 - BeeWebs","og_description":"Atualizado em 13 de mar\u00e7o de 2026 O Beewebs, acess\u00edvel em https:\/\/beewebs.com\/, \u00e9 operado pela KHS M\u00eddia O\u00dc, empresa sediada [&hellip;]","og_url":"https:\/\/beewebs.com\/de\/terms\/","og_site_name":"BeeWebs","article_modified_time":"2026-03-13T18:26:47+00:00","twitter_card":"summary_large_image","twitter_misc":{"Est. reading time":"8 Minuten"},"schema":{"@context":"https:\/\/schema.org","@graph":[{"@type":"WebPage","@id":"https:\/\/beewebs.com\/terms\/","url":"https:\/\/beewebs.com\/terms\/","name":"Termos de Uso\u00a0 - BeeWebs","isPartOf":{"@id":"https:\/\/beewebs.com\/#website"},"datePublished":"2024-12-20T17:41:44+00:00","dateModified":"2026-03-13T18:26:47+00:00","breadcrumb":{"@id":"https:\/\/beewebs.com\/terms\/#breadcrumb"},"inLanguage":"de-CH","potentialAction":[{"@type":"ReadAction","target":["https:\/\/beewebs.com\/terms\/"]}]},{"@type":"BreadcrumbList","@id":"https:\/\/beewebs.com\/terms\/#breadcrumb","itemListElement":[{"@type":"ListItem","position":1,"name":"Home","item":"https:\/\/beewebs.com\/"},{"@type":"ListItem","position":2,"name":"Termos de Uso\u00a0"}]},{"@type":"WebSite","@id":"https:\/\/beewebs.com\/#website","url":"https:\/\/beewebs.com\/","name":"BeeWebs","description":"","publisher":{"@id":"https:\/\/beewebs.com\/#organization"},"potentialAction":[{"@type":"SearchAction","target":{"@type":"EntryPoint","urlTemplate":"https:\/\/beewebs.com\/?s={search_term_string}"},"query-input":"required name=search_term_string"}],"inLanguage":"de-CH"},{"@type":"Organization","@id":"https:\/\/beewebs.com\/#organization","name":"BeeWebs","url":"https:\/\/beewebs.com\/","logo":{"@type":"ImageObject","inLanguage":"de-CH","@id":"https:\/\/beewebs.com\/#\/schema\/logo\/image\/","url":"https:\/\/beewebs.com\/wp-content\/uploads\/sites\/130\/2025\/06\/BeeWebs-news.png","contentUrl":"https:\/\/beewebs.com\/wp-content\/uploads\/sites\/130\/2025\/06\/BeeWebs-news.png","width":180,"height":60,"caption":"BeeWebs"},"image":{"@id":"https:\/\/beewebs.com\/#\/schema\/logo\/image\/"}}]}},"uagb_featured_image_src":{"full":false,"thumbnail":false,"medium":false,"medium_large":false,"large":false,"1536x1536":false,"2048x2048":false,"trp-custom-language-flag":false},"uagb_author_info":{"display_name":"pedrosantosfirefe","author_link":"https:\/\/beewebs.com\/de\/author\/pedrosantosfirefe\/"},"uagb_comment_info":0,"uagb_excerpt":"Atualizado em 13 de mar\u00e7o de 2026 O Beewebs, acess\u00edvel em https:\/\/beewebs.com\/, \u00e9 operado pela KHS M\u00eddia O\u00dc, empresa sediada [&hellip;]","_links":{"self":[{"href":"https:\/\/beewebs.com\/de\/wp-json\/wp\/v2\/pages\/456"}],"collection":[{"href":"https:\/\/beewebs.com\/de\/wp-json\/wp\/v2\/pages"}],"about":[{"href":"https:\/\/beewebs.com\/de\/wp-json\/wp\/v2\/types\/page"}],"author":[{"embeddable":true,"href":"https:\/\/beewebs.com\/de\/wp-json\/wp\/v2\/users\/97"}],"replies":[{"embeddable":true,"href":"https:\/\/beewebs.com\/de\/wp-json\/wp\/v2\/comments?post=456"}],"version-history":[{"count":2,"href":"https:\/\/beewebs.com\/de\/wp-json\/wp\/v2\/pages\/456\/revisions"}],"predecessor-version":[{"id":10361,"href":"https:\/\/beewebs.com\/de\/wp-json\/wp\/v2\/pages\/456\/revisions\/10361"}],"wp:attachment":[{"href":"https:\/\/beewebs.com\/de\/wp-json\/wp\/v2\/media?parent=456"}],"curies":[{"name":"wp","href":"https:\/\/api.w.org\/{rel}","templated":true}]}}