{"id":452,"date":"2024-12-20T17:39:16","date_gmt":"2024-12-20T17:39:16","guid":{"rendered":"https:\/\/beewebs.com\/?page_id=452"},"modified":"2026-03-13T18:23:55","modified_gmt":"2026-03-13T18:23:55","slug":"contact","status":"publish","type":"page","link":"https:\/\/beewebs.com\/de\/contact\/","title":{"rendered":"Kontakt"},"content":{"rendered":"<p>Gibt es etwas, das Sie mitteilen oder fragen m\u00f6chten? Wir helfen Ihnen gerne weiter! Wenn Sie Fragen oder Anregungen haben oder uns Feedback geben m\u00f6chten, schreiben Sie uns einfach eine Nachricht. Wir sind immer offen f\u00fcr Ihr Feedback und versuchen st\u00e4ndig, unsere Inhalte zu verbessern, um Ihren Anforderungen besser gerecht zu werden. \u00dcber das unten stehende Kontaktformular k\u00f6nnen Sie uns eine Nachricht senden.<\/p>\n\n\n\n<p><\/p>\n\n\n<div class=\"wpforms-container wpforms-block wpforms-block-3b6f2a4b-1065-48bd-98c8-5d7c4ae5d007\" id=\"wpforms-9588\"><form id=\"wpforms-form-9588\" class=\"wpforms-validate wpforms-form wpforms-ajax-form\" data-formid=\"9588\" method=\"post\" enctype=\"multipart\/form-data\" action=\"\/de\/wp-json\/wp\/v2\/pages\/452\" data-token=\"d76cd159a6953c8dd94f93d45b7a7c44\" data-token-time=\"1777220147\" data-trp-original-action=\"\/de\/wp-json\/wp\/v2\/pages\/452\"><noscript class=\"wpforms-error-noscript\">Bitte aktivieren Sie JavaScript in Ihrem Browser, um dieses Formular fertigzustellen.<\/noscript><div class=\"wpforms-field-container\"><div id=\"wpforms-9588-field_1-container\" class=\"wpforms-field wpforms-field-name\" data-field-id=\"1\"><label class=\"wpforms-field-label\">Name <span class=\"wpforms-required-label\">*<\/span><\/label><div class=\"wpforms-field-row wpforms-field-medium\"><div class=\"wpforms-field-row-block wpforms-first wpforms-one-half\"><input type=\"text\" id=\"wpforms-9588-field_1\" class=\"wpforms-field-name-first wpforms-field-required\" name=\"wpforms[fields][1][first]\" required><label for=\"wpforms-9588-field_1\" class=\"wpforms-field-sublabel after\">Vorname<\/label><\/div><div class=\"wpforms-field-row-block wpforms-one-half\"><input type=\"text\" id=\"wpforms-9588-field_1-last\" class=\"wpforms-field-name-last wpforms-field-required\" name=\"wpforms[fields][1][last]\" required><label for=\"wpforms-9588-field_1-last\" class=\"wpforms-field-sublabel after\">Nachname<\/label><\/div><\/div><\/div><div id=\"wpforms-9588-field_2-container\" class=\"wpforms-field wpforms-field-email\" data-field-id=\"2\"><label class=\"wpforms-field-label\" for=\"wpforms-9588-field_2\">E-Mail <span class=\"wpforms-required-label\">*<\/span><\/label><input type=\"email\" id=\"wpforms-9588-field_2\" class=\"wpforms-field-medium wpforms-field-required\" name=\"wpforms[fields][2]\" spellcheck=\"false\" required><\/div>\t\t<div id=\"wpforms-9588-field_4-container\"\n\t\t\tclass=\"wpforms-field wpforms-field-text\"\n\t\t\tdata-field-type=\"text\"\n\t\t\tdata-field-id=\"4\"\n\t\t\t>\n\t\t\t<label class=\"wpforms-field-label\" for=\"wpforms-9588-field_4\" >Nachricht oder E-Mail<\/label>\n\t\t\t<input type=\"text\" id=\"wpforms-9588-field_4\" class=\"wpforms-field-medium\" name=\"wpforms[fields][4]\" >\n\t\t<\/div>\n\t\t<div id=\"wpforms-9588-field_3-container\" class=\"wpforms-field wpforms-field-textarea\" data-field-id=\"3\"><label class=\"wpforms-field-label\" for=\"wpforms-9588-field_3\">Kommentar oder Nachricht<\/label><textarea id=\"wpforms-9588-field_3\" class=\"wpforms-field-medium\" name=\"wpforms[fields][3]\" ><\/textarea><\/div><script>\n\t\t\t\t( function() {\n\t\t\t\t\tconst style = document.createElement( 'style' );\n\t\t\t\t\tstyle.appendChild( document.createTextNode( '#wpforms-9588-field_4-container { position: absolute !important; overflow: hidden !important; display: inline !important; height: 1px !important; width: 1px !important; z-index: -1000 !important; padding: 0 !important; } #wpforms-9588-field_4-container input { visibility: hidden; } #wpforms-conversational-form-page #wpforms-9588-field_4-container label { counter-increment: none; }' ) );\n\t\t\t\t\tdocument.head.appendChild( style );\n\t\t\t\t\tdocument.currentScript?.remove();\n\t\t\t\t} )();\n\t\t\t<\/script><\/div><!-- .wpforms-field-container --><div class=\"wpforms-submit-container\" ><input type=\"hidden\" name=\"wpforms[id]\" value=\"9588\"><input type=\"hidden\" name=\"page_title\" value=\"\"><input type=\"hidden\" name=\"page_url\" value=\"https:\/\/beewebs.com\/de\/wp-json\/wp\/v2\/pages\/452\"><input type=\"hidden\" name=\"url_referer\" value=\"\"><button type=\"submit\" name=\"wpforms[submit]\" id=\"wpforms-submit-9588\" class=\"wpforms-submit\" data-alt-text=\"Enviando\u2026\" data-submit-text=\"Enviar\" aria-live=\"assertive\" value=\"wpforms-submit\">Zum Senden<\/button><img loading=\"lazy\" decoding=\"async\" src=\"https:\/\/beewebs.com\/wp-content\/plugins\/wpforms-lite\/assets\/images\/submit-spin.svg\" class=\"wpforms-submit-spinner\" style=\"display: none;\" width=\"26\" height=\"26\" alt=\"Wird geladen\"><\/div><input type=\"hidden\" name=\"trp-form-language\" value=\"de\"\/><\/form><\/div>  <!-- .wpforms-container -->","protected":false},"excerpt":{"rendered":"<p>Existe algo que voc\u00ea gostaria de compartilhar ou perguntar? Estamos aqui para ajudar! Se tiver d\u00favidas, sugest\u00f5es ou quiser enviar [&hellip;]<\/p>","protected":false},"author":97,"featured_media":0,"parent":0,"menu_order":0,"comment_status":"closed","ping_status":"closed","template":"","meta":{"_uag_custom_page_level_css":"","site-sidebar-layout":"default","site-content-layout":"","ast-site-content-layout":"default","site-content-style":"default","site-sidebar-style":"default","ast-global-header-display":"","ast-banner-title-visibility":"","ast-main-header-display":"","ast-hfb-above-header-display":"","ast-hfb-below-header-display":"","ast-hfb-mobile-header-display":"","site-post-title":"","ast-breadcrumbs-content":"","ast-featured-img":"","footer-sml-layout":"","theme-transparent-header-meta":"","adv-header-id-meta":"","stick-header-meta":"","header-above-stick-meta":"","header-main-stick-meta":"","header-below-stick-meta":"","astra-migrate-meta-layouts":"set","ast-page-background-enabled":"default","ast-page-background-meta":{"desktop":{"background-color":"var(--ast-global-color-4)","background-image":"","background-repeat":"repeat","background-position":"center center","background-size":"auto","background-attachment":"scroll","background-type":"","background-media":"","overlay-type":"","overlay-color":"","overlay-opacity":"","overlay-gradient":""},"tablet":{"background-color":"","background-image":"","background-repeat":"repeat","background-position":"center center","background-size":"auto","background-attachment":"scroll","background-type":"","background-media":"","overlay-type":"","overlay-color":"","overlay-opacity":"","overlay-gradient":""},"mobile":{"background-color":"","background-image":"","background-repeat":"repeat","background-position":"center center","background-size":"auto","background-attachment":"scroll","background-type":"","background-media":"","overlay-type":"","overlay-color":"","overlay-opacity":"","overlay-gradient":""}},"ast-content-background-meta":{"desktop":{"background-color":"var(--ast-global-color-5)","background-image":"","background-repeat":"repeat","background-position":"center center","background-size":"auto","background-attachment":"scroll","background-type":"","background-media":"","overlay-type":"","overlay-color":"","overlay-opacity":"","overlay-gradient":""},"tablet":{"background-color":"var(--ast-global-color-5)","background-image":"","background-repeat":"repeat","background-position":"center center","background-size":"auto","background-attachment":"scroll","background-type":"","background-media":"","overlay-type":"","overlay-color":"","overlay-opacity":"","overlay-gradient":""},"mobile":{"background-color":"var(--ast-global-color-5)","background-image":"","background-repeat":"repeat","background-position":"center center","background-size":"auto","background-attachment":"scroll","background-type":"","background-media":"","overlay-type":"","overlay-color":"","overlay-opacity":"","overlay-gradient":""}},"footnotes":""},"yoast_head":"<!-- This site is optimized with the Yoast SEO plugin v23.3 - https:\/\/yoast.com\/wordpress\/plugins\/seo\/ -->\n<title>Contato - BeeWebs<\/title>\n<meta name=\"robots\" content=\"index, follow, max-snippet:-1, max-image-preview:large, max-video-preview:-1\" \/>\n<link rel=\"canonical\" href=\"https:\/\/beewebs.com\/de\/contact\/\" \/>\n<meta property=\"og:locale\" content=\"de_DE\" \/>\n<meta property=\"og:type\" content=\"article\" \/>\n<meta property=\"og:title\" content=\"Contato - BeeWebs\" \/>\n<meta property=\"og:description\" content=\"Existe algo que voc\u00ea gostaria de compartilhar ou perguntar? Estamos aqui para ajudar! Se tiver d\u00favidas, sugest\u00f5es ou quiser enviar [&hellip;]\" \/>\n<meta property=\"og:url\" content=\"https:\/\/beewebs.com\/de\/contact\/\" \/>\n<meta property=\"og:site_name\" content=\"BeeWebs\" \/>\n<meta property=\"article:modified_time\" content=\"2026-03-13T18:23:55+00:00\" \/>\n<meta name=\"twitter:card\" content=\"summary_large_image\" \/>\n<meta name=\"twitter:label1\" content=\"Est. reading time\" \/>\n\t<meta name=\"twitter:data1\" content=\"1 Minute\" \/>\n<script type=\"application\/ld+json\" class=\"yoast-schema-graph\">{\"@context\":\"https:\/\/schema.org\",\"@graph\":[{\"@type\":\"WebPage\",\"@id\":\"https:\/\/beewebs.com\/contact\/\",\"url\":\"https:\/\/beewebs.com\/contact\/\",\"name\":\"Contato - BeeWebs\",\"isPartOf\":{\"@id\":\"https:\/\/beewebs.com\/#website\"},\"datePublished\":\"2024-12-20T17:39:16+00:00\",\"dateModified\":\"2026-03-13T18:23:55+00:00\",\"breadcrumb\":{\"@id\":\"https:\/\/beewebs.com\/contact\/#breadcrumb\"},\"inLanguage\":\"de-CH\",\"potentialAction\":[{\"@type\":\"ReadAction\",\"target\":[\"https:\/\/beewebs.com\/contact\/\"]}]},{\"@type\":\"BreadcrumbList\",\"@id\":\"https:\/\/beewebs.com\/contact\/#breadcrumb\",\"itemListElement\":[{\"@type\":\"ListItem\",\"position\":1,\"name\":\"Home\",\"item\":\"https:\/\/beewebs.com\/\"},{\"@type\":\"ListItem\",\"position\":2,\"name\":\"Contato\"}]},{\"@type\":\"WebSite\",\"@id\":\"https:\/\/beewebs.com\/#website\",\"url\":\"https:\/\/beewebs.com\/\",\"name\":\"BeeWebs\",\"description\":\"\",\"publisher\":{\"@id\":\"https:\/\/beewebs.com\/#organization\"},\"potentialAction\":[{\"@type\":\"SearchAction\",\"target\":{\"@type\":\"EntryPoint\",\"urlTemplate\":\"https:\/\/beewebs.com\/?s={search_term_string}\"},\"query-input\":\"required name=search_term_string\"}],\"inLanguage\":\"de-CH\"},{\"@type\":\"Organization\",\"@id\":\"https:\/\/beewebs.com\/#organization\",\"name\":\"BeeWebs\",\"url\":\"https:\/\/beewebs.com\/\",\"logo\":{\"@type\":\"ImageObject\",\"inLanguage\":\"de-CH\",\"@id\":\"https:\/\/beewebs.com\/#\/schema\/logo\/image\/\",\"url\":\"https:\/\/beewebs.com\/wp-content\/uploads\/sites\/130\/2025\/06\/BeeWebs-news.png\",\"contentUrl\":\"https:\/\/beewebs.com\/wp-content\/uploads\/sites\/130\/2025\/06\/BeeWebs-news.png\",\"width\":180,\"height\":60,\"caption\":\"BeeWebs\"},\"image\":{\"@id\":\"https:\/\/beewebs.com\/#\/schema\/logo\/image\/\"}}]}<\/script>\n<!-- \/ Yoast SEO plugin. -->","yoast_head_json":{"title":"Contato - BeeWebs","robots":{"index":"index","follow":"follow","max-snippet":"max-snippet:-1","max-image-preview":"max-image-preview:large","max-video-preview":"max-video-preview:-1"},"canonical":"https:\/\/beewebs.com\/de\/contact\/","og_locale":"de_DE","og_type":"article","og_title":"Contato - BeeWebs","og_description":"Existe algo que voc\u00ea gostaria de compartilhar ou perguntar? Estamos aqui para ajudar! Se tiver d\u00favidas, sugest\u00f5es ou quiser enviar [&hellip;]","og_url":"https:\/\/beewebs.com\/de\/contact\/","og_site_name":"BeeWebs","article_modified_time":"2026-03-13T18:23:55+00:00","twitter_card":"summary_large_image","twitter_misc":{"Est. reading time":"1 Minute"},"schema":{"@context":"https:\/\/schema.org","@graph":[{"@type":"WebPage","@id":"https:\/\/beewebs.com\/contact\/","url":"https:\/\/beewebs.com\/contact\/","name":"Contato - BeeWebs","isPartOf":{"@id":"https:\/\/beewebs.com\/#website"},"datePublished":"2024-12-20T17:39:16+00:00","dateModified":"2026-03-13T18:23:55+00:00","breadcrumb":{"@id":"https:\/\/beewebs.com\/contact\/#breadcrumb"},"inLanguage":"de-CH","potentialAction":[{"@type":"ReadAction","target":["https:\/\/beewebs.com\/contact\/"]}]},{"@type":"BreadcrumbList","@id":"https:\/\/beewebs.com\/contact\/#breadcrumb","itemListElement":[{"@type":"ListItem","position":1,"name":"Home","item":"https:\/\/beewebs.com\/"},{"@type":"ListItem","position":2,"name":"Contato"}]},{"@type":"WebSite","@id":"https:\/\/beewebs.com\/#website","url":"https:\/\/beewebs.com\/","name":"BeeWebs","description":"","publisher":{"@id":"https:\/\/beewebs.com\/#organization"},"potentialAction":[{"@type":"SearchAction","target":{"@type":"EntryPoint","urlTemplate":"https:\/\/beewebs.com\/?s={search_term_string}"},"query-input":"required name=search_term_string"}],"inLanguage":"de-CH"},{"@type":"Organization","@id":"https:\/\/beewebs.com\/#organization","name":"BeeWebs","url":"https:\/\/beewebs.com\/","logo":{"@type":"ImageObject","inLanguage":"de-CH","@id":"https:\/\/beewebs.com\/#\/schema\/logo\/image\/","url":"https:\/\/beewebs.com\/wp-content\/uploads\/sites\/130\/2025\/06\/BeeWebs-news.png","contentUrl":"https:\/\/beewebs.com\/wp-content\/uploads\/sites\/130\/2025\/06\/BeeWebs-news.png","width":180,"height":60,"caption":"BeeWebs"},"image":{"@id":"https:\/\/beewebs.com\/#\/schema\/logo\/image\/"}}]}},"uagb_featured_image_src":{"full":false,"thumbnail":false,"medium":false,"medium_large":false,"large":false,"1536x1536":false,"2048x2048":false,"trp-custom-language-flag":false},"uagb_author_info":{"display_name":"pedrosantosfirefe","author_link":"https:\/\/beewebs.com\/de\/author\/pedrosantosfirefe\/"},"uagb_comment_info":0,"uagb_excerpt":"Existe algo que voc\u00ea gostaria de compartilhar ou perguntar? Estamos aqui para ajudar! Se tiver d\u00favidas, sugest\u00f5es ou quiser enviar [&hellip;]","_links":{"self":[{"href":"https:\/\/beewebs.com\/de\/wp-json\/wp\/v2\/pages\/452"}],"collection":[{"href":"https:\/\/beewebs.com\/de\/wp-json\/wp\/v2\/pages"}],"about":[{"href":"https:\/\/beewebs.com\/de\/wp-json\/wp\/v2\/types\/page"}],"author":[{"embeddable":true,"href":"https:\/\/beewebs.com\/de\/wp-json\/wp\/v2\/users\/97"}],"replies":[{"embeddable":true,"href":"https:\/\/beewebs.com\/de\/wp-json\/wp\/v2\/comments?post=452"}],"version-history":[{"count":2,"href":"https:\/\/beewebs.com\/de\/wp-json\/wp\/v2\/pages\/452\/revisions"}],"predecessor-version":[{"id":9591,"href":"https:\/\/beewebs.com\/de\/wp-json\/wp\/v2\/pages\/452\/revisions\/9591"}],"wp:attachment":[{"href":"https:\/\/beewebs.com\/de\/wp-json\/wp\/v2\/media?parent=452"}],"curies":[{"name":"wp","href":"https:\/\/api.w.org\/{rel}","templated":true}]}}