{"id":908,"date":"2024-12-30T13:00:18","date_gmt":"2024-12-30T13:00:18","guid":{"rendered":"https:\/\/beewebs.com\/?page_id=908"},"modified":"2024-12-30T13:00:19","modified_gmt":"2024-12-30T13:00:19","slug":"dmca","status":"publish","type":"page","link":"https:\/\/beewebs.com\/da\/dmca\/","title":{"rendered":"DMCA"},"content":{"rendered":"<h3 class=\"wp-block-heading\">Digital Millennium Copyright Act Politik<\/h3>\n\n\n\n<p>Velkommen til (&quot;BeeWebs.com&quot;). Vi respekterer andres intellektuelle ejendomsrettigheder, ligesom vi forventer, at andre respekterer vores rettigheder. I henhold til Digital Millennium Copyright Act, Title 17, United States Code, Section 512(c), kan en ophavsretsejer eller deres agent indsende en meddelelse om fjernelse til os via vores DMCA-agent, der er anf\u00f8rt nedenfor. Som internettjenesteudbyder er vi berettiget til at kr\u00e6ve immunitet fra n\u00e6vnte kr\u00e6nkelseskrav i henhold til &quot;safe harbor&quot;-bestemmelserne i DMCA. For at indsende et krav om kr\u00e6nkelse i god tro til os, skal du indsende en meddelelse til os, der angiver f\u00f8lgende oplysninger:<\/p>\n\n\n\n<p><strong>Meddelelse om kr\u00e6nkelse \u2013 krav<\/strong><\/p>\n\n\n\n<p>1. En fysisk eller elektronisk signatur fra ejeren af ophavsretten (eller en person, der er autoriseret til at handle p\u00e5 vegne af ejeren);<br>2. Identifikation af det ophavsretligt beskyttede v\u00e6rk, der h\u00e6vdes at v\u00e6re blevet kr\u00e6nket;<br>3. Identifikation af det kr\u00e6nkende materiale, der skal fjernes, og oplysninger, der er rimeligt tilstr\u00e6kkelige til, at tjenesteudbyderen kan finde materialet. [Indsend venligst URL&#039;en p\u00e5 den p\u00e5g\u00e6ldende side for at hj\u00e6lpe os med at identificere det tilsyneladende kr\u00e6nkende arbejde];<br>4. Oplysninger, der er rimeligt tilstr\u00e6kkelige til at give tjenesteudbyderen mulighed for at kontakte den klagende part, herunder dit navn, fysiske adresse, e-mailadresse, telefonnummer og faxnummer;<br>5. En erkl\u00e6ring om, at den klagende part har en god tro overbevisning om, at brugen af materialet er uautoriseret af copyright-agenten; og<br>6. En erkl\u00e6ring om, at oplysningerne i meddelelsen er n\u00f8jagtige, og at den klagende part er bemyndiget til at handle p\u00e5 vegne af copyright-indehaveren under straf for mened.<\/p>\n\n\n\n<p>Afsnit 17 USC \u00a7512(f) giver civile erstatningsstraffe, herunder omkostninger og advokatsal\u00e6rer, mod enhver person, der bevidst og v\u00e6sentligt giver en urigtig fremstilling af visse oplysninger i en meddelelse om kr\u00e6nkelse i henhold til 17 USC \u00a7512(c)(3).<\/p>\n\n\n\n<p>Send alle meddelelser om fjernelse via vores kontaktside. Send venligst via e-mail for hurtig opm\u00e6rksomhed.<\/p>\n\n\n\n<p>Bem\u00e6rk, at vi muligvis deler identiteten og oplysningerne i ethvert krav om kr\u00e6nkelse af ophavsret, vi modtager med den p\u00e5st\u00e5ede kr\u00e6nker. N\u00e5r du indsender et krav, forst\u00e5r du at acceptere og acceptere, at din identitet og krav kan kommunikeres til den p\u00e5st\u00e5ede kr\u00e6nker.<\/p>\n\n\n\n<p><strong>Indsigelse \u2013 Restaurering af materiale<\/strong><\/p>\n\n\n\n<p>Hvis du har modtaget en meddelelse om, at materiale er blevet fjernet p\u00e5 grund af et krav om kr\u00e6nkelse af ophavsretten, kan du give os en indsigelse i et fors\u00f8g p\u00e5 at f\u00e5 det p\u00e5g\u00e6ldende materiale gendannet til webstedet. Denne meddelelse skal gives skriftligt til vores DMCA-agent og skal i det v\u00e6sentlige indeholde f\u00f8lgende elementer i henhold til 17 USC Section 512(g)(3):<\/p>\n\n\n\n<p>1. Din fysiske eller elektroniske signatur.<br>2. En beskrivelse af det materiale, der er taget ned, og den oprindelige placering af materialet, f\u00f8r det blev taget ned.<br>3. En erkl\u00e6ring under straf for mened om, at du i god tro mener, at materialet er blevet fjernet eller deaktiveret som f\u00f8lge af fejl eller forkert identifikation af materialet, der skal fjernes eller deaktiveres.<br>4. Dit navn, din adresse og dit telefonnummer og en erkl\u00e6ring om, at du accepterer jurisdiktionen for den f\u00f8derale distriktsdomstol for det retskreds, hvor adressen er placeret (eller hvis du er uden for USA, at du giver dit samtykke til jurisdiktionen for ethvert retskreds, hvor tjenesteudbyderen kan findes), og at du vil acceptere forkyndelse af sagen fra den person eller virksomhed, der ikke har leveret den oprindelige.<br>5. Send din indsigelse via vores kontaktside. E-mail kan varmt anbefales.<\/p>\n\n\n\n<p><strong>Politik for gentagen kr\u00e6nkelse<\/strong><\/p>\n\n\n\n<p>Vi tager kr\u00e6nkelse af ophavsretten meget alvorligt. I overensstemmelse med politikken for gentagne kr\u00e6nkelser i Digital Millennium Copyright Act opretholder vi en liste over DMCA-meddelelser fra ophavsretsindehavere og g\u00f8r en god tro indsats for at identificere eventuelle gentagne kr\u00e6nkere. De, der overtr\u00e6der vores interne politik for gentagne overtr\u00e6delser, vil f\u00e5 deres konti lukket.<\/p>\n\n\n\n<p><strong>\u00c6ndringer<\/strong><\/p>\n\n\n\n<p>Vi forbeholder os retten til at \u00e6ndre indholdet af denne side og dens politik for h\u00e5ndtering af DMCA-krav til enhver tid uanset \u00e5rsag. Du opfordres til at vende tilbage for at gennemg\u00e5 denne politik ofte for eventuelle \u00e6ndringer.<\/p>","protected":false},"excerpt":{"rendered":"<p>Digital Millennium Copyright Act Policy Welcome to (the \u201dBeeWebs.com\u201d).We respect the intellectual property rights of others just as we expect [&hellip;]<\/p>","protected":false},"author":97,"featured_media":0,"parent":0,"menu_order":0,"comment_status":"closed","ping_status":"closed","template":"","meta":{"_uag_custom_page_level_css":"","site-sidebar-layout":"default","site-content-layout":"","ast-site-content-layout":"default","site-content-style":"default","site-sidebar-style":"default","ast-global-header-display":"","ast-banner-title-visibility":"","ast-main-header-display":"","ast-hfb-above-header-display":"","ast-hfb-below-header-display":"","ast-hfb-mobile-header-display":"","site-post-title":"","ast-breadcrumbs-content":"","ast-featured-img":"","footer-sml-layout":"","theme-transparent-header-meta":"","adv-header-id-meta":"","stick-header-meta":"","header-above-stick-meta":"","header-main-stick-meta":"","header-below-stick-meta":"","astra-migrate-meta-layouts":"set","ast-page-background-enabled":"default","ast-page-background-meta":{"desktop":{"background-color":"var(--ast-global-color-4)","background-image":"","background-repeat":"repeat","background-position":"center center","background-size":"auto","background-attachment":"scroll","background-type":"","background-media":"","overlay-type":"","overlay-color":"","overlay-opacity":"","overlay-gradient":""},"tablet":{"background-color":"","background-image":"","background-repeat":"repeat","background-position":"center center","background-size":"auto","background-attachment":"scroll","background-type":"","background-media":"","overlay-type":"","overlay-color":"","overlay-opacity":"","overlay-gradient":""},"mobile":{"background-color":"","background-image":"","background-repeat":"repeat","background-position":"center center","background-size":"auto","background-attachment":"scroll","background-type":"","background-media":"","overlay-type":"","overlay-color":"","overlay-opacity":"","overlay-gradient":""}},"ast-content-background-meta":{"desktop":{"background-color":"var(--ast-global-color-5)","background-image":"","background-repeat":"repeat","background-position":"center center","background-size":"auto","background-attachment":"scroll","background-type":"","background-media":"","overlay-type":"","overlay-color":"","overlay-opacity":"","overlay-gradient":""},"tablet":{"background-color":"var(--ast-global-color-5)","background-image":"","background-repeat":"repeat","background-position":"center center","background-size":"auto","background-attachment":"scroll","background-type":"","background-media":"","overlay-type":"","overlay-color":"","overlay-opacity":"","overlay-gradient":""},"mobile":{"background-color":"var(--ast-global-color-5)","background-image":"","background-repeat":"repeat","background-position":"center center","background-size":"auto","background-attachment":"scroll","background-type":"","background-media":"","overlay-type":"","overlay-color":"","overlay-opacity":"","overlay-gradient":""}},"footnotes":""},"yoast_head":"<!-- This site is optimized with the Yoast SEO plugin v23.3 - https:\/\/yoast.com\/wordpress\/plugins\/seo\/ -->\n<title>DMCA - BeeWebs<\/title>\n<meta name=\"robots\" content=\"index, follow, max-snippet:-1, max-image-preview:large, max-video-preview:-1\" \/>\n<link rel=\"canonical\" href=\"https:\/\/beewebs.com\/da\/dmca\/\" \/>\n<meta property=\"og:locale\" content=\"da_DK\" \/>\n<meta property=\"og:type\" content=\"article\" \/>\n<meta property=\"og:title\" content=\"DMCA - BeeWebs\" \/>\n<meta property=\"og:description\" content=\"Digital Millennium Copyright Act Policy Welcome to (the \u201dBeeWebs.com\u201d).We respect the intellectual property rights of others just as we expect [&hellip;]\" \/>\n<meta property=\"og:url\" content=\"https:\/\/beewebs.com\/da\/dmca\/\" \/>\n<meta property=\"og:site_name\" content=\"BeeWebs\" \/>\n<meta property=\"article:modified_time\" content=\"2024-12-30T13:00:19+00:00\" \/>\n<meta name=\"twitter:card\" content=\"summary_large_image\" \/>\n<meta name=\"twitter:label1\" content=\"Est. reading time\" \/>\n\t<meta name=\"twitter:data1\" content=\"3 minutter\" \/>\n<script type=\"application\/ld+json\" class=\"yoast-schema-graph\">{\"@context\":\"https:\/\/schema.org\",\"@graph\":[{\"@type\":\"WebPage\",\"@id\":\"https:\/\/beewebs.com\/dmca\/\",\"url\":\"https:\/\/beewebs.com\/dmca\/\",\"name\":\"DMCA - BeeWebs\",\"isPartOf\":{\"@id\":\"https:\/\/beewebs.com\/#website\"},\"datePublished\":\"2024-12-30T13:00:18+00:00\",\"dateModified\":\"2024-12-30T13:00:19+00:00\",\"breadcrumb\":{\"@id\":\"https:\/\/beewebs.com\/dmca\/#breadcrumb\"},\"inLanguage\":\"da-DK\",\"potentialAction\":[{\"@type\":\"ReadAction\",\"target\":[\"https:\/\/beewebs.com\/dmca\/\"]}]},{\"@type\":\"BreadcrumbList\",\"@id\":\"https:\/\/beewebs.com\/dmca\/#breadcrumb\",\"itemListElement\":[{\"@type\":\"ListItem\",\"position\":1,\"name\":\"Home\",\"item\":\"https:\/\/beewebs.com\/\"},{\"@type\":\"ListItem\",\"position\":2,\"name\":\"DMCA\"}]},{\"@type\":\"WebSite\",\"@id\":\"https:\/\/beewebs.com\/#website\",\"url\":\"https:\/\/beewebs.com\/\",\"name\":\"BeeWebs\",\"description\":\"\",\"publisher\":{\"@id\":\"https:\/\/beewebs.com\/#organization\"},\"potentialAction\":[{\"@type\":\"SearchAction\",\"target\":{\"@type\":\"EntryPoint\",\"urlTemplate\":\"https:\/\/beewebs.com\/?s={search_term_string}\"},\"query-input\":\"required name=search_term_string\"}],\"inLanguage\":\"da-DK\"},{\"@type\":\"Organization\",\"@id\":\"https:\/\/beewebs.com\/#organization\",\"name\":\"BeeWebs\",\"url\":\"https:\/\/beewebs.com\/\",\"logo\":{\"@type\":\"ImageObject\",\"inLanguage\":\"da-DK\",\"@id\":\"https:\/\/beewebs.com\/#\/schema\/logo\/image\/\",\"url\":\"https:\/\/beewebs.com\/wp-content\/uploads\/sites\/130\/2025\/06\/BeeWebs-news.png\",\"contentUrl\":\"https:\/\/beewebs.com\/wp-content\/uploads\/sites\/130\/2025\/06\/BeeWebs-news.png\",\"width\":180,\"height\":60,\"caption\":\"BeeWebs\"},\"image\":{\"@id\":\"https:\/\/beewebs.com\/#\/schema\/logo\/image\/\"}}]}<\/script>\n<!-- \/ Yoast SEO plugin. -->","yoast_head_json":{"title":"DMCA - BeeWebs","robots":{"index":"index","follow":"follow","max-snippet":"max-snippet:-1","max-image-preview":"max-image-preview:large","max-video-preview":"max-video-preview:-1"},"canonical":"https:\/\/beewebs.com\/da\/dmca\/","og_locale":"da_DK","og_type":"article","og_title":"DMCA - BeeWebs","og_description":"Digital Millennium Copyright Act Policy Welcome to (the \u201dBeeWebs.com\u201d).We respect the intellectual property rights of others just as we expect [&hellip;]","og_url":"https:\/\/beewebs.com\/da\/dmca\/","og_site_name":"BeeWebs","article_modified_time":"2024-12-30T13:00:19+00:00","twitter_card":"summary_large_image","twitter_misc":{"Est. reading time":"3 minutter"},"schema":{"@context":"https:\/\/schema.org","@graph":[{"@type":"WebPage","@id":"https:\/\/beewebs.com\/dmca\/","url":"https:\/\/beewebs.com\/dmca\/","name":"DMCA - BeeWebs","isPartOf":{"@id":"https:\/\/beewebs.com\/#website"},"datePublished":"2024-12-30T13:00:18+00:00","dateModified":"2024-12-30T13:00:19+00:00","breadcrumb":{"@id":"https:\/\/beewebs.com\/dmca\/#breadcrumb"},"inLanguage":"da-DK","potentialAction":[{"@type":"ReadAction","target":["https:\/\/beewebs.com\/dmca\/"]}]},{"@type":"BreadcrumbList","@id":"https:\/\/beewebs.com\/dmca\/#breadcrumb","itemListElement":[{"@type":"ListItem","position":1,"name":"Home","item":"https:\/\/beewebs.com\/"},{"@type":"ListItem","position":2,"name":"DMCA"}]},{"@type":"WebSite","@id":"https:\/\/beewebs.com\/#website","url":"https:\/\/beewebs.com\/","name":"BeeWebs","description":"","publisher":{"@id":"https:\/\/beewebs.com\/#organization"},"potentialAction":[{"@type":"SearchAction","target":{"@type":"EntryPoint","urlTemplate":"https:\/\/beewebs.com\/?s={search_term_string}"},"query-input":"required name=search_term_string"}],"inLanguage":"da-DK"},{"@type":"Organization","@id":"https:\/\/beewebs.com\/#organization","name":"BeeWebs","url":"https:\/\/beewebs.com\/","logo":{"@type":"ImageObject","inLanguage":"da-DK","@id":"https:\/\/beewebs.com\/#\/schema\/logo\/image\/","url":"https:\/\/beewebs.com\/wp-content\/uploads\/sites\/130\/2025\/06\/BeeWebs-news.png","contentUrl":"https:\/\/beewebs.com\/wp-content\/uploads\/sites\/130\/2025\/06\/BeeWebs-news.png","width":180,"height":60,"caption":"BeeWebs"},"image":{"@id":"https:\/\/beewebs.com\/#\/schema\/logo\/image\/"}}]}},"uagb_featured_image_src":{"full":false,"thumbnail":false,"medium":false,"medium_large":false,"large":false,"1536x1536":false,"2048x2048":false,"trp-custom-language-flag":false},"uagb_author_info":{"display_name":"pedrosantosfirefe","author_link":"https:\/\/beewebs.com\/da\/author\/pedrosantosfirefe\/"},"uagb_comment_info":0,"uagb_excerpt":"Digital Millennium Copyright Act Policy Welcome to (the \u201dBeeWebs.com\u201d).We respect the intellectual property rights of others just as we expect [&hellip;]","_links":{"self":[{"href":"https:\/\/beewebs.com\/da\/wp-json\/wp\/v2\/pages\/908"}],"collection":[{"href":"https:\/\/beewebs.com\/da\/wp-json\/wp\/v2\/pages"}],"about":[{"href":"https:\/\/beewebs.com\/da\/wp-json\/wp\/v2\/types\/page"}],"author":[{"embeddable":true,"href":"https:\/\/beewebs.com\/da\/wp-json\/wp\/v2\/users\/97"}],"replies":[{"embeddable":true,"href":"https:\/\/beewebs.com\/da\/wp-json\/wp\/v2\/comments?post=908"}],"version-history":[{"count":1,"href":"https:\/\/beewebs.com\/da\/wp-json\/wp\/v2\/pages\/908\/revisions"}],"predecessor-version":[{"id":909,"href":"https:\/\/beewebs.com\/da\/wp-json\/wp\/v2\/pages\/908\/revisions\/909"}],"wp:attachment":[{"href":"https:\/\/beewebs.com\/da\/wp-json\/wp\/v2\/media?parent=908"}],"curies":[{"name":"wp","href":"https:\/\/api.w.org\/{rel}","templated":true}]}}