{"id":456,"date":"2024-12-20T17:41:44","date_gmt":"2024-12-20T17:41:44","guid":{"rendered":"https:\/\/beewebs.com\/?page_id=456"},"modified":"2026-03-13T18:26:47","modified_gmt":"2026-03-13T18:26:47","slug":"terms","status":"publish","type":"page","link":"https:\/\/beewebs.com\/da\/terms\/","title":{"rendered":"Brugsbetingelser\u00a0"},"content":{"rendered":"<p>Opdateret den 13. marts 2026<\/p>\n\n\n\n<p>Beewebs, tilg\u00e6ngelig p\u00e5<a href=\"https:\/\/beewebs.com\/da\/\"> https:\/\/beewebs.com\/<\/a>Denne platform drives af KHS Media O\u00dc, en virksomhed med base i Harju maakond, Tallinn, Kristiine linnaosa, Kotkapoja tn 2a-10, 10615, registreret i det estiske handelsregister under kode 16703073. Platformen udgiver uafh\u00e6ngigt skrevet, forskningsbaseret indhold med fokus p\u00e5 en r\u00e6kke nicher, herunder praktiske tips, app-anmeldelser, kurser, finansiering (s\u00e5som l\u00e5n og kredittjenester), karrierevejledning, livsstil og produkter, der er relevante for et globalt publikum. Vores artikler er skabt for at informere og hj\u00e6lpe l\u00e6serne med at tr\u00e6ffe informerede beslutninger og d\u00e6kker forskellige emner, lige fra uddannelses- og karrieremuligheder til teknologivejledninger, serviceanmeldelser og generelle \u00f8konomiske planl\u00e6gningskoncepter, indhentet fra verificerede offentlige oplysninger.<\/p>\n\n\n\n<p>Vi mener, at adgang til klar og p\u00e5lidelig information om uddannelse, digitale v\u00e6rkt\u00f8jer, \u00f8konomi og faglig udvikling spiller en vigtig rolle i hverdagen. Vores mission er at g\u00f8re information mere gennemsigtig, p\u00e5lidelig og oprigtigt nyttig for l\u00e6sere, der s\u00f8ger klarhed, f\u00f8r de engagerer sig i en tjeneste, et produkt eller en mulighed.<\/p>\n\n\n\n<p><strong>Global indholdsmeddelelse og ansvarsfraskrivelse:<\/strong> Beewebs fokuserer p\u00e5 at levere informativt indhold om en bred vifte af emner og tjenester, der er tilg\u00e6ngelige p\u00e5 forskellige globale markeder. Selvom vi str\u00e6ber efter at afspejle n\u00f8jagtig praksis og information, varierer servicevilk\u00e5r, ans\u00f8gningskrav, kursustilg\u00e6ngelighed, regler for berettigelse og forbrugerbeskyttelse betydeligt mellem lande og udbydere og kan \u00e6ndre sig over tid. Oplysningerne p\u00e5 dette websted er kun til uddannelsesm\u00e6ssige form\u00e5l og erstatter ikke officielle oplysninger, kontraktlig dokumentation eller professionel r\u00e5dgivning (uanset om det er \u00f8konomisk, juridisk eller karriererelateret). L\u00e6sere opfordres til at verificere alle detaljer direkte med de autoriserede institutioner, udviklere eller tjenesteudbydere, f\u00f8r de tr\u00e6ffer nogen beslutninger.<\/p>\n\n\n\n<p>Alt indhold, der udgives p\u00e5 denne platform, er udviklet af Beewebs&#039; uafh\u00e6ngige redaktionelle team. Alt, hvad du l\u00e6ser, er skabt uden direkte indflydelse fra l\u00e5ngivere, uddannelsesinstitutioner, app-udviklere eller tjenesteudbydere. Hver artikel er skrevet og anmeldt for l\u00e6sere, der s\u00f8ger forst\u00e5elig, forskningsbaseret information.<\/p>\n\n\n\n<p>Ved at bruge Beewebs accepterer du de politikker, juridiske meddelelser og brugsbetingelser, der pr\u00e6senteres p\u00e5 vores platform. I dette dokument og p\u00e5 hele webstedet henviser udtrykkene &quot;vi&quot;, &quot;vores&quot; og &quot;vores&quot; til Beewebs og dets redaktionelle bidragydere.<\/p>\n\n\n\n<p>Selvom visse artikler kan henvise til specifikke apps, uddannelsesinstitutioner, l\u00e5neudbydere eller tjenester, der opererer internationalt, hverken s\u00e6lger, administrerer, organiserer eller st\u00f8tter vi tredjepartsprodukter eller -tjenester. Vi er ikke tilknyttet nogen udvikler, finansiel institution, uddannelsesplatform eller regulerende myndighed, der er n\u00e6vnt i vores indhold. Beewebs tilbyder ikke direkte tilbud, godkendelser, \u00f8konomisk r\u00e5dgivning eller personlige anbefalinger. Vi tilbyder heller ikke kundesupport til tredjepartstjenester.<\/p>\n\n\n\n<p>Beewebs underst\u00f8ttes af annoncering leveret af Google AdSense, hvilket giver os mulighed for at holde vores indhold gratis at tilg\u00e5. Annoncerne vises automatisk af Google og er tydeligt adskilt fra det redaktionelle indhold. Vi modtager ikke provision for servicegodkendelser, registreringer eller henvisninger gennem disse annoncer. Redaktionel uafh\u00e6ngighed forbliver intakt og p\u00e5virkes ikke af annonceringsplacering.<\/p>\n\n\n\n<p><strong>Meddelelse om ophavsret:<\/strong> Alt skriftligt indhold, struktur og originalmaterialer udgivet i<a href=\"https:\/\/beewebs.com\/da\/\"> https:\/\/beewebs.com\/<\/a> er beskyttet af g\u00e6ldende ophavsretslovgivning. Du m\u00e5 henvise til eller citere vores materialer med korrekt kildeangivelse og et link til den oprindelige kilde. Uautoriseret gengivelse, kopiering eller videredistribution er forbudt. Logoer, navne og tredjepartsmaterialer, der henvises til i vores artikler, forbliver deres respektive ejeres ejendom og bruges udelukkende til identifikations- og informationsform\u00e5l i henhold til g\u00e6ldende principper for fair use.<em>rimelig brug<\/em>).<\/p>\n\n\n\n<p>L\u00c6S VORES BRUGSVILK\u00c5R OMHYGGELIGT. HVIS DU IKKE ER ENIG I NOGEN DEL AF DISSE VILK\u00c5R, BEDES DU IKKE AT BRUGE Beewebs ELLER NOGET AF DENS INDHOLD.<\/p>\n\n\n\n<p><strong>Artikel I \u2013 Brugeraftale<\/strong><\/p>\n\n\n\n<p>1.1 N\u00e5r du tilg\u00e5r Beewebs-platformen i<a href=\"https:\/\/beewebs.com\/da\/\"> https:\/\/beewebs.com\/<\/a>Ved at g\u00f8re dette bekr\u00e6fter du, at du har l\u00e6st, forst\u00e5et og accepteret brugsbetingelserne. Dette dokument fastl\u00e6gger de juridiske rammer for din adgang til og interaktion med alt indhold, ressourcer og tjenester leveret af Beewebs.<\/p>\n\n\n\n<p>1.2 Ved at bruge denne hjemmeside bekr\u00e6fter du yderligere, at du er mindst 18 \u00e5r gammel. Fortsat brug af platformen betyder din informerede og frivillige accept af alle g\u00e6ldende vilk\u00e5r og betingelser.<\/p>\n\n\n\n<p><strong>Artikel II \u2013 Kommunikation og st\u00f8tte<\/strong><\/p>\n\n\n\n<p>2.1 For supportanmodninger, problemrapporter eller generelle forslag vedr\u00f8rende platformen opfordres brugerne til at kontakte os via vores officielle kontaktformular p\u00e5 [link til kontaktformular]. <a href=\"https:\/\/beewebs.com\/da\/contact\/\">https:\/\/beewebs.com\/contact<\/a> .<\/p>\n\n\n\n<p><strong>Artikel III \u2013 Brugerens og platformens ansvar<\/strong><\/p>\n\n\n\n<p>3.1 Beewebs kan inkludere hyperlinks til eksterne websteder eller digitale tjenester som en bekvemmelighed for brugerne. Disse tredjepartslinks leveres udelukkende til orientering. Beewebs ejer, driver, sponsorerer eller st\u00f8tter formelt ikke noget tredjepartsindhold, -tjenester eller -platforme, der m\u00e5tte blive refereret til.<\/p>\n\n\n\n<p>3.2 Brugere, der v\u00e6lger at tilg\u00e5 eksterne platforme, der er linket fra Beewebs, p\u00e5tager sig det fulde ansvar for at gennemg\u00e5 de g\u00e6ldende vilk\u00e5r for disse eksterne enheder. Beewebs p\u00e5tager sig intet ansvar for driften, n\u00f8jagtigheden eller de juridiske politikker p\u00e5 tredjepartswebsteder. S\u00e5danne interaktioner udf\u00f8res udelukkende p\u00e5 brugerens egen risiko.<\/p>\n\n\n\n<p>3.3 Beewebs bruger reklametjenester som f.eks. Google AdSense. Tilstedev\u00e6relsen af annoncer p\u00e5 vores portal er udelukkende kommerciel og repr\u00e6senterer ikke en godkendelse mellem Beewebs og de annoncerede brands. Interaktion med enhver reklame er brugerens eget ansvar.<\/p>\n\n\n\n<p>3.4 Adgang til Beewebs er gratis. Vi anmoder ikke om donationer, tilbyder ikke abonnementsniveauer eller opkr\u00e6ver betaling for brugen af vores informative indhold. Enhver betalingsanmodning, der pr\u00e6senteres som v\u00e6rende fra Beewebs, b\u00f8r betragtes som svigagtig.<\/p>\n\n\n\n<p><strong>Artikel IV \u2013 Forbudt adf\u00e6rd<\/strong><\/p>\n\n\n\n<p>Beewebs forbyder strengt f\u00f8lgende handlinger p\u00e5 sin platform:<\/p>\n\n\n\n<ul>\n<li><strong>Involvering i ulovlig aktivitet:<\/strong> Brug af platformen til at fremme, opmuntre til eller koordinere enhver form for ulovlig adf\u00e6rd.<\/li>\n\n\n\n<li><strong>Kr\u00e6nkelse af intellektuelle ejendomsrettigheder:<\/strong> Det er forbudt at kopiere, reproducere eller genudgive vores materiale uden forudg\u00e5ende skriftlig tilladelse.<\/li>\n\n\n\n<li><strong>\u00c6rekr\u00e6nkende eller kr\u00e6nkende adf\u00e6rd:<\/strong> Chikane, hadefuld tale eller truende kommentarer.<\/li>\n\n\n\n<li><strong>Spredning af skadelig kode:<\/strong> Distribution af enhver form for uautoriseret malware, virus eller sporingsv\u00e6rkt\u00f8jer.<\/li>\n\n\n\n<li><strong>Svigagtig adf\u00e6rd:<\/strong> Phishing-fors\u00f8g, identitetstyveri eller fors\u00f8g p\u00e5 at omg\u00e5 Beewebs sikkerhedsfunktioner.<\/li>\n<\/ul>\n\n\n\n<p><strong>Artikel V \u2013 Ansvarsfraskrivelse og ansvarsbegr\u00e6nsning<\/strong><\/p>\n\n\n\n<p>Alle oplysninger og ressourcer leveret af Beewebs tilbydes &quot;som de er&quot; (<em>som det er<\/em>) og &quot;som tilg\u00e6ngelig&quot;, uden nogen udtrykkelige eller underforst\u00e5ede garantier.<\/p>\n\n\n\n<p>Ved at tilg\u00e5 og bruge Beewebs g\u00f8r du det frivilligt og p\u00e5 egen risiko. I det videst mulige omfang tilladt af g\u00e6ldende lov er Beewebs og dets samarbejdspartnere ikke ansvarlige for direkte, indirekte, tilf\u00e6ldige eller f\u00f8lgeskader, der opst\u00e5r som f\u00f8lge af din adgang til eller brug af platformen. Dette inkluderer, men er ikke begr\u00e6nset til: \u00f8konomiske tab som f\u00f8lge af beslutninger baseret p\u00e5 vores informationsindhold, tekniske afbrydelser eller konsekvenser, der opst\u00e5r som f\u00f8lge af interaktion med tredjepartslinks.<\/p>\n\n\n\n<p><strong>Artikel VI \u2013 Varighed og juridisk l\u00f8betid<\/strong><\/p>\n\n\n\n<p>Alle bestemmelser i disse brugsbetingelser forbliver juridisk bindende i hele brugerens interaktion med platformen. I tilf\u00e6lde af enhver tvist, der opst\u00e5r som f\u00f8lge af brugen af Beewebs, skal brugerne indgive ethvert formelt krav inden for et (1) \u00e5r fra den dato, hvor problemet f\u00f8rst opstod.<\/p>\n\n\n\n<p><strong>Artikel VII \u2013 G\u00e6ldende lov og jurisdiktion<\/strong><\/p>\n\n\n\n<p><strong>7.1 G\u00e6ldende lov<\/strong> Disse brugsbetingelser er underlagt og skal fortolkes i overensstemmelse med lovgivningen i Estland. Hvis du er forbruger bosiddende uden for Estland, fratager dette afsnit dig ikke den obligatoriske beskyttelse, der ydes dig i henhold til g\u00e6ldende forbrugerbeskyttelseslovgivning i dit bop\u00e6lsland.<\/p>\n\n\n\n<p><strong>7.2 Jurisdiktion<\/strong> Ved at bruge vores Tjenester accepterer du, at enhver retssag eller procedure, der m\u00e5tte opst\u00e5 som f\u00f8lge af disse Vilk\u00e5r, udelukkende vil blive anlagt ved de kompetente domstole i Tallinn, Estland.<\/p>\n\n\n\n<p><strong>7.3 Frafald af gruppes\u00f8gsm\u00e5l<\/strong> I det videst mulige omfang, der er tilladt i henhold til g\u00e6ldende lov, accepterer du, at enhver tvistbil\u00e6ggelsesprocedure udelukkende vil blive gennemf\u00f8rt p\u00e5 individuelt grundlag og ikke i et gruppes\u00f8gsm\u00e5l.<\/p>\n\n\n\n<p><strong>Artikel VIII \u2013 \u00c6ndringer af vilk\u00e5r og betingelser<\/strong><\/p>\n\n\n\n<p>Beewebs forbeholder sig den fulde ret til at revidere, \u00e6ndre eller oph\u00f8re med enhver del af sine brugsbetingelser til enhver tid. Fortsat adgang til platformen efter s\u00e5danne \u00e6ndringer udg\u00f8r udtrykkelig accept af de reviderede vilk\u00e5r.<\/p>\n\n\n\n<p><strong>Artikel IX \u2013 Kontaktoplysninger<\/strong><\/p>\n\n\n\n<p>Hvis du har sp\u00f8rgsm\u00e5l til disse vilk\u00e5r, bedes du kontakte os via vores officielle side:<a href=\"https:\/\/www.google.com\/search?q=https:\/\/beewebs.com\/contact&amp;authuser=1\"> https:\/\/beewebs.com\/contact<\/a>.<\/p>\n\n\n\n<p><strong>KHS Media O\u00dc<\/strong><br>Estisk virksomhedsregistreringskode: 16703073<br>Harju maakond, Tallinn, Kristiine linnaosa, Kotkapoja<br>tn 2a-10, 10615 Estland<\/p>\n\n\n\n<p><\/p>\n\n\n\n<p><\/p>","protected":false},"excerpt":{"rendered":"<p>Atualizado em 13 de mar\u00e7o de 2026 O Beewebs, acess\u00edvel em https:\/\/beewebs.com\/, \u00e9 operado pela KHS M\u00eddia O\u00dc, empresa sediada [&hellip;]<\/p>","protected":false},"author":97,"featured_media":0,"parent":0,"menu_order":0,"comment_status":"closed","ping_status":"closed","template":"","meta":{"_uag_custom_page_level_css":"","site-sidebar-layout":"default","site-content-layout":"","ast-site-content-layout":"default","site-content-style":"default","site-sidebar-style":"default","ast-global-header-display":"","ast-banner-title-visibility":"","ast-main-header-display":"","ast-hfb-above-header-display":"","ast-hfb-below-header-display":"","ast-hfb-mobile-header-display":"","site-post-title":"","ast-breadcrumbs-content":"","ast-featured-img":"","footer-sml-layout":"","theme-transparent-header-meta":"","adv-header-id-meta":"","stick-header-meta":"","header-above-stick-meta":"","header-main-stick-meta":"","header-below-stick-meta":"","astra-migrate-meta-layouts":"set","ast-page-background-enabled":"default","ast-page-background-meta":{"desktop":{"background-color":"var(--ast-global-color-4)","background-image":"","background-repeat":"repeat","background-position":"center center","background-size":"auto","background-attachment":"scroll","background-type":"","background-media":"","overlay-type":"","overlay-color":"","overlay-opacity":"","overlay-gradient":""},"tablet":{"background-color":"","background-image":"","background-repeat":"repeat","background-position":"center center","background-size":"auto","background-attachment":"scroll","background-type":"","background-media":"","overlay-type":"","overlay-color":"","overlay-opacity":"","overlay-gradient":""},"mobile":{"background-color":"","background-image":"","background-repeat":"repeat","background-position":"center center","background-size":"auto","background-attachment":"scroll","background-type":"","background-media":"","overlay-type":"","overlay-color":"","overlay-opacity":"","overlay-gradient":""}},"ast-content-background-meta":{"desktop":{"background-color":"var(--ast-global-color-5)","background-image":"","background-repeat":"repeat","background-position":"center center","background-size":"auto","background-attachment":"scroll","background-type":"","background-media":"","overlay-type":"","overlay-color":"","overlay-opacity":"","overlay-gradient":""},"tablet":{"background-color":"var(--ast-global-color-5)","background-image":"","background-repeat":"repeat","background-position":"center center","background-size":"auto","background-attachment":"scroll","background-type":"","background-media":"","overlay-type":"","overlay-color":"","overlay-opacity":"","overlay-gradient":""},"mobile":{"background-color":"var(--ast-global-color-5)","background-image":"","background-repeat":"repeat","background-position":"center center","background-size":"auto","background-attachment":"scroll","background-type":"","background-media":"","overlay-type":"","overlay-color":"","overlay-opacity":"","overlay-gradient":""}},"footnotes":""},"yoast_head":"<!-- This site is optimized with the Yoast SEO plugin v23.3 - https:\/\/yoast.com\/wordpress\/plugins\/seo\/ -->\n<title>Termos de Uso\u00a0 - BeeWebs<\/title>\n<meta name=\"robots\" content=\"index, follow, max-snippet:-1, max-image-preview:large, max-video-preview:-1\" \/>\n<link rel=\"canonical\" href=\"https:\/\/beewebs.com\/da\/terms\/\" \/>\n<meta property=\"og:locale\" content=\"da_DK\" \/>\n<meta property=\"og:type\" content=\"article\" \/>\n<meta property=\"og:title\" content=\"Termos de Uso\u00a0 - BeeWebs\" \/>\n<meta property=\"og:description\" content=\"Atualizado em 13 de mar\u00e7o de 2026 O Beewebs, acess\u00edvel em https:\/\/beewebs.com\/, \u00e9 operado pela KHS M\u00eddia O\u00dc, empresa sediada [&hellip;]\" \/>\n<meta property=\"og:url\" content=\"https:\/\/beewebs.com\/da\/terms\/\" \/>\n<meta property=\"og:site_name\" content=\"BeeWebs\" \/>\n<meta property=\"article:modified_time\" content=\"2026-03-13T18:26:47+00:00\" \/>\n<meta name=\"twitter:card\" content=\"summary_large_image\" \/>\n<meta name=\"twitter:label1\" content=\"Est. reading time\" \/>\n\t<meta name=\"twitter:data1\" content=\"8 minutter\" \/>\n<script type=\"application\/ld+json\" class=\"yoast-schema-graph\">{\"@context\":\"https:\/\/schema.org\",\"@graph\":[{\"@type\":\"WebPage\",\"@id\":\"https:\/\/beewebs.com\/terms\/\",\"url\":\"https:\/\/beewebs.com\/terms\/\",\"name\":\"Termos de Uso\u00a0 - BeeWebs\",\"isPartOf\":{\"@id\":\"https:\/\/beewebs.com\/#website\"},\"datePublished\":\"2024-12-20T17:41:44+00:00\",\"dateModified\":\"2026-03-13T18:26:47+00:00\",\"breadcrumb\":{\"@id\":\"https:\/\/beewebs.com\/terms\/#breadcrumb\"},\"inLanguage\":\"da-DK\",\"potentialAction\":[{\"@type\":\"ReadAction\",\"target\":[\"https:\/\/beewebs.com\/terms\/\"]}]},{\"@type\":\"BreadcrumbList\",\"@id\":\"https:\/\/beewebs.com\/terms\/#breadcrumb\",\"itemListElement\":[{\"@type\":\"ListItem\",\"position\":1,\"name\":\"Home\",\"item\":\"https:\/\/beewebs.com\/\"},{\"@type\":\"ListItem\",\"position\":2,\"name\":\"Termos de Uso\u00a0\"}]},{\"@type\":\"WebSite\",\"@id\":\"https:\/\/beewebs.com\/#website\",\"url\":\"https:\/\/beewebs.com\/\",\"name\":\"BeeWebs\",\"description\":\"\",\"publisher\":{\"@id\":\"https:\/\/beewebs.com\/#organization\"},\"potentialAction\":[{\"@type\":\"SearchAction\",\"target\":{\"@type\":\"EntryPoint\",\"urlTemplate\":\"https:\/\/beewebs.com\/?s={search_term_string}\"},\"query-input\":\"required name=search_term_string\"}],\"inLanguage\":\"da-DK\"},{\"@type\":\"Organization\",\"@id\":\"https:\/\/beewebs.com\/#organization\",\"name\":\"BeeWebs\",\"url\":\"https:\/\/beewebs.com\/\",\"logo\":{\"@type\":\"ImageObject\",\"inLanguage\":\"da-DK\",\"@id\":\"https:\/\/beewebs.com\/#\/schema\/logo\/image\/\",\"url\":\"https:\/\/beewebs.com\/wp-content\/uploads\/sites\/130\/2025\/06\/BeeWebs-news.png\",\"contentUrl\":\"https:\/\/beewebs.com\/wp-content\/uploads\/sites\/130\/2025\/06\/BeeWebs-news.png\",\"width\":180,\"height\":60,\"caption\":\"BeeWebs\"},\"image\":{\"@id\":\"https:\/\/beewebs.com\/#\/schema\/logo\/image\/\"}}]}<\/script>\n<!-- \/ Yoast SEO plugin. -->","yoast_head_json":{"title":"Termos de Uso\u00a0 - BeeWebs","robots":{"index":"index","follow":"follow","max-snippet":"max-snippet:-1","max-image-preview":"max-image-preview:large","max-video-preview":"max-video-preview:-1"},"canonical":"https:\/\/beewebs.com\/da\/terms\/","og_locale":"da_DK","og_type":"article","og_title":"Termos de Uso\u00a0 - BeeWebs","og_description":"Atualizado em 13 de mar\u00e7o de 2026 O Beewebs, acess\u00edvel em https:\/\/beewebs.com\/, \u00e9 operado pela KHS M\u00eddia O\u00dc, empresa sediada [&hellip;]","og_url":"https:\/\/beewebs.com\/da\/terms\/","og_site_name":"BeeWebs","article_modified_time":"2026-03-13T18:26:47+00:00","twitter_card":"summary_large_image","twitter_misc":{"Est. reading time":"8 minutter"},"schema":{"@context":"https:\/\/schema.org","@graph":[{"@type":"WebPage","@id":"https:\/\/beewebs.com\/terms\/","url":"https:\/\/beewebs.com\/terms\/","name":"Termos de Uso\u00a0 - BeeWebs","isPartOf":{"@id":"https:\/\/beewebs.com\/#website"},"datePublished":"2024-12-20T17:41:44+00:00","dateModified":"2026-03-13T18:26:47+00:00","breadcrumb":{"@id":"https:\/\/beewebs.com\/terms\/#breadcrumb"},"inLanguage":"da-DK","potentialAction":[{"@type":"ReadAction","target":["https:\/\/beewebs.com\/terms\/"]}]},{"@type":"BreadcrumbList","@id":"https:\/\/beewebs.com\/terms\/#breadcrumb","itemListElement":[{"@type":"ListItem","position":1,"name":"Home","item":"https:\/\/beewebs.com\/"},{"@type":"ListItem","position":2,"name":"Termos de Uso\u00a0"}]},{"@type":"WebSite","@id":"https:\/\/beewebs.com\/#website","url":"https:\/\/beewebs.com\/","name":"BeeWebs","description":"","publisher":{"@id":"https:\/\/beewebs.com\/#organization"},"potentialAction":[{"@type":"SearchAction","target":{"@type":"EntryPoint","urlTemplate":"https:\/\/beewebs.com\/?s={search_term_string}"},"query-input":"required name=search_term_string"}],"inLanguage":"da-DK"},{"@type":"Organization","@id":"https:\/\/beewebs.com\/#organization","name":"BeeWebs","url":"https:\/\/beewebs.com\/","logo":{"@type":"ImageObject","inLanguage":"da-DK","@id":"https:\/\/beewebs.com\/#\/schema\/logo\/image\/","url":"https:\/\/beewebs.com\/wp-content\/uploads\/sites\/130\/2025\/06\/BeeWebs-news.png","contentUrl":"https:\/\/beewebs.com\/wp-content\/uploads\/sites\/130\/2025\/06\/BeeWebs-news.png","width":180,"height":60,"caption":"BeeWebs"},"image":{"@id":"https:\/\/beewebs.com\/#\/schema\/logo\/image\/"}}]}},"uagb_featured_image_src":{"full":false,"thumbnail":false,"medium":false,"medium_large":false,"large":false,"1536x1536":false,"2048x2048":false,"trp-custom-language-flag":false},"uagb_author_info":{"display_name":"pedrosantosfirefe","author_link":"https:\/\/beewebs.com\/da\/author\/pedrosantosfirefe\/"},"uagb_comment_info":0,"uagb_excerpt":"Atualizado em 13 de mar\u00e7o de 2026 O Beewebs, acess\u00edvel em https:\/\/beewebs.com\/, \u00e9 operado pela KHS M\u00eddia O\u00dc, empresa sediada [&hellip;]","_links":{"self":[{"href":"https:\/\/beewebs.com\/da\/wp-json\/wp\/v2\/pages\/456"}],"collection":[{"href":"https:\/\/beewebs.com\/da\/wp-json\/wp\/v2\/pages"}],"about":[{"href":"https:\/\/beewebs.com\/da\/wp-json\/wp\/v2\/types\/page"}],"author":[{"embeddable":true,"href":"https:\/\/beewebs.com\/da\/wp-json\/wp\/v2\/users\/97"}],"replies":[{"embeddable":true,"href":"https:\/\/beewebs.com\/da\/wp-json\/wp\/v2\/comments?post=456"}],"version-history":[{"count":2,"href":"https:\/\/beewebs.com\/da\/wp-json\/wp\/v2\/pages\/456\/revisions"}],"predecessor-version":[{"id":10361,"href":"https:\/\/beewebs.com\/da\/wp-json\/wp\/v2\/pages\/456\/revisions\/10361"}],"wp:attachment":[{"href":"https:\/\/beewebs.com\/da\/wp-json\/wp\/v2\/media?parent=456"}],"curies":[{"name":"wp","href":"https:\/\/api.w.org\/{rel}","templated":true}]}}