{"id":447,"date":"2024-12-20T17:37:36","date_gmt":"2024-12-20T17:37:36","guid":{"rendered":"https:\/\/beewebs.com\/?page_id=447"},"modified":"2024-12-20T17:37:36","modified_gmt":"2024-12-20T17:37:36","slug":"sobre-nos","status":"publish","type":"page","link":"https:\/\/beewebs.com\/da\/sobre-nos\/","title":{"rendered":"Om os"},"content":{"rendered":"<p>Hos Beewebs mener vi, at adgang til digitale v\u00e6rkt\u00f8jer af h\u00f8j kvalitet er afg\u00f8rende for at optimere dit liv, inspirere til nye ideer og udvide din horisont. Vores mission er at unders\u00f8ge, teste og anbefale de bedste apps, der hj\u00e6lper dig med at finde effektive l\u00f8sninger, uanset om det er til arbejde, studier eller fritid.<\/p>\n\n\n\n<p>Vores team best\u00e5r af teknologientusiaster og eksperter, der er dedikerede til at give anbefalinger baseret p\u00e5 strenge kriterier. F\u00f8r vi foresl\u00e5r en app, evaluerer vi n\u00f8glepunkter s\u00e5som:<\/p>\n\n\n\n<ul>\n<li><strong>Nytte: <\/strong>Vi anbefaler kun apps, der lever op til deres l\u00f8fter og leverer reel v\u00e6rdi.<\/li>\n<\/ul>\n\n\n\n<ul>\n<li><strong>Sikkerhed og privatliv:<\/strong> Vi v\u00e6lger v\u00e6rkt\u00f8jer, der beskytter dine data og sikrer integriteten af dine oplysninger.<\/li>\n<\/ul>\n\n\n\n<ul>\n<li><strong>Brugeroplevelse:<\/strong> Vi prioriterer intuitive l\u00f8sninger med enkel navigation og flydende interaktion.<\/li>\n<\/ul>\n\n\n\n<ul>\n<li><strong>Pr\u00e6station:<\/strong> Vi anbefaler hurtige, stabile og p\u00e5lidelige applikationer, der optimerer din hverdag.<\/li>\n<\/ul>\n\n\n\n<p>Vores engagement er at v\u00e6re et referencepunkt og tillidspunkt, der hj\u00e6lper dig med at opdage nye muligheder, \u00f8ge din produktivitet og g\u00f8re teknologi til en konstant allieret p\u00e5 din rejse. Velkommen til Beewebs.<\/p>","protected":false},"excerpt":{"rendered":"<p>No Beewebs, acreditamos que o acesso a ferramentas digitais de qualidade \u00e9 fundamental para otimizar a&nbsp; vida, inspirar novas ideias [&hellip;]<\/p>","protected":false},"author":97,"featured_media":0,"parent":0,"menu_order":0,"comment_status":"closed","ping_status":"closed","template":"","meta":{"_uag_custom_page_level_css":"","site-sidebar-layout":"default","site-content-layout":"","ast-site-content-layout":"default","site-content-style":"default","site-sidebar-style":"default","ast-global-header-display":"","ast-banner-title-visibility":"","ast-main-header-display":"","ast-hfb-above-header-display":"","ast-hfb-below-header-display":"","ast-hfb-mobile-header-display":"","site-post-title":"","ast-breadcrumbs-content":"","ast-featured-img":"","footer-sml-layout":"","theme-transparent-header-meta":"","adv-header-id-meta":"","stick-header-meta":"","header-above-stick-meta":"","header-main-stick-meta":"","header-below-stick-meta":"","astra-migrate-meta-layouts":"set","ast-page-background-enabled":"default","ast-page-background-meta":{"desktop":{"background-color":"var(--ast-global-color-4)","background-image":"","background-repeat":"repeat","background-position":"center center","background-size":"auto","background-attachment":"scroll","background-type":"","background-media":"","overlay-type":"","overlay-color":"","overlay-opacity":"","overlay-gradient":""},"tablet":{"background-color":"","background-image":"","background-repeat":"repeat","background-position":"center center","background-size":"auto","background-attachment":"scroll","background-type":"","background-media":"","overlay-type":"","overlay-color":"","overlay-opacity":"","overlay-gradient":""},"mobile":{"background-color":"","background-image":"","background-repeat":"repeat","background-position":"center center","background-size":"auto","background-attachment":"scroll","background-type":"","background-media":"","overlay-type":"","overlay-color":"","overlay-opacity":"","overlay-gradient":""}},"ast-content-background-meta":{"desktop":{"background-color":"var(--ast-global-color-5)","background-image":"","background-repeat":"repeat","background-position":"center center","background-size":"auto","background-attachment":"scroll","background-type":"","background-media":"","overlay-type":"","overlay-color":"","overlay-opacity":"","overlay-gradient":""},"tablet":{"background-color":"var(--ast-global-color-5)","background-image":"","background-repeat":"repeat","background-position":"center center","background-size":"auto","background-attachment":"scroll","background-type":"","background-media":"","overlay-type":"","overlay-color":"","overlay-opacity":"","overlay-gradient":""},"mobile":{"background-color":"var(--ast-global-color-5)","background-image":"","background-repeat":"repeat","background-position":"center center","background-size":"auto","background-attachment":"scroll","background-type":"","background-media":"","overlay-type":"","overlay-color":"","overlay-opacity":"","overlay-gradient":""}},"footnotes":""},"yoast_head":"<!-- This site is optimized with the Yoast SEO plugin v23.3 - https:\/\/yoast.com\/wordpress\/plugins\/seo\/ -->\n<title>Sobre n\u00f3s - BeeWebs<\/title>\n<meta name=\"robots\" content=\"index, follow, max-snippet:-1, max-image-preview:large, max-video-preview:-1\" \/>\n<link rel=\"canonical\" href=\"https:\/\/beewebs.com\/da\/sobre-nos\/\" \/>\n<meta property=\"og:locale\" content=\"da_DK\" \/>\n<meta property=\"og:type\" content=\"article\" \/>\n<meta property=\"og:title\" content=\"Sobre n\u00f3s - BeeWebs\" \/>\n<meta property=\"og:description\" content=\"No Beewebs, acreditamos que o acesso a ferramentas digitais de qualidade \u00e9 fundamental para otimizar a&nbsp; vida, inspirar novas ideias [&hellip;]\" \/>\n<meta property=\"og:url\" content=\"https:\/\/beewebs.com\/da\/sobre-nos\/\" \/>\n<meta property=\"og:site_name\" content=\"BeeWebs\" \/>\n<meta name=\"twitter:card\" content=\"summary_large_image\" \/>\n<meta name=\"twitter:label1\" content=\"Est. reading time\" \/>\n\t<meta name=\"twitter:data1\" content=\"1 minut\" \/>\n<script type=\"application\/ld+json\" class=\"yoast-schema-graph\">{\"@context\":\"https:\/\/schema.org\",\"@graph\":[{\"@type\":\"WebPage\",\"@id\":\"https:\/\/beewebs.com\/sobre-nos\/\",\"url\":\"https:\/\/beewebs.com\/sobre-nos\/\",\"name\":\"Sobre n\u00f3s - BeeWebs\",\"isPartOf\":{\"@id\":\"https:\/\/beewebs.com\/#website\"},\"datePublished\":\"2024-12-20T17:37:36+00:00\",\"dateModified\":\"2024-12-20T17:37:36+00:00\",\"breadcrumb\":{\"@id\":\"https:\/\/beewebs.com\/sobre-nos\/#breadcrumb\"},\"inLanguage\":\"da-DK\",\"potentialAction\":[{\"@type\":\"ReadAction\",\"target\":[\"https:\/\/beewebs.com\/sobre-nos\/\"]}]},{\"@type\":\"BreadcrumbList\",\"@id\":\"https:\/\/beewebs.com\/sobre-nos\/#breadcrumb\",\"itemListElement\":[{\"@type\":\"ListItem\",\"position\":1,\"name\":\"Home\",\"item\":\"https:\/\/beewebs.com\/\"},{\"@type\":\"ListItem\",\"position\":2,\"name\":\"Sobre n\u00f3s\"}]},{\"@type\":\"WebSite\",\"@id\":\"https:\/\/beewebs.com\/#website\",\"url\":\"https:\/\/beewebs.com\/\",\"name\":\"BeeWebs\",\"description\":\"\",\"publisher\":{\"@id\":\"https:\/\/beewebs.com\/#organization\"},\"potentialAction\":[{\"@type\":\"SearchAction\",\"target\":{\"@type\":\"EntryPoint\",\"urlTemplate\":\"https:\/\/beewebs.com\/?s={search_term_string}\"},\"query-input\":\"required name=search_term_string\"}],\"inLanguage\":\"da-DK\"},{\"@type\":\"Organization\",\"@id\":\"https:\/\/beewebs.com\/#organization\",\"name\":\"BeeWebs\",\"url\":\"https:\/\/beewebs.com\/\",\"logo\":{\"@type\":\"ImageObject\",\"inLanguage\":\"da-DK\",\"@id\":\"https:\/\/beewebs.com\/#\/schema\/logo\/image\/\",\"url\":\"https:\/\/beewebs.com\/wp-content\/uploads\/sites\/130\/2025\/06\/BeeWebs-news.png\",\"contentUrl\":\"https:\/\/beewebs.com\/wp-content\/uploads\/sites\/130\/2025\/06\/BeeWebs-news.png\",\"width\":180,\"height\":60,\"caption\":\"BeeWebs\"},\"image\":{\"@id\":\"https:\/\/beewebs.com\/#\/schema\/logo\/image\/\"}}]}<\/script>\n<!-- \/ Yoast SEO plugin. -->","yoast_head_json":{"title":"Sobre n\u00f3s - BeeWebs","robots":{"index":"index","follow":"follow","max-snippet":"max-snippet:-1","max-image-preview":"max-image-preview:large","max-video-preview":"max-video-preview:-1"},"canonical":"https:\/\/beewebs.com\/da\/sobre-nos\/","og_locale":"da_DK","og_type":"article","og_title":"Sobre n\u00f3s - BeeWebs","og_description":"No Beewebs, acreditamos que o acesso a ferramentas digitais de qualidade \u00e9 fundamental para otimizar a&nbsp; vida, inspirar novas ideias [&hellip;]","og_url":"https:\/\/beewebs.com\/da\/sobre-nos\/","og_site_name":"BeeWebs","twitter_card":"summary_large_image","twitter_misc":{"Est. reading time":"1 minut"},"schema":{"@context":"https:\/\/schema.org","@graph":[{"@type":"WebPage","@id":"https:\/\/beewebs.com\/sobre-nos\/","url":"https:\/\/beewebs.com\/sobre-nos\/","name":"Sobre n\u00f3s - BeeWebs","isPartOf":{"@id":"https:\/\/beewebs.com\/#website"},"datePublished":"2024-12-20T17:37:36+00:00","dateModified":"2024-12-20T17:37:36+00:00","breadcrumb":{"@id":"https:\/\/beewebs.com\/sobre-nos\/#breadcrumb"},"inLanguage":"da-DK","potentialAction":[{"@type":"ReadAction","target":["https:\/\/beewebs.com\/sobre-nos\/"]}]},{"@type":"BreadcrumbList","@id":"https:\/\/beewebs.com\/sobre-nos\/#breadcrumb","itemListElement":[{"@type":"ListItem","position":1,"name":"Home","item":"https:\/\/beewebs.com\/"},{"@type":"ListItem","position":2,"name":"Sobre n\u00f3s"}]},{"@type":"WebSite","@id":"https:\/\/beewebs.com\/#website","url":"https:\/\/beewebs.com\/","name":"BeeWebs","description":"","publisher":{"@id":"https:\/\/beewebs.com\/#organization"},"potentialAction":[{"@type":"SearchAction","target":{"@type":"EntryPoint","urlTemplate":"https:\/\/beewebs.com\/?s={search_term_string}"},"query-input":"required name=search_term_string"}],"inLanguage":"da-DK"},{"@type":"Organization","@id":"https:\/\/beewebs.com\/#organization","name":"BeeWebs","url":"https:\/\/beewebs.com\/","logo":{"@type":"ImageObject","inLanguage":"da-DK","@id":"https:\/\/beewebs.com\/#\/schema\/logo\/image\/","url":"https:\/\/beewebs.com\/wp-content\/uploads\/sites\/130\/2025\/06\/BeeWebs-news.png","contentUrl":"https:\/\/beewebs.com\/wp-content\/uploads\/sites\/130\/2025\/06\/BeeWebs-news.png","width":180,"height":60,"caption":"BeeWebs"},"image":{"@id":"https:\/\/beewebs.com\/#\/schema\/logo\/image\/"}}]}},"uagb_featured_image_src":{"full":false,"thumbnail":false,"medium":false,"medium_large":false,"large":false,"1536x1536":false,"2048x2048":false,"trp-custom-language-flag":false},"uagb_author_info":{"display_name":"pedrosantosfirefe","author_link":"https:\/\/beewebs.com\/da\/author\/pedrosantosfirefe\/"},"uagb_comment_info":0,"uagb_excerpt":"No Beewebs, acreditamos que o acesso a ferramentas digitais de qualidade \u00e9 fundamental para otimizar a&nbsp; vida, inspirar novas ideias [&hellip;]","_links":{"self":[{"href":"https:\/\/beewebs.com\/da\/wp-json\/wp\/v2\/pages\/447"}],"collection":[{"href":"https:\/\/beewebs.com\/da\/wp-json\/wp\/v2\/pages"}],"about":[{"href":"https:\/\/beewebs.com\/da\/wp-json\/wp\/v2\/types\/page"}],"author":[{"embeddable":true,"href":"https:\/\/beewebs.com\/da\/wp-json\/wp\/v2\/users\/97"}],"replies":[{"embeddable":true,"href":"https:\/\/beewebs.com\/da\/wp-json\/wp\/v2\/comments?post=447"}],"version-history":[{"count":1,"href":"https:\/\/beewebs.com\/da\/wp-json\/wp\/v2\/pages\/447\/revisions"}],"predecessor-version":[{"id":448,"href":"https:\/\/beewebs.com\/da\/wp-json\/wp\/v2\/pages\/447\/revisions\/448"}],"wp:attachment":[{"href":"https:\/\/beewebs.com\/da\/wp-json\/wp\/v2\/media?parent=447"}],"curies":[{"name":"wp","href":"https:\/\/api.w.org\/{rel}","templated":true}]}}